{"id":81042,"date":"2023-10-20T13:03:25","date_gmt":"2023-10-20T16:03:25","guid":{"rendered":"https:\/\/asbaratas.com.br\/loja\/?post_type=product&#038;p=81042"},"modified":"2025-12-21T12:40:08","modified_gmt":"2025-12-21T15:40:08","slug":"bone-fighters-don","status":"publish","type":"product","link":"https:\/\/asbaratas.com.br\/loja\/produto\/bone-fighters-don\/","title":{"rendered":"BON\u00c9 \u2022 FIGHTERS DON"},"content":{"rendered":"<p>LUTADORES REVOLUCION\u00c1RIOS DA CLASSE TRABALHADORA UNI-VOS!<\/p>\n<p>&nbsp;<\/p>\n<p>Bon\u00e9 baseball aba reta fechado com aba ROXA em camur\u00e7a molhada com silk embaixo e frente em relevo e bordado de alta qualidade.<\/p>\n<p>Tamanho \u00fanico com regulagem.<\/p>\n","protected":false},"excerpt":{"rendered":"<p>LUTADORES REVOLUCION\u00c1RIOS DA CLASSE TRABALHADORA UNI-VOS! &nbsp; Bon\u00e9 baseball aba reta fechado com aba ROXA em camur\u00e7a molhada com silk embaixo e frente em relevo e bordado de alta qualidade. Tamanho \u00fanico com regulagem.<\/p>\n","protected":false},"featured_media":96000,"comment_status":"closed","ping_status":"closed","template":"","meta":[],"product_brand":[],"product_cat":[1491,1488],"product_tag":[1632,1633,1571,1575,1634,663],"class_list":{"0":"post-81042","1":"product","2":"type-product","3":"status-publish","4":"has-post-thumbnail","6":"product_cat-baseball-aba-reta","7":"product_cat-bone","8":"product_tag-canhota","9":"product_tag-canhoto","10":"product_tag-esquerda","11":"product_tag-fighters","12":"product_tag-rwcf","13":"product_tag-tmnt","14":"pa_artista-barata","15":"pa_tema-arte","16":"pa_tema-Cinema","17":"pa_tema-DesenhoAnimado","18":"pa_tema-Humor","19":"pa_tema-Mashup","20":"pa_tema-Parodia","21":"product_type-simple","22":"product_visibility-outofstock","34":"pa_tema-Desenho Animado","39":"first","40":"outofstock","41":"shipping-taxable","42":"purchasable","43":"product-type-simple"},"_links":{"self":[{"href":"https:\/\/asbaratas.com.br\/loja\/wp-json\/wp\/v2\/product\/81042","targetHints":{"allow":["GET"]}}],"collection":[{"href":"https:\/\/asbaratas.com.br\/loja\/wp-json\/wp\/v2\/product"}],"about":[{"href":"https:\/\/asbaratas.com.br\/loja\/wp-json\/wp\/v2\/types\/product"}],"replies":[{"embeddable":true,"href":"https:\/\/asbaratas.com.br\/loja\/wp-json\/wp\/v2\/comments?post=81042"}],"wp:featuredmedia":[{"embeddable":true,"href":"https:\/\/asbaratas.com.br\/loja\/wp-json\/wp\/v2\/media\/96000"}],"wp:attachment":[{"href":"https:\/\/asbaratas.com.br\/loja\/wp-json\/wp\/v2\/media?parent=81042"}],"wp:term":[{"taxonomy":"product_brand","embeddable":true,"href":"https:\/\/asbaratas.com.br\/loja\/wp-json\/wp\/v2\/product_brand?post=81042"},{"taxonomy":"product_cat","embeddable":true,"href":"https:\/\/asbaratas.com.br\/loja\/wp-json\/wp\/v2\/product_cat?post=81042"},{"taxonomy":"product_tag","embeddable":true,"href":"https:\/\/asbaratas.com.br\/loja\/wp-json\/wp\/v2\/product_tag?post=81042"}],"curies":[{"name":"wp","href":"https:\/\/api.w.org\/{rel}","templated":true}]}}