{"id":77834,"date":"2023-08-01T14:48:15","date_gmt":"2023-08-01T17:48:15","guid":{"rendered":"https:\/\/asbaratas.com.br\/loja\/?post_type=product&#038;p=77834"},"modified":"2025-12-10T19:42:48","modified_gmt":"2025-12-10T22:42:48","slug":"bone-n_power","status":"publish","type":"product","link":"https:\/\/asbaratas.com.br\/loja\/produto\/bone-n_power\/","title":{"rendered":"BON\u00c9 \u2022 N POWER"},"content":{"rendered":"<p>Bon\u00e9 para quem sabe o PODER do SUPER N, modelo com muito estiloso com acabamento premium para combinar com o seu sistema de entretenimento favorito.<\/p>\n<p>Bon\u00e9 6 Panel aba curva TRUCKER com impress\u00e3o em baixo da aba e frente em couro sint\u00e9tico bordado e emborrachado de alta qualidade.<\/p>\n<p>Tamanho \u00fanico com regulagem.<\/p>\n","protected":false},"excerpt":{"rendered":"<p>Bon\u00e9 para quem sabe o PODER do SUPER N, modelo com muito estiloso com acabamento premium para combinar com o seu sistema de entretenimento favorito. Bon\u00e9 6 Panel aba curva TRUCKER com impress\u00e3o em baixo da aba e frente em couro sint\u00e9tico bordado e emborrachado de alta qualidade. Tamanho \u00fanico com regulagem.<\/p>\n","protected":false},"featured_media":77830,"comment_status":"closed","ping_status":"closed","template":"","meta":[],"product_brand":[],"product_cat":[1488,1526],"product_tag":[1615,752,853],"class_list":{"0":"post-77834","1":"product","2":"type-product","3":"status-publish","4":"has-post-thumbnail","6":"product_cat-bone","7":"product_cat-six-panel-aba-curva","8":"product_tag-n","9":"product_tag-power","10":"product_tag-super","11":"pa_artista-barata","12":"pa_tema-arte","13":"pa_tema-Games","14":"pa_tema-Parodia","15":"pa_tema-Videogame","16":"product_type-simple","17":"product_visibility-outofstock","29":"first","30":"outofstock","31":"shipping-taxable","32":"purchasable","33":"product-type-simple"},"_links":{"self":[{"href":"https:\/\/asbaratas.com.br\/loja\/wp-json\/wp\/v2\/product\/77834","targetHints":{"allow":["GET"]}}],"collection":[{"href":"https:\/\/asbaratas.com.br\/loja\/wp-json\/wp\/v2\/product"}],"about":[{"href":"https:\/\/asbaratas.com.br\/loja\/wp-json\/wp\/v2\/types\/product"}],"replies":[{"embeddable":true,"href":"https:\/\/asbaratas.com.br\/loja\/wp-json\/wp\/v2\/comments?post=77834"}],"wp:featuredmedia":[{"embeddable":true,"href":"https:\/\/asbaratas.com.br\/loja\/wp-json\/wp\/v2\/media\/77830"}],"wp:attachment":[{"href":"https:\/\/asbaratas.com.br\/loja\/wp-json\/wp\/v2\/media?parent=77834"}],"wp:term":[{"taxonomy":"product_brand","embeddable":true,"href":"https:\/\/asbaratas.com.br\/loja\/wp-json\/wp\/v2\/product_brand?post=77834"},{"taxonomy":"product_cat","embeddable":true,"href":"https:\/\/asbaratas.com.br\/loja\/wp-json\/wp\/v2\/product_cat?post=77834"},{"taxonomy":"product_tag","embeddable":true,"href":"https:\/\/asbaratas.com.br\/loja\/wp-json\/wp\/v2\/product_tag?post=77834"}],"curies":[{"name":"wp","href":"https:\/\/api.w.org\/{rel}","templated":true}]}}