{"id":76865,"date":"2023-07-17T22:08:45","date_gmt":"2023-07-18T01:08:45","guid":{"rendered":"https:\/\/asbaratas.com.br\/loja\/?post_type=product&#038;p=76865"},"modified":"2026-04-16T10:14:05","modified_gmt":"2026-04-16T13:14:05","slug":"bone-load-one-pixo-red","status":"publish","type":"product","link":"https:\/\/asbaratas.com.br\/loja\/produto\/bone-load-one-pixo-red\/","title":{"rendered":"BON\u00c9 \u2022 L\u00d8AD ONE PIXO RED"},"content":{"rendered":"<p>Nakamaradas embarquem no bonde do One-Pixo! Bon\u00e9 responsa do mano L\u00f8ad unindo muitas paix\u00f5es e uma galera muito arteira!<\/p>\n<p>Vers\u00e3o nova com as cores invertidas fundo vermelho e aba azul!<\/p>\n<p>&nbsp;<\/p>\n<p>Bon\u00e9 Baseball 6 gomos aba reta com impress\u00e3o em silk em baixo da aba e frente em silk com relevo de alta qualidade.<\/p>\n<p>Tamanho \u00fanico com regulagem.<\/p>\n","protected":false},"excerpt":{"rendered":"<p>Nakamaradas embarquem no bonde do One-Pixo! Bon\u00e9 responsa do mano L\u00f8ad unindo muitas paix\u00f5es e uma galera muito arteira! Vers\u00e3o nova com as cores invertidas fundo vermelho e aba azul! &nbsp; Bon\u00e9 Baseball 6 gomos aba reta com impress\u00e3o em silk em baixo da aba e frente em silk com relevo de alta qualidade. Tamanho [&#8230;]\n","protected":false},"featured_media":76892,"comment_status":"closed","ping_status":"closed","template":"","meta":[],"product_brand":[],"product_cat":[1491,1488],"product_tag":[1632,1633,1571,1602,720,1605],"class_list":{"0":"post-76865","1":"product","2":"type-product","3":"status-publish","4":"has-post-thumbnail","6":"product_cat-baseball-aba-reta","7":"product_cat-bone","8":"product_tag-canhota","9":"product_tag-canhoto","10":"product_tag-esquerda","11":"product_tag-load","12":"product_tag-one","13":"product_tag-pixo","14":"pa_artista-barata","15":"pa_artista-load","16":"pa_tema-arte","17":"pa_tema-oficial","18":"pa_tema-Podcast","19":"product_type-simple","20":"product_visibility-outofstock","35":"first","36":"outofstock","37":"shipping-taxable","38":"purchasable","39":"product-type-simple"},"_links":{"self":[{"href":"https:\/\/asbaratas.com.br\/loja\/wp-json\/wp\/v2\/product\/76865","targetHints":{"allow":["GET"]}}],"collection":[{"href":"https:\/\/asbaratas.com.br\/loja\/wp-json\/wp\/v2\/product"}],"about":[{"href":"https:\/\/asbaratas.com.br\/loja\/wp-json\/wp\/v2\/types\/product"}],"replies":[{"embeddable":true,"href":"https:\/\/asbaratas.com.br\/loja\/wp-json\/wp\/v2\/comments?post=76865"}],"wp:featuredmedia":[{"embeddable":true,"href":"https:\/\/asbaratas.com.br\/loja\/wp-json\/wp\/v2\/media\/76892"}],"wp:attachment":[{"href":"https:\/\/asbaratas.com.br\/loja\/wp-json\/wp\/v2\/media?parent=76865"}],"wp:term":[{"taxonomy":"product_brand","embeddable":true,"href":"https:\/\/asbaratas.com.br\/loja\/wp-json\/wp\/v2\/product_brand?post=76865"},{"taxonomy":"product_cat","embeddable":true,"href":"https:\/\/asbaratas.com.br\/loja\/wp-json\/wp\/v2\/product_cat?post=76865"},{"taxonomy":"product_tag","embeddable":true,"href":"https:\/\/asbaratas.com.br\/loja\/wp-json\/wp\/v2\/product_tag?post=76865"}],"curies":[{"name":"wp","href":"https:\/\/api.w.org\/{rel}","templated":true}]}}