{"id":76856,"date":"2023-07-17T22:07:55","date_gmt":"2023-07-18T01:07:55","guid":{"rendered":"https:\/\/asbaratas.com.br\/loja\/?post_type=product&#038;p=76856"},"modified":"2025-12-20T01:42:15","modified_gmt":"2025-12-20T04:42:15","slug":"one_pixo","status":"publish","type":"product","link":"https:\/\/asbaratas.com.br\/loja\/produto\/one_pixo\/","title":{"rendered":"L\u00d8AD ONE PIXO"},"content":{"rendered":"<p>Nakamaradas embarquem no bonde do One-Pixo! Atendendo a pedidos agora a galera do ONE PIXO tem a camiseta da tripula\u00e7\u00e3o do mano L\u00f8ad!<\/p>\n<p>Camiseta feita com nossa malha ver\u00e3o, que \u00e9 mais leve para o dia-a-dia e tem um caimento um pouco mais suave. Composi\u00e7\u00e3o 50% algod\u00e3o e 50% poli\u00e9ster, na cor azul-mescla e estampa com silk de alta qualidade.<\/p>\n<p>A taxa de encolhimento \u00e9 em m\u00e9dia 3% variando dos m\u00e9todos de lavagem.<\/p>\n<p>DICAS PARA SUA CAMISETA DURAR MUITO:<br \/>\n\u2022 LAVE COM \u00c1GUA FRIA<br \/>\n\u2022 PASSE ELA DO AVESSO<br \/>\n\u2022 N\u00c3O COLOQUE NA M\u00c1QUINA DE SECAR<br \/>\n\u2022 N\u00c3O DEIXE DE MOLHO<br \/>\n\u2022 SEMPRE SEQUE \u00c0 SOMBRA<\/p>\n<p>As camisetas s\u00e3o despachadas em at\u00e9 3 dias \u00fateis.<\/p>\n","protected":false},"excerpt":{"rendered":"<p>Nakamaradas embarquem no bonde do One-Pixo! Atendendo a pedidos agora a galera do ONE PIXO tem a camiseta da tripula\u00e7\u00e3o do mano L\u00f8ad! Camiseta feita com nossa malha ver\u00e3o, que \u00e9 mais leve para o dia-a-dia e tem um caimento um pouco mais suave. Composi\u00e7\u00e3o 50% algod\u00e3o e 50% poli\u00e9ster, na cor azul-mescla e estampa [&#8230;]\n","protected":false},"featured_media":76916,"comment_status":"open","ping_status":"closed","template":"","meta":[],"product_brand":[],"product_cat":[83],"product_tag":[1632,1633,1571,1602,1603,1604,720,1601,1605,854],"class_list":{"0":"post-76856","1":"product","2":"type-product","3":"status-publish","4":"has-post-thumbnail","6":"product_cat-camiseta-reta","7":"product_tag-canhota","8":"product_tag-canhoto","9":"product_tag-esquerda","10":"product_tag-load","11":"product_tag-loadcomics","12":"product_tag-loadeando","13":"product_tag-one","14":"product_tag-piece","15":"product_tag-pixo","16":"product_tag-uniforme","17":"pa_artista-barata","18":"pa_artista-load","19":"pa_cor-preto","20":"pa_malha-verao","21":"pa_tamanho-2g","22":"pa_tamanho-3g","23":"pa_tamanho-4g","24":"pa_tamanho-5g","25":"pa_tamanho-g","26":"pa_tamanho-m","27":"pa_tamanho-p","28":"pa_tamanho-pp","29":"pa_tema-oficial","30":"pa_tema-Podcast","31":"product_type-variable","58":"first","59":"instock","60":"shipping-taxable","61":"purchasable","62":"product-type-variable"},"_links":{"self":[{"href":"https:\/\/asbaratas.com.br\/loja\/wp-json\/wp\/v2\/product\/76856","targetHints":{"allow":["GET"]}}],"collection":[{"href":"https:\/\/asbaratas.com.br\/loja\/wp-json\/wp\/v2\/product"}],"about":[{"href":"https:\/\/asbaratas.com.br\/loja\/wp-json\/wp\/v2\/types\/product"}],"replies":[{"embeddable":true,"href":"https:\/\/asbaratas.com.br\/loja\/wp-json\/wp\/v2\/comments?post=76856"}],"wp:featuredmedia":[{"embeddable":true,"href":"https:\/\/asbaratas.com.br\/loja\/wp-json\/wp\/v2\/media\/76916"}],"wp:attachment":[{"href":"https:\/\/asbaratas.com.br\/loja\/wp-json\/wp\/v2\/media?parent=76856"}],"wp:term":[{"taxonomy":"product_brand","embeddable":true,"href":"https:\/\/asbaratas.com.br\/loja\/wp-json\/wp\/v2\/product_brand?post=76856"},{"taxonomy":"product_cat","embeddable":true,"href":"https:\/\/asbaratas.com.br\/loja\/wp-json\/wp\/v2\/product_cat?post=76856"},{"taxonomy":"product_tag","embeddable":true,"href":"https:\/\/asbaratas.com.br\/loja\/wp-json\/wp\/v2\/product_tag?post=76856"}],"curies":[{"name":"wp","href":"https:\/\/api.w.org\/{rel}","templated":true}]}}