{"id":76847,"date":"2023-07-17T22:07:04","date_gmt":"2023-07-18T01:07:04","guid":{"rendered":"https:\/\/asbaratas.com.br\/loja\/?post_type=product&#038;p=76847"},"modified":"2026-04-17T19:31:57","modified_gmt":"2026-04-17T22:31:57","slug":"jogabilidade","status":"publish","type":"product","link":"https:\/\/asbaratas.com.br\/loja\/produto\/jogabilidade\/","title":{"rendered":"JOGABILIDADE"},"content":{"rendered":"<p>Remaster da primeira camiseta do pessoal do Jogabilidade agora em 4K com estampa maior mais definida e na nossa malha especial rodando a 60fps! Agora no padr\u00e3o Azul e Laranja!<\/p>\n<p>Camiseta feita com nossa malha ver\u00e3o, que \u00e9 mais leve para o dia-a-dia e tem um caimento um pouco mais suave. Composi\u00e7\u00e3o 50% algod\u00e3o e 50% poli\u00e9ster, na cor azul-mescla e estampa com silk de alta qualidade.<\/p>\n<p>DICAS PARA SUA CAMISETA DURAR MUITO:<br \/>\n\u2022 LAVE COM \u00c1GUA FRIA<br \/>\n\u2022 PASSE ELA DO AVESSO<br \/>\n\u2022 N\u00c3O COLOQUE NA M\u00c1QUINA DE SECAR<br \/>\n\u2022 N\u00c3O DEIXE DE MOLHO<br \/>\n\u2022 SEMPRE SEQUE \u00c0 SOMBRA<\/p>\n<p>A taxa de encolhimento \u00e9 em m\u00e9dia 3% variando dos m\u00e9todos de lavagem.<\/p>\n<p>As camisetas s\u00e3o despachadas em at\u00e9 3 dias \u00fateis.<\/p>\n","protected":false},"excerpt":{"rendered":"<p>Remaster da primeira camiseta do pessoal do Jogabilidade agora em 4K com estampa maior mais definida e na nossa malha especial rodando a 60fps! Agora no padr\u00e3o Azul e Laranja! Camiseta feita com nossa malha ver\u00e3o, que \u00e9 mais leve para o dia-a-dia e tem um caimento um pouco mais suave. Composi\u00e7\u00e3o 50% algod\u00e3o e [&#8230;]\n","protected":false},"featured_media":81065,"comment_status":"open","ping_status":"closed","template":"","meta":[],"product_brand":[],"product_cat":[83],"product_tag":[1598,1600,866,1596,1599,1597,867],"class_list":{"0":"post-76847","1":"product","2":"type-product","3":"status-publish","4":"has-post-thumbnail","6":"product_cat-camiseta-reta","7":"product_tag-bilid","8":"product_tag-de","9":"product_tag-games","10":"product_tag-joga","11":"product_tag-jogabilida","12":"product_tag-jogabilidade","13":"product_tag-podcast","14":"pa_artista-daamile","15":"pa_artista-jogabilidade","16":"pa_cor-azul","17":"pa_malha-verao","18":"pa_tamanho-2g","19":"pa_tamanho-3g","20":"pa_tamanho-4g","21":"pa_tamanho-5g","22":"pa_tamanho-g","23":"pa_tamanho-m","24":"pa_tamanho-p","25":"pa_tamanho-pp","26":"pa_tema-arte","27":"pa_tema-oficial","28":"pa_tema-Podcast","29":"product_type-variable","30":"product_visibility-outofstock","55":"first","56":"outofstock","57":"shipping-taxable","58":"purchasable","59":"product-type-variable"},"_links":{"self":[{"href":"https:\/\/asbaratas.com.br\/loja\/wp-json\/wp\/v2\/product\/76847","targetHints":{"allow":["GET"]}}],"collection":[{"href":"https:\/\/asbaratas.com.br\/loja\/wp-json\/wp\/v2\/product"}],"about":[{"href":"https:\/\/asbaratas.com.br\/loja\/wp-json\/wp\/v2\/types\/product"}],"replies":[{"embeddable":true,"href":"https:\/\/asbaratas.com.br\/loja\/wp-json\/wp\/v2\/comments?post=76847"}],"wp:featuredmedia":[{"embeddable":true,"href":"https:\/\/asbaratas.com.br\/loja\/wp-json\/wp\/v2\/media\/81065"}],"wp:attachment":[{"href":"https:\/\/asbaratas.com.br\/loja\/wp-json\/wp\/v2\/media?parent=76847"}],"wp:term":[{"taxonomy":"product_brand","embeddable":true,"href":"https:\/\/asbaratas.com.br\/loja\/wp-json\/wp\/v2\/product_brand?post=76847"},{"taxonomy":"product_cat","embeddable":true,"href":"https:\/\/asbaratas.com.br\/loja\/wp-json\/wp\/v2\/product_cat?post=76847"},{"taxonomy":"product_tag","embeddable":true,"href":"https:\/\/asbaratas.com.br\/loja\/wp-json\/wp\/v2\/product_tag?post=76847"}],"curies":[{"name":"wp","href":"https:\/\/api.w.org\/{rel}","templated":true}]}}