{"id":76846,"date":"2023-07-17T22:05:51","date_gmt":"2023-07-18T01:05:51","guid":{"rendered":"https:\/\/asbaratas.com.br\/loja\/?post_type=product&#038;p=76846"},"modified":"2025-12-30T12:05:09","modified_gmt":"2025-12-30T15:05:09","slug":"bone-braincast","status":"publish","type":"product","link":"https:\/\/asbaratas.com.br\/loja\/produto\/bone-braincast\/","title":{"rendered":"BON\u00c9 \u2022 BRAINCAST"},"content":{"rendered":"<p>J\u00e1 que \u00e9 imposs\u00edvel vestir uma airfryer, com a bombeta do Braincast voc\u00ea pode sair pelas ruas da cidade usando teu podcast do cora\u00e7\u00e3o!<\/p>\n<p>Bon\u00e9 Trucker aba curva com a frente em relevo bordado de alta qualidade e aba estampada em silk.<\/p>\n<p>Tamanho \u00fanico com regulagem de circunfer\u00eancia de 56cm at\u00e9 63cm.<\/p>\n","protected":false},"excerpt":{"rendered":"<p>J\u00e1 que \u00e9 imposs\u00edvel vestir uma airfryer, com a bombeta do Braincast voc\u00ea pode sair pelas ruas da cidade usando teu podcast do cora\u00e7\u00e3o! Bon\u00e9 Trucker aba curva com a frente em relevo bordado de alta qualidade e aba estampada em silk. Tamanho \u00fanico com regulagem de circunfer\u00eancia de 56cm at\u00e9 63cm.<\/p>\n","protected":false},"featured_media":76887,"comment_status":"closed","ping_status":"closed","template":"","meta":[],"product_brand":[],"product_cat":[1488,1489],"product_tag":[1659,1646,1661,1638,1648,1642,1658,1662,1654,1637,1656,1657,1652,1649,1655,1258,1653,1640,1571,1641,1660,1665,1650,1651,1272,1644,1664,1645,1639,1643,867,1647,1663],"class_list":{"0":"post-76846","1":"product","2":"type-product","3":"status-publish","4":"has-post-thumbnail","6":"product_cat-bone","7":"product_cat-trucker","8":"product_tag-air","9":"product_tag-airfray","10":"product_tag-airfrayer","11":"product_tag-b9","12":"product_tag-bezao","13":"product_tag-bia","14":"product_tag-bombeta","15":"product_tag-bone","16":"product_tag-brain","17":"product_tag-braincast","18":"product_tag-brainstorm","19":"product_tag-brainstorm9","20":"product_tag-britto","21":"product_tag-bzao","22":"product_tag-cast","23":"product_tag-cris","24":"product_tag-design","25":"product_tag-dias","26":"product_tag-esquerda","27":"product_tag-fiorotto","28":"product_tag-fryer","29":"product_tag-fujioka","30":"product_tag-gostoso","31":"product_tag-higino","32":"product_tag-johnny","33":"product_tag-marko","34":"product_tag-maron","35":"product_tag-mello","36":"product_tag-merigo","37":"product_tag-oga","38":"product_tag-podcast","39":"product_tag-publicidade","40":"product_tag-yassuda","41":"pa_artista-johnnybrito","42":"pa_artista-markomello","43":"pa_tema-arte","44":"pa_tema-oficial","45":"pa_tema-Podcast","46":"product_type-simple","88":"first","89":"instock","90":"shipping-taxable","91":"purchasable","92":"product-type-simple"},"_links":{"self":[{"href":"https:\/\/asbaratas.com.br\/loja\/wp-json\/wp\/v2\/product\/76846","targetHints":{"allow":["GET"]}}],"collection":[{"href":"https:\/\/asbaratas.com.br\/loja\/wp-json\/wp\/v2\/product"}],"about":[{"href":"https:\/\/asbaratas.com.br\/loja\/wp-json\/wp\/v2\/types\/product"}],"replies":[{"embeddable":true,"href":"https:\/\/asbaratas.com.br\/loja\/wp-json\/wp\/v2\/comments?post=76846"}],"wp:featuredmedia":[{"embeddable":true,"href":"https:\/\/asbaratas.com.br\/loja\/wp-json\/wp\/v2\/media\/76887"}],"wp:attachment":[{"href":"https:\/\/asbaratas.com.br\/loja\/wp-json\/wp\/v2\/media?parent=76846"}],"wp:term":[{"taxonomy":"product_brand","embeddable":true,"href":"https:\/\/asbaratas.com.br\/loja\/wp-json\/wp\/v2\/product_brand?post=76846"},{"taxonomy":"product_cat","embeddable":true,"href":"https:\/\/asbaratas.com.br\/loja\/wp-json\/wp\/v2\/product_cat?post=76846"},{"taxonomy":"product_tag","embeddable":true,"href":"https:\/\/asbaratas.com.br\/loja\/wp-json\/wp\/v2\/product_tag?post=76846"}],"curies":[{"name":"wp","href":"https:\/\/api.w.org\/{rel}","templated":true}]}}