{"id":76845,"date":"2023-07-17T22:04:56","date_gmt":"2023-07-18T01:04:56","guid":{"rendered":"https:\/\/asbaratas.com.br\/loja\/?post_type=product&#038;p=76845"},"modified":"2025-12-10T19:42:48","modified_gmt":"2025-12-10T22:42:48","slug":"bone-ogiva2-trucker","status":"publish","type":"product","link":"https:\/\/asbaratas.com.br\/loja\/produto\/bone-ogiva2-trucker\/","title":{"rendered":"BON\u00c9 \u2022 OGIVA 2 TRUCKER"},"content":{"rendered":"<p>Bon\u00e9 oficial da hist\u00f3ria em quadrinhos \u201cOGIVA\u201d, de Bruno Zago e Guilherme Petreca, lan\u00e7ada pelo selo Original Pipoca &amp; Nanquim.<\/p>\n<p>Bon\u00e9 Trucker fechado com a frente em relevo bordado de alta qualidade.<\/p>\n<p>Tamanho \u00fanico com regulagem.<\/p>\n","protected":false},"excerpt":{"rendered":"<p>Bon\u00e9 oficial da hist\u00f3ria em quadrinhos \u201cOGIVA\u201d, de Bruno Zago e Guilherme Petreca, lan\u00e7ada pelo selo Original Pipoca &amp; Nanquim. Bon\u00e9 Trucker fechado com a frente em relevo bordado de alta qualidade. Tamanho \u00fanico com regulagem.<\/p>\n","protected":false},"featured_media":76905,"comment_status":"closed","ping_status":"closed","template":"","meta":[],"product_brand":[],"product_cat":[1488,1489],"product_tag":[1109,1505,1104,1106,1504,471,1507,1101,1506,1102,1100,1105],"class_list":{"0":"post-76845","1":"product","2":"type-product","3":"status-publish","4":"has-post-thumbnail","6":"product_cat-bone","7":"product_cat-trucker","8":"product_tag-alexandre","9":"product_tag-arena","10":"product_tag-bruno","11":"product_tag-daniel","12":"product_tag-drago","13":"product_tag-editora","14":"product_tag-maimai","15":"product_tag-nanquim","16":"product_tag-ogiva","17":"product_tag-petardo","18":"product_tag-pipoca","19":"product_tag-zago","20":"pa_artista-barata","21":"pa_artista-pn","22":"pa_tema-HQ","23":"pa_tema-oficial","24":"product_type-simple","44":"first","45":"instock","46":"shipping-taxable","47":"purchasable","48":"product-type-simple"},"_links":{"self":[{"href":"https:\/\/asbaratas.com.br\/loja\/wp-json\/wp\/v2\/product\/76845","targetHints":{"allow":["GET"]}}],"collection":[{"href":"https:\/\/asbaratas.com.br\/loja\/wp-json\/wp\/v2\/product"}],"about":[{"href":"https:\/\/asbaratas.com.br\/loja\/wp-json\/wp\/v2\/types\/product"}],"replies":[{"embeddable":true,"href":"https:\/\/asbaratas.com.br\/loja\/wp-json\/wp\/v2\/comments?post=76845"}],"wp:featuredmedia":[{"embeddable":true,"href":"https:\/\/asbaratas.com.br\/loja\/wp-json\/wp\/v2\/media\/76905"}],"wp:attachment":[{"href":"https:\/\/asbaratas.com.br\/loja\/wp-json\/wp\/v2\/media?parent=76845"}],"wp:term":[{"taxonomy":"product_brand","embeddable":true,"href":"https:\/\/asbaratas.com.br\/loja\/wp-json\/wp\/v2\/product_brand?post=76845"},{"taxonomy":"product_cat","embeddable":true,"href":"https:\/\/asbaratas.com.br\/loja\/wp-json\/wp\/v2\/product_cat?post=76845"},{"taxonomy":"product_tag","embeddable":true,"href":"https:\/\/asbaratas.com.br\/loja\/wp-json\/wp\/v2\/product_tag?post=76845"}],"curies":[{"name":"wp","href":"https:\/\/api.w.org\/{rel}","templated":true}]}}