{"id":76844,"date":"2023-07-17T22:02:44","date_gmt":"2023-07-18T01:02:44","guid":{"rendered":"https:\/\/asbaratas.com.br\/loja\/?post_type=product&#038;p=76844"},"modified":"2026-03-19T17:47:55","modified_gmt":"2026-03-19T20:47:55","slug":"bone-maimai","status":"publish","type":"product","link":"https:\/\/asbaratas.com.br\/loja\/produto\/bone-maimai\/","title":{"rendered":"BON\u00c9 \u2022 MAIMAI"},"content":{"rendered":"<p>Bon\u00e9 classudo da MAI MAI o mascote da graphic novel Ogiva!<br \/>\nBon\u00e9 5 Panel aba reta com impress\u00e3o em silk em baixo da aba e frente em relevo emborrachado de alta qualidade.<\/p>\n<p>Tamanho \u00fanico com regulagem de fivela.<\/p>\n","protected":false},"excerpt":{"rendered":"<p>Bon\u00e9 classudo da MAI MAI o mascote da graphic novel Ogiva! Bon\u00e9 5 Panel aba reta com impress\u00e3o em silk em baixo da aba e frente em relevo emborrachado de alta qualidade. Tamanho \u00fanico com regulagem de fivela.<\/p>\n","protected":false},"featured_media":76896,"comment_status":"closed","ping_status":"closed","template":"","meta":[],"product_brand":[],"product_cat":[1488,1591],"product_tag":[1104,2061,1507,1101,1506,1100,1105],"class_list":{"0":"post-76844","1":"product","2":"type-product","3":"status-publish","4":"has-post-thumbnail","6":"product_cat-bone","7":"product_cat-five-panel-aba-reta","8":"product_tag-bruno","9":"product_tag-mai","10":"product_tag-maimai","11":"product_tag-nanquim","12":"product_tag-ogiva","13":"product_tag-pipoca","14":"product_tag-zago","15":"pa_artista-petreca","16":"pa_artista-pn","17":"pa_tema-arte","18":"pa_tema-HQ","19":"pa_tema-oficial","20":"product_type-simple","36":"first","37":"instock","38":"shipping-taxable","39":"purchasable","40":"product-type-simple"},"_links":{"self":[{"href":"https:\/\/asbaratas.com.br\/loja\/wp-json\/wp\/v2\/product\/76844","targetHints":{"allow":["GET"]}}],"collection":[{"href":"https:\/\/asbaratas.com.br\/loja\/wp-json\/wp\/v2\/product"}],"about":[{"href":"https:\/\/asbaratas.com.br\/loja\/wp-json\/wp\/v2\/types\/product"}],"replies":[{"embeddable":true,"href":"https:\/\/asbaratas.com.br\/loja\/wp-json\/wp\/v2\/comments?post=76844"}],"wp:featuredmedia":[{"embeddable":true,"href":"https:\/\/asbaratas.com.br\/loja\/wp-json\/wp\/v2\/media\/76896"}],"wp:attachment":[{"href":"https:\/\/asbaratas.com.br\/loja\/wp-json\/wp\/v2\/media?parent=76844"}],"wp:term":[{"taxonomy":"product_brand","embeddable":true,"href":"https:\/\/asbaratas.com.br\/loja\/wp-json\/wp\/v2\/product_brand?post=76844"},{"taxonomy":"product_cat","embeddable":true,"href":"https:\/\/asbaratas.com.br\/loja\/wp-json\/wp\/v2\/product_cat?post=76844"},{"taxonomy":"product_tag","embeddable":true,"href":"https:\/\/asbaratas.com.br\/loja\/wp-json\/wp\/v2\/product_tag?post=76844"}],"curies":[{"name":"wp","href":"https:\/\/api.w.org\/{rel}","templated":true}]}}