{"id":75627,"date":"2023-06-29T12:23:12","date_gmt":"2023-06-29T15:23:12","guid":{"rendered":"https:\/\/asbaratas.com.br\/loja\/?post_type=product&#038;p=75627"},"modified":"2026-04-16T11:03:32","modified_gmt":"2026-04-16T14:03:32","slug":"bone-lapitfall","status":"publish","type":"product","link":"https:\/\/asbaratas.com.br\/loja\/produto\/bone-lapitfall\/","title":{"rendered":"BON\u00c9 \u2022 LA PIT"},"content":{"rendered":"<p>Bon\u00e9 para aqueles que se aventuraram saltando sobre jacar\u00e9s pixelizados nos anos 80s<\/p>\n<p>&nbsp;<\/p>\n<p>Bon\u00e9 oldschool estilo &#8220;daddy&#8221; fechado 6 gomos com a frente mole com aba verde em veludo e bordado de alta qualidade na frente e atr\u00e1s.<\/p>\n<p>Tamanho \u00fanico com regulagem.<\/p>\n","protected":false},"excerpt":{"rendered":"<p>Bon\u00e9 para aqueles que se aventuraram saltando sobre jacar\u00e9s pixelizados nos anos 80s &nbsp; Bon\u00e9 oldschool estilo &#8220;daddy&#8221; fechado 6 gomos com a frente mole com aba verde em veludo e bordado de alta qualidade na frente e atr\u00e1s. Tamanho \u00fanico com regulagem.<\/p>\n","protected":false},"featured_media":75628,"comment_status":"closed","ping_status":"closed","template":"","meta":[],"product_brand":[],"product_cat":[1488,1594],"product_tag":[],"class_list":{"0":"post-75627","1":"product","2":"type-product","3":"status-publish","4":"has-post-thumbnail","6":"product_cat-bone","7":"product_cat-daddy","8":"pa_artista-barata","9":"pa_tema-Games","10":"pa_tema-Mashup","11":"pa_tema-Parodia","12":"product_type-simple","20":"first","21":"instock","22":"shipping-taxable","23":"purchasable","24":"product-type-simple"},"_links":{"self":[{"href":"https:\/\/asbaratas.com.br\/loja\/wp-json\/wp\/v2\/product\/75627","targetHints":{"allow":["GET"]}}],"collection":[{"href":"https:\/\/asbaratas.com.br\/loja\/wp-json\/wp\/v2\/product"}],"about":[{"href":"https:\/\/asbaratas.com.br\/loja\/wp-json\/wp\/v2\/types\/product"}],"replies":[{"embeddable":true,"href":"https:\/\/asbaratas.com.br\/loja\/wp-json\/wp\/v2\/comments?post=75627"}],"wp:featuredmedia":[{"embeddable":true,"href":"https:\/\/asbaratas.com.br\/loja\/wp-json\/wp\/v2\/media\/75628"}],"wp:attachment":[{"href":"https:\/\/asbaratas.com.br\/loja\/wp-json\/wp\/v2\/media?parent=75627"}],"wp:term":[{"taxonomy":"product_brand","embeddable":true,"href":"https:\/\/asbaratas.com.br\/loja\/wp-json\/wp\/v2\/product_brand?post=75627"},{"taxonomy":"product_cat","embeddable":true,"href":"https:\/\/asbaratas.com.br\/loja\/wp-json\/wp\/v2\/product_cat?post=75627"},{"taxonomy":"product_tag","embeddable":true,"href":"https:\/\/asbaratas.com.br\/loja\/wp-json\/wp\/v2\/product_tag?post=75627"}],"curies":[{"name":"wp","href":"https:\/\/api.w.org\/{rel}","templated":true}]}}