{"id":75581,"date":"2023-06-28T11:31:04","date_gmt":"2023-06-28T14:31:04","guid":{"rendered":"https:\/\/asbaratas.com.br\/loja\/?post_type=product&#038;p=75581"},"modified":"2026-01-29T13:15:57","modified_gmt":"2026-01-29T16:15:57","slug":"bone-coffee_reta","status":"publish","type":"product","link":"https:\/\/asbaratas.com.br\/loja\/produto\/bone-coffee_reta\/","title":{"rendered":"BON\u00c9 \u2022 GOOD COFFEE (ABA RETA)"},"content":{"rendered":"<p>Um bom caf\u00e9 e uma psicodelia tenebrosa liter\u00e1ria harmonizam t\u00e3o bem quanto esse bon\u00e9 para f\u00e3s dessa combina\u00e7\u00e3o m\u00e1gica!<\/p>\n<p>Bon\u00e9 oficial do canal do Nifrido! <a href=\"https:\/\/www.twitch.tv\/nifrido\">twitch.tv\/nifrido<\/a><\/p>\n<p>Bon\u00e9 Baseball 6 gomos aba reta com a frente em relevo bordado de alta qualidade e impress\u00e3o em baixo da aba.<\/p>\n<p>(MODELO ABA RETA)<\/p>\n<p>Tamanho \u00fanico com regulagem.<\/p>\n","protected":false},"excerpt":{"rendered":"<p>Um bom caf\u00e9 e uma psicodelia tenebrosa liter\u00e1ria harmonizam t\u00e3o bem quanto esse bon\u00e9 para f\u00e3s dessa combina\u00e7\u00e3o m\u00e1gica! Bon\u00e9 oficial do canal do Nifrido! twitch.tv\/nifrido Bon\u00e9 Baseball 6 gomos aba reta com a frente em relevo bordado de alta qualidade e impress\u00e3o em baixo da aba. (MODELO ABA RETA) Tamanho \u00fanico com regulagem.<\/p>\n","protected":false},"featured_media":75582,"comment_status":"closed","ping_status":"closed","template":"","meta":[],"product_brand":[],"product_cat":[1491,1488],"product_tag":[],"class_list":{"0":"post-75581","1":"product","2":"type-product","3":"status-publish","4":"has-post-thumbnail","6":"product_cat-baseball-aba-reta","7":"product_cat-bone","8":"pa_artista-barata","9":"pa_tema-Cinema","10":"pa_tema-Mashup","11":"pa_tema-Parodia","12":"pa_tema-series","13":"pa_tema-Televisao","14":"product_type-simple","24":"first","25":"instock","26":"shipping-taxable","27":"purchasable","28":"product-type-simple"},"_links":{"self":[{"href":"https:\/\/asbaratas.com.br\/loja\/wp-json\/wp\/v2\/product\/75581","targetHints":{"allow":["GET"]}}],"collection":[{"href":"https:\/\/asbaratas.com.br\/loja\/wp-json\/wp\/v2\/product"}],"about":[{"href":"https:\/\/asbaratas.com.br\/loja\/wp-json\/wp\/v2\/types\/product"}],"replies":[{"embeddable":true,"href":"https:\/\/asbaratas.com.br\/loja\/wp-json\/wp\/v2\/comments?post=75581"}],"wp:featuredmedia":[{"embeddable":true,"href":"https:\/\/asbaratas.com.br\/loja\/wp-json\/wp\/v2\/media\/75582"}],"wp:attachment":[{"href":"https:\/\/asbaratas.com.br\/loja\/wp-json\/wp\/v2\/media?parent=75581"}],"wp:term":[{"taxonomy":"product_brand","embeddable":true,"href":"https:\/\/asbaratas.com.br\/loja\/wp-json\/wp\/v2\/product_brand?post=75581"},{"taxonomy":"product_cat","embeddable":true,"href":"https:\/\/asbaratas.com.br\/loja\/wp-json\/wp\/v2\/product_cat?post=75581"},{"taxonomy":"product_tag","embeddable":true,"href":"https:\/\/asbaratas.com.br\/loja\/wp-json\/wp\/v2\/product_tag?post=75581"}],"curies":[{"name":"wp","href":"https:\/\/api.w.org\/{rel}","templated":true}]}}