{"id":75576,"date":"2023-06-28T11:11:30","date_gmt":"2023-06-28T14:11:30","guid":{"rendered":"https:\/\/asbaratas.com.br\/loja\/?post_type=product&#038;p=75576"},"modified":"2025-12-10T19:42:50","modified_gmt":"2025-12-10T22:42:50","slug":"bone-radical_left","status":"publish","type":"product","link":"https:\/\/asbaratas.com.br\/loja\/produto\/bone-radical_left\/","title":{"rendered":"BON\u00c9 \u2022 RADICAL LEFT"},"content":{"rendered":"<p>Bon\u00e9 da galera do skate que est\u00e1 preparada para qualquer parada, modelo impermeav\u00e9l com aba em material flexiv\u00e9l que n\u00e3o quebra, para ficar de boa no fundo da mochila!<\/p>\n<p>&nbsp;<\/p>\n<p>Bon\u00e9 5 Panel aba reta com impress\u00e3o em silk em baixo da aba e frente em relevo emborrachado de alta qualidade.<\/p>\n<p>Tamanho \u00fanico com regulagem de fivela.<\/p>\n","protected":false},"excerpt":{"rendered":"<p>Bon\u00e9 da galera do skate que est\u00e1 preparada para qualquer parada, modelo impermeav\u00e9l com aba em material flexiv\u00e9l que n\u00e3o quebra, para ficar de boa no fundo da mochila! &nbsp; Bon\u00e9 5 Panel aba reta com impress\u00e3o em silk em baixo da aba e frente em relevo emborrachado de alta qualidade. Tamanho \u00fanico com regulagem [&#8230;]\n","protected":false},"featured_media":75551,"comment_status":"closed","ping_status":"closed","template":"","meta":[],"product_brand":[],"product_cat":[1488,1591],"product_tag":[1632,1633,1571],"class_list":{"0":"post-75576","1":"product","2":"type-product","3":"status-publish","4":"has-post-thumbnail","6":"product_cat-bone","7":"product_cat-five-panel-aba-reta","8":"product_tag-canhota","9":"product_tag-canhoto","10":"product_tag-esquerda","11":"pa_artista-barata","12":"pa_tema-Games","13":"pa_tema-Humor","14":"pa_tema-Mashup","15":"pa_tema-Parodia","16":"product_type-simple","17":"product_visibility-outofstock","29":"first","30":"outofstock","31":"shipping-taxable","32":"purchasable","33":"product-type-simple"},"_links":{"self":[{"href":"https:\/\/asbaratas.com.br\/loja\/wp-json\/wp\/v2\/product\/75576","targetHints":{"allow":["GET"]}}],"collection":[{"href":"https:\/\/asbaratas.com.br\/loja\/wp-json\/wp\/v2\/product"}],"about":[{"href":"https:\/\/asbaratas.com.br\/loja\/wp-json\/wp\/v2\/types\/product"}],"replies":[{"embeddable":true,"href":"https:\/\/asbaratas.com.br\/loja\/wp-json\/wp\/v2\/comments?post=75576"}],"wp:featuredmedia":[{"embeddable":true,"href":"https:\/\/asbaratas.com.br\/loja\/wp-json\/wp\/v2\/media\/75551"}],"wp:attachment":[{"href":"https:\/\/asbaratas.com.br\/loja\/wp-json\/wp\/v2\/media?parent=75576"}],"wp:term":[{"taxonomy":"product_brand","embeddable":true,"href":"https:\/\/asbaratas.com.br\/loja\/wp-json\/wp\/v2\/product_brand?post=75576"},{"taxonomy":"product_cat","embeddable":true,"href":"https:\/\/asbaratas.com.br\/loja\/wp-json\/wp\/v2\/product_cat?post=75576"},{"taxonomy":"product_tag","embeddable":true,"href":"https:\/\/asbaratas.com.br\/loja\/wp-json\/wp\/v2\/product_tag?post=75576"}],"curies":[{"name":"wp","href":"https:\/\/api.w.org\/{rel}","templated":true}]}}