{"id":75530,"date":"2023-06-26T22:48:22","date_gmt":"2023-06-27T01:48:22","guid":{"rendered":"https:\/\/asbaratas.com.br\/loja\/?post_type=product&#038;p=75530"},"modified":"2025-12-10T19:42:47","modified_gmt":"2025-12-10T22:42:47","slug":"bone-jogabilidade","status":"publish","type":"product","link":"https:\/\/asbaratas.com.br\/loja\/produto\/bone-jogabilidade\/","title":{"rendered":"BON\u00c9 \u2022 JOGABILIDADE Slim"},"content":{"rendered":"<p>Bon\u00e9 oficial do pessoal do <a href=\"http:\/\/jogabilida.de\" target=\"_blank\" rel=\"noopener\">jogabilida.de<\/a><\/p>\n<p>Bon\u00e9 Americano fechado com aplica\u00e7\u00e3o em bordado de alta qualidade na frente e atr\u00e1s!.<\/p>\n<p>Tamanho \u00fanico com regulagem.<\/p>\n","protected":false},"excerpt":{"rendered":"<p>Bon\u00e9 oficial do pessoal do jogabilida.de Bon\u00e9 Americano fechado com aplica\u00e7\u00e3o em bordado de alta qualidade na frente e atr\u00e1s!. Tamanho \u00fanico com regulagem.<\/p>\n","protected":false},"featured_media":80997,"comment_status":"closed","ping_status":"closed","template":"","meta":[],"product_brand":[],"product_cat":[1490,1488],"product_tag":[],"class_list":{"0":"post-75530","1":"product","2":"type-product","3":"status-publish","4":"has-post-thumbnail","6":"product_cat-americano-fechado","7":"product_cat-bone","8":"pa_artista-jogabilidade","9":"pa_tema-Podcast","10":"pa_tema-Videogame","11":"product_type-simple","12":"product_visibility-outofstock","19":"first","20":"outofstock","21":"shipping-taxable","22":"purchasable","23":"product-type-simple"},"_links":{"self":[{"href":"https:\/\/asbaratas.com.br\/loja\/wp-json\/wp\/v2\/product\/75530","targetHints":{"allow":["GET"]}}],"collection":[{"href":"https:\/\/asbaratas.com.br\/loja\/wp-json\/wp\/v2\/product"}],"about":[{"href":"https:\/\/asbaratas.com.br\/loja\/wp-json\/wp\/v2\/types\/product"}],"replies":[{"embeddable":true,"href":"https:\/\/asbaratas.com.br\/loja\/wp-json\/wp\/v2\/comments?post=75530"}],"wp:featuredmedia":[{"embeddable":true,"href":"https:\/\/asbaratas.com.br\/loja\/wp-json\/wp\/v2\/media\/80997"}],"wp:attachment":[{"href":"https:\/\/asbaratas.com.br\/loja\/wp-json\/wp\/v2\/media?parent=75530"}],"wp:term":[{"taxonomy":"product_brand","embeddable":true,"href":"https:\/\/asbaratas.com.br\/loja\/wp-json\/wp\/v2\/product_brand?post=75530"},{"taxonomy":"product_cat","embeddable":true,"href":"https:\/\/asbaratas.com.br\/loja\/wp-json\/wp\/v2\/product_cat?post=75530"},{"taxonomy":"product_tag","embeddable":true,"href":"https:\/\/asbaratas.com.br\/loja\/wp-json\/wp\/v2\/product_tag?post=75530"}],"curies":[{"name":"wp","href":"https:\/\/api.w.org\/{rel}","templated":true}]}}