{"id":73684,"date":"2023-05-05T13:00:52","date_gmt":"2023-05-05T16:00:52","guid":{"rendered":"https:\/\/asbaratas.com.br\/loja\/?post_type=product&#038;p=73684"},"modified":"2025-12-10T19:42:48","modified_gmt":"2025-12-10T22:42:48","slug":"bone-one_pixo","status":"publish","type":"product","link":"https:\/\/asbaratas.com.br\/loja\/produto\/bone-one_pixo\/","title":{"rendered":"BON\u00c9 \u2022 L\u00d8AD ONE PIXO"},"content":{"rendered":"<p>Nakamaradas embarquem no bonde do One-Pixo! Bon\u00e9 responsa do mano L\u00f8ad unindo muitas paix\u00f5es e uma galera muito arteira!<\/p>\n<p>&nbsp;<\/p>\n<p>Bon\u00e9 Baseball 6 gomos aba reta com impress\u00e3o em silk em baixo da aba e frente em silk com relevo de alta qualidade.<\/p>\n<p>Tamanho \u00fanico com regulagem.<\/p>\n","protected":false},"excerpt":{"rendered":"<p>Nakamaradas embarquem no bonde do One-Pixo! Bon\u00e9 responsa do mano L\u00f8ad unindo muitas paix\u00f5es e uma galera muito arteira! &nbsp; Bon\u00e9 Baseball 6 gomos aba reta com impress\u00e3o em silk em baixo da aba e frente em silk com relevo de alta qualidade. Tamanho \u00fanico com regulagem.<\/p>\n","protected":false},"featured_media":73686,"comment_status":"closed","ping_status":"closed","template":"","meta":[],"product_brand":[],"product_cat":[1491,1488],"product_tag":[1632,1633,1571],"class_list":{"0":"post-73684","1":"product","2":"type-product","3":"status-publish","4":"has-post-thumbnail","6":"product_cat-baseball-aba-reta","7":"product_cat-bone","8":"product_tag-canhota","9":"product_tag-canhoto","10":"product_tag-esquerda","11":"pa_artista-barata","12":"pa_artista-load","13":"pa_tema-arte","14":"pa_tema-DesenhoAnimado","15":"pa_tema-Mashup","16":"pa_tema-oficial","17":"product_type-simple","18":"product_visibility-outofstock","27":"pa_tema-Desenho Animado","31":"first","32":"outofstock","33":"shipping-taxable","34":"purchasable","35":"product-type-simple"},"_links":{"self":[{"href":"https:\/\/asbaratas.com.br\/loja\/wp-json\/wp\/v2\/product\/73684","targetHints":{"allow":["GET"]}}],"collection":[{"href":"https:\/\/asbaratas.com.br\/loja\/wp-json\/wp\/v2\/product"}],"about":[{"href":"https:\/\/asbaratas.com.br\/loja\/wp-json\/wp\/v2\/types\/product"}],"replies":[{"embeddable":true,"href":"https:\/\/asbaratas.com.br\/loja\/wp-json\/wp\/v2\/comments?post=73684"}],"wp:featuredmedia":[{"embeddable":true,"href":"https:\/\/asbaratas.com.br\/loja\/wp-json\/wp\/v2\/media\/73686"}],"wp:attachment":[{"href":"https:\/\/asbaratas.com.br\/loja\/wp-json\/wp\/v2\/media?parent=73684"}],"wp:term":[{"taxonomy":"product_brand","embeddable":true,"href":"https:\/\/asbaratas.com.br\/loja\/wp-json\/wp\/v2\/product_brand?post=73684"},{"taxonomy":"product_cat","embeddable":true,"href":"https:\/\/asbaratas.com.br\/loja\/wp-json\/wp\/v2\/product_cat?post=73684"},{"taxonomy":"product_tag","embeddable":true,"href":"https:\/\/asbaratas.com.br\/loja\/wp-json\/wp\/v2\/product_tag?post=73684"}],"curies":[{"name":"wp","href":"https:\/\/api.w.org\/{rel}","templated":true}]}}