{"id":72233,"date":"2023-03-29T03:40:07","date_gmt":"2023-03-29T06:40:07","guid":{"rendered":"https:\/\/asbaratas.com.br\/loja\/?post_type=product&#038;p=72233"},"modified":"2026-04-17T19:32:23","modified_gmt":"2026-04-17T22:32:23","slug":"radical_left","status":"publish","type":"product","link":"https:\/\/asbaratas.com.br\/loja\/produto\/radical_left\/","title":{"rendered":"RADICAL LEFT"},"content":{"rendered":"<p>Galera do skate da esquerda radical uni-vos com muitas manobras radicais rumo a vit\u00f3ria!<\/p>\n<p>Malha em 100% algod\u00e3o na cor preta com estampa em silk de alta qualidade nas costas com detalhe na frente.<\/p>\n<p>A taxa de encolhimento \u00e9 em m\u00e9dia 3% variando dos m\u00e9todos de lavagem.<\/p>\n<p>DICAS PARA SUA CAMISETA DURAR MUITO:<br \/>\n\u2022 LAVE COM \u00c1GUA FRIA<br \/>\n\u2022 PASSE ELA DO AVESSO<br \/>\n\u2022 N\u00c3O COLOQUE NA M\u00c1QUINA DE SECAR<br \/>\n\u2022 N\u00c3O DEIXE DE MOLHO<br \/>\n\u2022 SEMPRE SEQUE \u00c0 SOMBRA<\/p>\n<p>Arte por Loud!<\/p>\n","protected":false},"excerpt":{"rendered":"<p>Galera do skate da esquerda radical uni-vos com muitas manobras radicais rumo a vit\u00f3ria! Malha em 100% algod\u00e3o na cor preta com estampa em silk de alta qualidade nas costas com detalhe na frente. A taxa de encolhimento \u00e9 em m\u00e9dia 3% variando dos m\u00e9todos de lavagem. DICAS PARA SUA CAMISETA DURAR MUITO: \u2022 LAVE [&#8230;]\n","protected":false},"featured_media":72214,"comment_status":"open","ping_status":"closed","template":"","meta":[],"product_brand":[],"product_cat":[83],"product_tag":[1574,1632,1633,1571,1569,184,1274,1273,1272,1567,1267,1271,1205,654,1573,1572,1566,1269,437,1570,1139,1270,1568,1268],"class_list":{"0":"post-72233","1":"product","2":"type-product","3":"status-publish","4":"has-post-thumbnail","6":"product_cat-camiseta-reta","7":"product_tag-1574","8":"product_tag-canhota","9":"product_tag-canhoto","10":"product_tag-esquerda","11":"product_tag-hawks","12":"product_tag-ilustracao","13":"product_tag-jo","14":"product_tag-joey","15":"product_tag-johnny","16":"product_tag-left","17":"product_tag-loud","18":"product_tag-mashuo","19":"product_tag-mashup","20":"product_tag-movie","21":"product_tag-mujica","22":"product_tag-pepe","23":"product_tag-radical","24":"product_tag-ramone","25":"product_tag-ramones","26":"product_tag-soberana","27":"product_tag-spider","28":"product_tag-spiderman","29":"product_tag-tony","30":"product_tag-wagner","31":"pa_artista-loud","32":"pa_cor-preto","33":"pa_tamanho-2g","34":"pa_tamanho-3g","35":"pa_tamanho-4g","36":"pa_tamanho-5g","37":"pa_tamanho-g","38":"pa_tamanho-m","39":"pa_tamanho-p","40":"pa_tamanho-pp","41":"pa_tema-arte","42":"pa_tema-Games","43":"pa_tema-Humor","44":"pa_tema-Mashup","45":"pa_tema-Parodia","46":"product_type-variable","48":"product_tag-900","88":"first","89":"instock","90":"shipping-taxable","91":"purchasable","92":"product-type-variable","93":"has-default-attributes"},"_links":{"self":[{"href":"https:\/\/asbaratas.com.br\/loja\/wp-json\/wp\/v2\/product\/72233","targetHints":{"allow":["GET"]}}],"collection":[{"href":"https:\/\/asbaratas.com.br\/loja\/wp-json\/wp\/v2\/product"}],"about":[{"href":"https:\/\/asbaratas.com.br\/loja\/wp-json\/wp\/v2\/types\/product"}],"replies":[{"embeddable":true,"href":"https:\/\/asbaratas.com.br\/loja\/wp-json\/wp\/v2\/comments?post=72233"}],"wp:featuredmedia":[{"embeddable":true,"href":"https:\/\/asbaratas.com.br\/loja\/wp-json\/wp\/v2\/media\/72214"}],"wp:attachment":[{"href":"https:\/\/asbaratas.com.br\/loja\/wp-json\/wp\/v2\/media?parent=72233"}],"wp:term":[{"taxonomy":"product_brand","embeddable":true,"href":"https:\/\/asbaratas.com.br\/loja\/wp-json\/wp\/v2\/product_brand?post=72233"},{"taxonomy":"product_cat","embeddable":true,"href":"https:\/\/asbaratas.com.br\/loja\/wp-json\/wp\/v2\/product_cat?post=72233"},{"taxonomy":"product_tag","embeddable":true,"href":"https:\/\/asbaratas.com.br\/loja\/wp-json\/wp\/v2\/product_tag?post=72233"}],"curies":[{"name":"wp","href":"https:\/\/api.w.org\/{rel}","templated":true}]}}