{"id":72226,"date":"2023-03-29T03:39:43","date_gmt":"2023-03-29T06:39:43","guid":{"rendered":"https:\/\/asbaratas.com.br\/loja\/?post_type=product&#038;p=72226"},"modified":"2026-05-07T11:26:03","modified_gmt":"2026-05-07T14:26:03","slug":"rwcf","status":"publish","type":"product","link":"https:\/\/asbaratas.com.br\/loja\/produto\/rwcf\/","title":{"rendered":"RWCF"},"content":{"rendered":"<p>REVOLUTIONARY WORKING CLASS FIGHTERS! PEOPLE POWER! Os Lutadores Revolucion\u00e1rios da Classe Trabalhadora empunham suas armas e avan\u00e7am para a vit\u00f3ria!<\/p>\n<p>Malha em 50% algod\u00e3o 50% poli\u00e9ster na cor cinza-mescla. Estampa em silk de alta qualidade.<\/p>\n<p>A taxa de encolhimento \u00e9 em m\u00e9dia 3% variando dos m\u00e9todos de lavagem.<\/p>\n<p>DICAS PARA SUA CAMISETA DURAR MUITO:<br \/>\n\u2022 LAVE COM \u00c1GUA FRIA<br \/>\n\u2022 PASSE ELA DO AVESSO<br \/>\n\u2022 N\u00c3O COLOQUE NA M\u00c1QUINA DE SECAR<br \/>\n\u2022 N\u00c3O DEIXE DE MOLHO<br \/>\n\u2022 SEMPRE SEQUE \u00c0 SOMBRA<\/p>\n<p>Arte por Rafa Louzada<\/p>\n","protected":false},"excerpt":{"rendered":"<p>REVOLUTIONARY WORKING CLASS FIGHTERS! PEOPLE POWER! Os Lutadores Revolucion\u00e1rios da Classe Trabalhadora empunham suas armas e avan\u00e7am para a vit\u00f3ria! Malha em 50% algod\u00e3o 50% poli\u00e9ster na cor cinza-mescla. Estampa em silk de alta qualidade. A taxa de encolhimento \u00e9 em m\u00e9dia 3% variando dos m\u00e9todos de lavagem. DICAS PARA SUA CAMISETA DURAR MUITO: \u2022 [&#8230;]\n","protected":false},"featured_media":72216,"comment_status":"open","ping_status":"closed","template":"","meta":[],"product_brand":[],"product_cat":[83],"product_tag":[1240,1632,1633,1578,1579,1571,1575,943,1582,944,976,1581,1580,187,1576,661,1583,1577],"class_list":{"0":"post-72226","1":"product","2":"type-product","3":"status-publish","4":"has-post-thumbnail","6":"product_cat-camiseta-reta","7":"product_tag-antifa","8":"product_tag-canhota","9":"product_tag-canhoto","10":"product_tag-class","11":"product_tag-comuna","12":"product_tag-esquerda","13":"product_tag-fighters","14":"product_tag-foice","15":"product_tag-leo","16":"product_tag-martelo","17":"product_tag-mike","18":"product_tag-molotov","19":"product_tag-pincel","20":"product_tag-rafa","21":"product_tag-revolutionary","22":"product_tag-tartarugas","23":"product_tag-tello","24":"product_tag-working","25":"pa_artista-rafa","26":"pa_cor-cinza","27":"pa_tamanho-2g","28":"pa_tamanho-3g","29":"pa_tamanho-4g","30":"pa_tamanho-5g","31":"pa_tamanho-g","32":"pa_tamanho-m","33":"pa_tamanho-p","34":"pa_tamanho-pp","35":"pa_tema-arte","36":"pa_tema-Cinema","37":"pa_tema-DesenhoAnimado","38":"pa_tema-Games","39":"pa_tema-HQ","40":"pa_tema-Humor","41":"pa_tema-Mashup","42":"pa_tema-Parodia","43":"product_type-variable","75":"pa_tema-Desenho Animado","82":"first","83":"instock","84":"shipping-taxable","85":"purchasable","86":"product-type-variable"},"_links":{"self":[{"href":"https:\/\/asbaratas.com.br\/loja\/wp-json\/wp\/v2\/product\/72226","targetHints":{"allow":["GET"]}}],"collection":[{"href":"https:\/\/asbaratas.com.br\/loja\/wp-json\/wp\/v2\/product"}],"about":[{"href":"https:\/\/asbaratas.com.br\/loja\/wp-json\/wp\/v2\/types\/product"}],"replies":[{"embeddable":true,"href":"https:\/\/asbaratas.com.br\/loja\/wp-json\/wp\/v2\/comments?post=72226"}],"wp:featuredmedia":[{"embeddable":true,"href":"https:\/\/asbaratas.com.br\/loja\/wp-json\/wp\/v2\/media\/72216"}],"wp:attachment":[{"href":"https:\/\/asbaratas.com.br\/loja\/wp-json\/wp\/v2\/media?parent=72226"}],"wp:term":[{"taxonomy":"product_brand","embeddable":true,"href":"https:\/\/asbaratas.com.br\/loja\/wp-json\/wp\/v2\/product_brand?post=72226"},{"taxonomy":"product_cat","embeddable":true,"href":"https:\/\/asbaratas.com.br\/loja\/wp-json\/wp\/v2\/product_cat?post=72226"},{"taxonomy":"product_tag","embeddable":true,"href":"https:\/\/asbaratas.com.br\/loja\/wp-json\/wp\/v2\/product_tag?post=72226"}],"curies":[{"name":"wp","href":"https:\/\/api.w.org\/{rel}","templated":true}]}}