{"id":72217,"date":"2023-03-29T03:38:00","date_gmt":"2023-03-29T06:38:00","guid":{"rendered":"https:\/\/asbaratas.com.br\/loja\/?post_type=product&#038;p=72217"},"modified":"2026-04-22T21:03:50","modified_gmt":"2026-04-23T00:03:50","slug":"homies_of_science","status":"publish","type":"product","link":"https:\/\/asbaratas.com.br\/loja\/produto\/homies_of_science\/","title":{"rendered":"HOMIES of SCIENCE"},"content":{"rendered":"<p>SCIENCE BRO! Aqui \u00e9 a ci\u00eacnia que comanda sem relativizar!<\/p>\n<p>Malha em 100% algod\u00e3o na cor preta com estampa em silk de alta qualidade.<\/p>\n<p>A taxa de encolhimento \u00e9 em m\u00e9dia 3% variando dos m\u00e9todos de lavagem.<\/p>\n<p>DICAS PARA SUA CAMISETA DURAR MUITO:<br \/>\n\u2022 LAVE COM \u00c1GUA FRIA<br \/>\n\u2022 PASSE ELA DO AVESSO<br \/>\n\u2022 N\u00c3O COLOQUE NA M\u00c1QUINA DE SECAR<br \/>\n\u2022 N\u00c3O DEIXE DE MOLHO<br \/>\n\u2022 SEMPRE SEQUE \u00c0 SOMBRA<\/p>\n<p>Arte por BUTCHER BILLY<\/p>\n","protected":false},"excerpt":{"rendered":"<p>SCIENCE BRO! Aqui \u00e9 a ci\u00eacnia que comanda sem relativizar! Malha em 100% algod\u00e3o na cor preta com estampa em silk de alta qualidade. A taxa de encolhimento \u00e9 em m\u00e9dia 3% variando dos m\u00e9todos de lavagem. DICAS PARA SUA CAMISETA DURAR MUITO: \u2022 LAVE COM \u00c1GUA FRIA \u2022 PASSE ELA DO AVESSO \u2022 N\u00c3O [&#8230;]\n","protected":false},"featured_media":72213,"comment_status":"open","ping_status":"closed","template":"","meta":[],"product_brand":[],"product_cat":[83],"product_tag":[1588,1410,415,1381,1402,1589,1380,181,1403,1585,183,1584,1586,1587,633,198,1409,1408,199,799,820,1404],"class_list":{"0":"post-72217","1":"product","2":"type-product","3":"status-publish","4":"has-post-thumbnail","6":"product_cat-camiseta-reta","7":"product_tag-albert","8":"product_tag-art","9":"product_tag-bad","10":"product_tag-billy","11":"product_tag-bowie","12":"product_tag-breaking","13":"product_tag-butcher","14":"product_tag-camiseta","15":"product_tag-david","16":"product_tag-einstein","17":"product_tag-estampa","18":"product_tag-heinsenberg","19":"product_tag-homies","20":"product_tag-mc","21":"product_tag-meme","22":"product_tag-musica","23":"product_tag-pop","24":"product_tag-popart","25":"product_tag-rock","26":"product_tag-rocky","27":"product_tag-science","28":"product_tag-space","29":"pa_artista-butcher_billy","30":"pa_cor-preto","31":"pa_tamanho-2g","32":"pa_tamanho-3g","33":"pa_tamanho-4g","34":"pa_tamanho-5g","35":"pa_tamanho-g","36":"pa_tamanho-m","37":"pa_tamanho-p","38":"pa_tamanho-pp","39":"pa_tema-arte","40":"pa_tema-Cinema","41":"pa_tema-Literatura","42":"pa_tema-Mashup","43":"pa_tema-Parodia","44":"pa_tema-series","45":"pa_tema-Televisao","46":"product_type-variable","88":"first","89":"instock","90":"shipping-taxable","91":"purchasable","92":"product-type-variable"},"_links":{"self":[{"href":"https:\/\/asbaratas.com.br\/loja\/wp-json\/wp\/v2\/product\/72217","targetHints":{"allow":["GET"]}}],"collection":[{"href":"https:\/\/asbaratas.com.br\/loja\/wp-json\/wp\/v2\/product"}],"about":[{"href":"https:\/\/asbaratas.com.br\/loja\/wp-json\/wp\/v2\/types\/product"}],"replies":[{"embeddable":true,"href":"https:\/\/asbaratas.com.br\/loja\/wp-json\/wp\/v2\/comments?post=72217"}],"wp:featuredmedia":[{"embeddable":true,"href":"https:\/\/asbaratas.com.br\/loja\/wp-json\/wp\/v2\/media\/72213"}],"wp:attachment":[{"href":"https:\/\/asbaratas.com.br\/loja\/wp-json\/wp\/v2\/media?parent=72217"}],"wp:term":[{"taxonomy":"product_brand","embeddable":true,"href":"https:\/\/asbaratas.com.br\/loja\/wp-json\/wp\/v2\/product_brand?post=72217"},{"taxonomy":"product_cat","embeddable":true,"href":"https:\/\/asbaratas.com.br\/loja\/wp-json\/wp\/v2\/product_cat?post=72217"},{"taxonomy":"product_tag","embeddable":true,"href":"https:\/\/asbaratas.com.br\/loja\/wp-json\/wp\/v2\/product_tag?post=72217"}],"curies":[{"name":"wp","href":"https:\/\/api.w.org\/{rel}","templated":true}]}}