{"id":72195,"date":"2023-03-28T22:50:19","date_gmt":"2023-03-29T01:50:19","guid":{"rendered":"https:\/\/asbaratas.com.br\/loja\/?post_type=product&#038;p=72195"},"modified":"2026-01-05T12:46:31","modified_gmt":"2026-01-05T15:46:31","slug":"bone-soberana-roxo","status":"publish","type":"product","link":"https:\/\/asbaratas.com.br\/loja\/produto\/bone-soberana-roxo\/","title":{"rendered":"BON\u00c9 \u2022 SOBERANA (ROXO)"},"content":{"rendered":"<p>Bon\u00e9 feito em colabora\u00e7\u00e3o com o pessoal do coletivo SOBERANA, com arte da soberaner Groselha At\u00f4mica.<\/p>\n<p>70% dos lucros das vendas desse produto vai diretamente para a SOBERANA!<\/p>\n<p>Bon\u00e9 americano aba curva com impress\u00e3o em baixo da aba e frente em relevo e bordado e emborrachado de alta qualidade.<\/p>\n<p>Tamanho \u00fanico com regulagem.<\/p>\n","protected":false},"excerpt":{"rendered":"<p>Bon\u00e9 feito em colabora\u00e7\u00e3o com o pessoal do coletivo SOBERANA, com arte da soberaner Groselha At\u00f4mica. 70% dos lucros das vendas desse produto vai diretamente para a SOBERANA! Bon\u00e9 americano aba curva com impress\u00e3o em baixo da aba e frente em relevo e bordado e emborrachado de alta qualidade. Tamanho \u00fanico com regulagem.<\/p>\n","protected":false},"featured_media":72197,"comment_status":"closed","ping_status":"closed","template":"","meta":[],"product_brand":[],"product_cat":[1488,1490],"product_tag":[1632,1633,1571,1635,1636,1570],"class_list":{"0":"post-72195","1":"product","2":"type-product","3":"status-publish","4":"has-post-thumbnail","6":"product_cat-bone","7":"product_cat-americano-fechado","8":"product_tag-canhota","9":"product_tag-canhoto","10":"product_tag-esquerda","11":"product_tag-ian","12":"product_tag-neves","13":"product_tag-soberana","14":"pa_artista-groselha","15":"pa_tema-arte","16":"pa_tema-oficial","17":"product_type-simple","18":"product_visibility-outofstock","31":"first","32":"outofstock","33":"sale","34":"shipping-taxable","35":"purchasable","36":"product-type-simple"},"_links":{"self":[{"href":"https:\/\/asbaratas.com.br\/loja\/wp-json\/wp\/v2\/product\/72195","targetHints":{"allow":["GET"]}}],"collection":[{"href":"https:\/\/asbaratas.com.br\/loja\/wp-json\/wp\/v2\/product"}],"about":[{"href":"https:\/\/asbaratas.com.br\/loja\/wp-json\/wp\/v2\/types\/product"}],"replies":[{"embeddable":true,"href":"https:\/\/asbaratas.com.br\/loja\/wp-json\/wp\/v2\/comments?post=72195"}],"wp:featuredmedia":[{"embeddable":true,"href":"https:\/\/asbaratas.com.br\/loja\/wp-json\/wp\/v2\/media\/72197"}],"wp:attachment":[{"href":"https:\/\/asbaratas.com.br\/loja\/wp-json\/wp\/v2\/media?parent=72195"}],"wp:term":[{"taxonomy":"product_brand","embeddable":true,"href":"https:\/\/asbaratas.com.br\/loja\/wp-json\/wp\/v2\/product_brand?post=72195"},{"taxonomy":"product_cat","embeddable":true,"href":"https:\/\/asbaratas.com.br\/loja\/wp-json\/wp\/v2\/product_cat?post=72195"},{"taxonomy":"product_tag","embeddable":true,"href":"https:\/\/asbaratas.com.br\/loja\/wp-json\/wp\/v2\/product_tag?post=72195"}],"curies":[{"name":"wp","href":"https:\/\/api.w.org\/{rel}","templated":true}]}}