{"id":72117,"date":"2023-03-27T13:08:15","date_gmt":"2023-03-27T16:08:15","guid":{"rendered":"https:\/\/asbaratas.com.br\/loja\/?post_type=product&#038;p=72117"},"modified":"2026-04-03T18:38:20","modified_gmt":"2026-04-03T21:38:20","slug":"bone-fighters-leo","status":"publish","type":"product","link":"https:\/\/asbaratas.com.br\/loja\/produto\/bone-fighters-leo\/","title":{"rendered":"BON\u00c9 \u2022 FIGHTERS LEO"},"content":{"rendered":"<p>LUTADORES REVOLUCION\u00c1RIOS DA CLASSE TRABALHADORA UNI-VOS!<\/p>\n<p>&nbsp;<\/p>\n<p>Bon\u00e9 americano fechado com aba AZUL em veludo e frente em relevo e bordado de alta qualidade.<\/p>\n<p>Tamanho \u00fanico com regulagem.<\/p>\n","protected":false},"excerpt":{"rendered":"<p>LUTADORES REVOLUCION\u00c1RIOS DA CLASSE TRABALHADORA UNI-VOS! &nbsp; Bon\u00e9 americano fechado com aba AZUL em veludo e frente em relevo e bordado de alta qualidade. Tamanho \u00fanico com regulagem.<\/p>\n","protected":false},"featured_media":72118,"comment_status":"closed","ping_status":"closed","template":"","meta":[],"product_brand":[],"product_cat":[1490,1488],"product_tag":[1632,1633,1571,1575,1634,663],"class_list":{"0":"post-72117","1":"product","2":"type-product","3":"status-publish","4":"has-post-thumbnail","6":"product_cat-americano-fechado","7":"product_cat-bone","8":"product_tag-canhota","9":"product_tag-canhoto","10":"product_tag-esquerda","11":"product_tag-fighters","12":"product_tag-rwcf","13":"product_tag-tmnt","14":"pa_artista-barata","15":"pa_tema-arte","16":"pa_tema-Cinema","17":"pa_tema-DesenhoAnimado","18":"pa_tema-Mashup","19":"pa_tema-Parodia","20":"product_type-simple","32":"pa_tema-Desenho Animado","36":"first","37":"instock","38":"shipping-taxable","39":"purchasable","40":"product-type-simple"},"_links":{"self":[{"href":"https:\/\/asbaratas.com.br\/loja\/wp-json\/wp\/v2\/product\/72117","targetHints":{"allow":["GET"]}}],"collection":[{"href":"https:\/\/asbaratas.com.br\/loja\/wp-json\/wp\/v2\/product"}],"about":[{"href":"https:\/\/asbaratas.com.br\/loja\/wp-json\/wp\/v2\/types\/product"}],"replies":[{"embeddable":true,"href":"https:\/\/asbaratas.com.br\/loja\/wp-json\/wp\/v2\/comments?post=72117"}],"wp:featuredmedia":[{"embeddable":true,"href":"https:\/\/asbaratas.com.br\/loja\/wp-json\/wp\/v2\/media\/72118"}],"wp:attachment":[{"href":"https:\/\/asbaratas.com.br\/loja\/wp-json\/wp\/v2\/media?parent=72117"}],"wp:term":[{"taxonomy":"product_brand","embeddable":true,"href":"https:\/\/asbaratas.com.br\/loja\/wp-json\/wp\/v2\/product_brand?post=72117"},{"taxonomy":"product_cat","embeddable":true,"href":"https:\/\/asbaratas.com.br\/loja\/wp-json\/wp\/v2\/product_cat?post=72117"},{"taxonomy":"product_tag","embeddable":true,"href":"https:\/\/asbaratas.com.br\/loja\/wp-json\/wp\/v2\/product_tag?post=72117"}],"curies":[{"name":"wp","href":"https:\/\/api.w.org\/{rel}","templated":true}]}}