{"id":69810,"date":"2022-12-14T15:29:39","date_gmt":"2022-12-14T18:29:39","guid":{"rendered":"https:\/\/asbaratas.com.br\/loja\/?post_type=product&#038;p=69810"},"modified":"2026-04-17T19:31:44","modified_gmt":"2026-04-17T22:31:44","slug":"gamv","status":"publish","type":"product","link":"https:\/\/asbaratas.com.br\/loja\/produto\/gamv\/","title":{"rendered":"GIBIS ARRUINARAM&#8230;"},"content":{"rendered":"<p>Colecionar gibi n\u00e3o \u00e9 f\u00e1cil, sempre chega aquele ponto de olhar para aquela estante cheia de belas lombadas e admitir que&#8230;<\/p>\n<p>Malha em 100% algod\u00e3o na cor preta com estampa em silk de alta qualidade.<\/p>\n<p>A taxa de encolhimento \u00e9 em m\u00e9dia 3% variando dos m\u00e9todos de lavagem.<\/p>\n<p>DICAS PARA SUA CAMISETA DURAR MUITO:<br \/>\n\u2022 LAVE COM \u00c1GUA FRIA<br \/>\n\u2022 PASSE ELA DO AVESSO<br \/>\n\u2022 N\u00c3O COLOQUE NA M\u00c1QUINA DE SECAR<br \/>\n\u2022 N\u00c3O DEIXE DE MOLHO<br \/>\n\u2022 SEMPRE SEQUE \u00c0 SOMBRA<\/p>\n<p>Arte por Wagner William<\/p>\n<p>As camisetas s\u00e3o despachadas em at\u00e9 3 dias \u00fateis.<\/p>\n","protected":false},"excerpt":{"rendered":"<p>Colecionar gibi n\u00e3o \u00e9 f\u00e1cil, sempre chega aquele ponto de olhar para aquela estante cheia de belas lombadas e admitir que&#8230; Malha em 100% algod\u00e3o na cor preta com estampa em silk de alta qualidade. A taxa de encolhimento \u00e9 em m\u00e9dia 3% variando dos m\u00e9todos de lavagem. DICAS PARA SUA CAMISETA DURAR MUITO: \u2022 [&#8230;]\n","protected":false},"featured_media":69851,"comment_status":"open","ping_status":"closed","template":"","meta":[],"product_brand":[],"product_cat":[83],"product_tag":[1531,1527,182,181,213,1529,930,183,1398,1530,1533,514,1048,1047,193,1528,1534,1532],"class_list":{"0":"post-69810","1":"product","2":"type-product","3":"status-publish","4":"has-post-thumbnail","6":"product_cat-camiseta-reta","7":"product_tag-arruinaram","8":"product_tag-book","9":"product_tag-camisa","10":"product_tag-camiseta","11":"product_tag-cinema","12":"product_tag-colecionador","13":"product_tag-comic","14":"product_tag-estampa","15":"product_tag-final","16":"product_tag-gibis","17":"product_tag-graninha","18":"product_tag-guy","19":"product_tag-pau","20":"product_tag-pica","21":"product_tag-quadrinhos","22":"product_tag-simp","23":"product_tag-urso","24":"product_tag-vida","25":"pa_artista-wagnerwilliam","26":"pa_cor-preto","27":"pa_tamanho-2g","28":"pa_tamanho-3g","29":"pa_tamanho-4g","30":"pa_tamanho-5g","31":"pa_tamanho-g","32":"pa_tamanho-m","33":"pa_tamanho-p","34":"pa_tamanho-pp","35":"pa_tema-arte","36":"pa_tema-DesenhoAnimado","37":"pa_tema-HQ","38":"pa_tema-Humor","39":"pa_tema-Parodia","40":"product_type-variable","71":"pa_tema-Desenho Animado","76":"first","77":"instock","78":"shipping-taxable","79":"purchasable","80":"product-type-variable"},"_links":{"self":[{"href":"https:\/\/asbaratas.com.br\/loja\/wp-json\/wp\/v2\/product\/69810","targetHints":{"allow":["GET"]}}],"collection":[{"href":"https:\/\/asbaratas.com.br\/loja\/wp-json\/wp\/v2\/product"}],"about":[{"href":"https:\/\/asbaratas.com.br\/loja\/wp-json\/wp\/v2\/types\/product"}],"replies":[{"embeddable":true,"href":"https:\/\/asbaratas.com.br\/loja\/wp-json\/wp\/v2\/comments?post=69810"}],"wp:featuredmedia":[{"embeddable":true,"href":"https:\/\/asbaratas.com.br\/loja\/wp-json\/wp\/v2\/media\/69851"}],"wp:attachment":[{"href":"https:\/\/asbaratas.com.br\/loja\/wp-json\/wp\/v2\/media?parent=69810"}],"wp:term":[{"taxonomy":"product_brand","embeddable":true,"href":"https:\/\/asbaratas.com.br\/loja\/wp-json\/wp\/v2\/product_brand?post=69810"},{"taxonomy":"product_cat","embeddable":true,"href":"https:\/\/asbaratas.com.br\/loja\/wp-json\/wp\/v2\/product_cat?post=69810"},{"taxonomy":"product_tag","embeddable":true,"href":"https:\/\/asbaratas.com.br\/loja\/wp-json\/wp\/v2\/product_tag?post=69810"}],"curies":[{"name":"wp","href":"https:\/\/api.w.org\/{rel}","templated":true}]}}