{"id":69801,"date":"2022-12-14T15:28:43","date_gmt":"2022-12-14T18:28:43","guid":{"rendered":"https:\/\/asbaratas.com.br\/loja\/?post_type=product&#038;p=69801"},"modified":"2026-04-07T02:40:10","modified_gmt":"2026-04-07T05:40:10","slug":"office","status":"publish","type":"product","link":"https:\/\/asbaratas.com.br\/loja\/produto\/office\/","title":{"rendered":"DUNDER MIFFLIN INC."},"content":{"rendered":"<p>Seja o quadro de f\u00fancion\u00e1rios do m\u00eas nessa peita responsa que homenageia nosso escrit\u00f3rio mais querido.<\/p>\n<p>Malha em 100% algod\u00e3o na cor branca com estampa em silk de alta qualidade.<\/p>\n<p>A taxa de encolhimento \u00e9 em m\u00e9dia 3% variando dos m\u00e9todos de lavagem.<\/p>\n<p>DICAS PARA SUA CAMISETA DURAR MUITO:<br \/>\n\u2022 LAVE COM \u00c1GUA FRIA<br \/>\n\u2022 PASSE ELA DO AVESSO<br \/>\n\u2022 N\u00c3O COLOQUE NA M\u00c1QUINA DE SECAR<br \/>\n\u2022 N\u00c3O DEIXE DE MOLHO<br \/>\n\u2022 SEMPRE SEQUE \u00c0 SOMBRA<\/p>\n<p>Arte por Thobias Daneluz<\/p>\n<p>As camisetas s\u00e3o despachadas em at\u00e9 3 dias \u00fateis.<\/p>\n","protected":false},"excerpt":{"rendered":"<p>Seja o quadro de f\u00fancion\u00e1rios do m\u00eas nessa peita responsa que homenageia nosso escrit\u00f3rio mais querido. Malha em 100% algod\u00e3o na cor branca com estampa em silk de alta qualidade. A taxa de encolhimento \u00e9 em m\u00e9dia 3% variando dos m\u00e9todos de lavagem. DICAS PARA SUA CAMISETA DURAR MUITO: \u2022 LAVE COM \u00c1GUA FRIA \u2022 [&#8230;]\n","protected":false},"featured_media":69857,"comment_status":"open","ping_status":"closed","template":"","meta":[],"product_brand":[],"product_cat":[83],"product_tag":[1539,1538,1540,1535,1541,261,874,1536,1537,639],"class_list":{"0":"post-69801","1":"product","2":"type-product","3":"status-publish","4":"has-post-thumbnail","6":"product_cat-camiseta-reta","7":"product_tag-caricatura","8":"product_tag-daneluz","9":"product_tag-dunder","10":"product_tag-office","11":"product_tag-papel","12":"product_tag-serie","13":"product_tag-the","14":"product_tag-theoffice","15":"product_tag-thobias","16":"product_tag-tv","17":"pa_artista-thobias","18":"pa_cor-branco","19":"pa_tamanho-2g","20":"pa_tamanho-3g","21":"pa_tamanho-4g","22":"pa_tamanho-5g","23":"pa_tamanho-g","24":"pa_tamanho-m","25":"pa_tamanho-p","26":"pa_tamanho-pp","27":"pa_tema-arte","28":"pa_tema-Humor","29":"pa_tema-Parodia","30":"pa_tema-series","31":"pa_tema-Televisao","32":"product_type-variable","60":"first","61":"instock","62":"shipping-taxable","63":"purchasable","64":"product-type-variable","65":"has-default-attributes"},"_links":{"self":[{"href":"https:\/\/asbaratas.com.br\/loja\/wp-json\/wp\/v2\/product\/69801","targetHints":{"allow":["GET"]}}],"collection":[{"href":"https:\/\/asbaratas.com.br\/loja\/wp-json\/wp\/v2\/product"}],"about":[{"href":"https:\/\/asbaratas.com.br\/loja\/wp-json\/wp\/v2\/types\/product"}],"replies":[{"embeddable":true,"href":"https:\/\/asbaratas.com.br\/loja\/wp-json\/wp\/v2\/comments?post=69801"}],"wp:featuredmedia":[{"embeddable":true,"href":"https:\/\/asbaratas.com.br\/loja\/wp-json\/wp\/v2\/media\/69857"}],"wp:attachment":[{"href":"https:\/\/asbaratas.com.br\/loja\/wp-json\/wp\/v2\/media?parent=69801"}],"wp:term":[{"taxonomy":"product_brand","embeddable":true,"href":"https:\/\/asbaratas.com.br\/loja\/wp-json\/wp\/v2\/product_brand?post=69801"},{"taxonomy":"product_cat","embeddable":true,"href":"https:\/\/asbaratas.com.br\/loja\/wp-json\/wp\/v2\/product_cat?post=69801"},{"taxonomy":"product_tag","embeddable":true,"href":"https:\/\/asbaratas.com.br\/loja\/wp-json\/wp\/v2\/product_tag?post=69801"}],"curies":[{"name":"wp","href":"https:\/\/api.w.org\/{rel}","templated":true}]}}