{"id":69791,"date":"2022-12-14T15:26:49","date_gmt":"2022-12-14T18:26:49","guid":{"rendered":"https:\/\/asbaratas.com.br\/loja\/?post_type=product&#038;p=69791"},"modified":"2026-03-11T08:33:08","modified_gmt":"2026-03-11T11:33:08","slug":"future_pika","status":"publish","type":"product","link":"https:\/\/asbaratas.com.br\/loja\/produto\/future_pika\/","title":{"rendered":"FUTURE RULES"},"content":{"rendered":"<p>Bora abrir a cabe\u00e7a com uma motoserra e vislumbrar um belo futuro pela frente!<\/p>\n<p>Malha em 100% algod\u00e3o na cor preta com estampa em silk de alta qualidade.<\/p>\n<p>A taxa de encolhimento \u00e9 em m\u00e9dia 3% variando dos m\u00e9todos de lavagem.<\/p>\n<p>DICAS PARA SUA CAMISETA DURAR MUITO:<br \/>\n\u2022 LAVE COM \u00c1GUA FRIA<br \/>\n\u2022 PASSE ELA DO AVESSO<br \/>\n\u2022 N\u00c3O COLOQUE NA M\u00c1QUINA DE SECAR<br \/>\n\u2022 N\u00c3O DEIXE DE MOLHO<br \/>\n\u2022 SEMPRE SEQUE \u00c0 SOMBRA<\/p>\n<p>Arte por Santtos<\/p>\n<p>As camisetas s\u00e3o despachadas em at\u00e9 3 dias \u00fateis.<\/p>\n","protected":false},"excerpt":{"rendered":"<p>Bora abrir a cabe\u00e7a com uma motoserra e vislumbrar um belo futuro pela frente! Malha em 100% algod\u00e3o na cor preta com estampa em silk de alta qualidade. A taxa de encolhimento \u00e9 em m\u00e9dia 3% variando dos m\u00e9todos de lavagem. DICAS PARA SUA CAMISETA DURAR MUITO: \u2022 LAVE COM \u00c1GUA FRIA \u2022 PASSE ELA [&#8230;]\n","protected":false},"featured_media":69849,"comment_status":"open","ping_status":"closed","template":"","meta":[],"product_brand":[],"product_cat":[83],"product_tag":[1542,1632,1633,1360,463,505,1571,1543,1545,290,722,1047,1547,1546,1544,1299],"class_list":{"0":"post-69791","1":"product","2":"type-product","3":"status-publish","4":"has-post-thumbnail","6":"product_cat-camiseta-reta","7":"product_tag-army","8":"product_tag-canhota","9":"product_tag-canhoto","10":"product_tag-chainsaw","11":"product_tag-darkness","12":"product_tag-dead","13":"product_tag-esquerda","14":"product_tag-evil","15":"product_tag-future","16":"product_tag-futuro","17":"product_tag-man","18":"product_tag-pica","19":"product_tag-pika","20":"product_tag-rules","21":"product_tag-salary","22":"product_tag-santtos","23":"pa_artista-santtos","24":"pa_cor-preto","25":"pa_tamanho-2g","26":"pa_tamanho-3g","27":"pa_tamanho-4g","28":"pa_tamanho-5g","29":"pa_tamanho-g","30":"pa_tamanho-m","31":"pa_tamanho-p","32":"pa_tamanho-pp","33":"pa_tema-arte","34":"pa_tema-DesenhoAnimado","35":"pa_tema-HQ","36":"pa_tema-Mashup","37":"pa_tema-Parodia","38":"product_type-variable","67":"pa_tema-Desenho Animado","72":"first","73":"instock","74":"shipping-taxable","75":"purchasable","76":"product-type-variable"},"_links":{"self":[{"href":"https:\/\/asbaratas.com.br\/loja\/wp-json\/wp\/v2\/product\/69791","targetHints":{"allow":["GET"]}}],"collection":[{"href":"https:\/\/asbaratas.com.br\/loja\/wp-json\/wp\/v2\/product"}],"about":[{"href":"https:\/\/asbaratas.com.br\/loja\/wp-json\/wp\/v2\/types\/product"}],"replies":[{"embeddable":true,"href":"https:\/\/asbaratas.com.br\/loja\/wp-json\/wp\/v2\/comments?post=69791"}],"wp:featuredmedia":[{"embeddable":true,"href":"https:\/\/asbaratas.com.br\/loja\/wp-json\/wp\/v2\/media\/69849"}],"wp:attachment":[{"href":"https:\/\/asbaratas.com.br\/loja\/wp-json\/wp\/v2\/media?parent=69791"}],"wp:term":[{"taxonomy":"product_brand","embeddable":true,"href":"https:\/\/asbaratas.com.br\/loja\/wp-json\/wp\/v2\/product_brand?post=69791"},{"taxonomy":"product_cat","embeddable":true,"href":"https:\/\/asbaratas.com.br\/loja\/wp-json\/wp\/v2\/product_cat?post=69791"},{"taxonomy":"product_tag","embeddable":true,"href":"https:\/\/asbaratas.com.br\/loja\/wp-json\/wp\/v2\/product_tag?post=69791"}],"curies":[{"name":"wp","href":"https:\/\/api.w.org\/{rel}","templated":true}]}}