{"id":69784,"date":"2022-12-14T15:25:43","date_gmt":"2022-12-14T18:25:43","guid":{"rendered":"https:\/\/asbaratas.com.br\/loja\/?post_type=product&#038;p=69784"},"modified":"2026-05-15T12:52:22","modified_gmt":"2026-05-15T15:52:22","slug":"masters_dance","status":"publish","type":"product","link":"https:\/\/asbaratas.com.br\/loja\/produto\/masters_dance\/","title":{"rendered":"MASTERS OF DANCING"},"content":{"rendered":"<p>Os Mestres da&#8230; Dan\u00e7a est\u00e3o entre n\u00f3s! O lance agora \u00e9 ter a FOR\u00c7A de vencer essa competi\u00e7\u00e3o t\u00e3o acirrada e eterna.<\/p>\n<p>Malha em 100% algod\u00e3o na cor creme com estampa em silk em cromia de alta qualidade.<\/p>\n<p>A taxa de encolhimento \u00e9 em m\u00e9dia 3% variando dos m\u00e9todos de lavagem.<\/p>\n<p>DICAS PARA SUA CAMISETA DURAR MUITO:<br \/>\n\u2022 LAVE COM \u00c1GUA FRIA<br \/>\n\u2022 PASSE ELA DO AVESSO<br \/>\n\u2022 N\u00c3O COLOQUE NA M\u00c1QUINA DE SECAR<br \/>\n\u2022 N\u00c3O DEIXE DE MOLHO<br \/>\n\u2022 SEMPRE SEQUE \u00c0 SOMBRA<\/p>\n<p>Arte por BUTCHER BILLY<\/p>\n<p>As camisetas s\u00e3o despachadas em at\u00e9 3 dias \u00fateis.<\/p>\n","protected":false},"excerpt":{"rendered":"<p>Os Mestres da&#8230; Dan\u00e7a est\u00e3o entre n\u00f3s! O lance agora \u00e9 ter a FOR\u00c7A de vencer essa competi\u00e7\u00e3o t\u00e3o acirrada e eterna. Malha em 100% algod\u00e3o na cor creme com estampa em silk em cromia de alta qualidade. A taxa de encolhimento \u00e9 em m\u00e9dia 3% variando dos m\u00e9todos de lavagem. DICAS PARA SUA CAMISETA [&#8230;]\n","protected":false},"featured_media":69855,"comment_status":"open","ping_status":"closed","template":"","meta":[],"product_brand":[],"product_cat":[83],"product_tag":[1381,1380,1557,1550,1549,1555,1554,1553,1551,1552,1556,1548,673],"class_list":{"0":"post-69784","1":"product","2":"type-product","3":"status-publish","4":"has-post-thumbnail","6":"product_cat-camiseta-reta","7":"product_tag-billy","8":"product_tag-butcher","9":"product_tag-danca","10":"product_tag-dance","11":"product_tag-dancing","12":"product_tag-dirt","13":"product_tag-esqueleto","14":"product_tag-exqueleto","15":"product_tag-heman","16":"product_tag-herman","17":"product_tag-life","18":"product_tag-masters","19":"product_tag-time","20":"pa_artista-butcher_billy","21":"pa_cor-creme","22":"pa_tamanho-2g","23":"pa_tamanho-3g","24":"pa_tamanho-4g","25":"pa_tamanho-5g","26":"pa_tamanho-g","27":"pa_tamanho-m","28":"pa_tamanho-p","29":"pa_tamanho-pp","30":"pa_tema-arte","31":"pa_tema-Cinema","32":"pa_tema-DesenhoAnimado","33":"pa_tema-Humor","34":"pa_tema-Mashup","35":"pa_tema-Parodia","36":"product_type-variable","63":"pa_tema-Desenho Animado","68":"first","69":"instock","70":"shipping-taxable","71":"purchasable","72":"product-type-variable"},"_links":{"self":[{"href":"https:\/\/asbaratas.com.br\/loja\/wp-json\/wp\/v2\/product\/69784","targetHints":{"allow":["GET"]}}],"collection":[{"href":"https:\/\/asbaratas.com.br\/loja\/wp-json\/wp\/v2\/product"}],"about":[{"href":"https:\/\/asbaratas.com.br\/loja\/wp-json\/wp\/v2\/types\/product"}],"replies":[{"embeddable":true,"href":"https:\/\/asbaratas.com.br\/loja\/wp-json\/wp\/v2\/comments?post=69784"}],"wp:featuredmedia":[{"embeddable":true,"href":"https:\/\/asbaratas.com.br\/loja\/wp-json\/wp\/v2\/media\/69855"}],"wp:attachment":[{"href":"https:\/\/asbaratas.com.br\/loja\/wp-json\/wp\/v2\/media?parent=69784"}],"wp:term":[{"taxonomy":"product_brand","embeddable":true,"href":"https:\/\/asbaratas.com.br\/loja\/wp-json\/wp\/v2\/product_brand?post=69784"},{"taxonomy":"product_cat","embeddable":true,"href":"https:\/\/asbaratas.com.br\/loja\/wp-json\/wp\/v2\/product_cat?post=69784"},{"taxonomy":"product_tag","embeddable":true,"href":"https:\/\/asbaratas.com.br\/loja\/wp-json\/wp\/v2\/product_tag?post=69784"}],"curies":[{"name":"wp","href":"https:\/\/api.w.org\/{rel}","templated":true}]}}