{"id":69244,"date":"2022-12-05T23:38:55","date_gmt":"2022-12-06T02:38:55","guid":{"rendered":"https:\/\/asbaratas.com.br\/loja\/?post_type=product&#038;p=69244"},"modified":"2026-02-07T13:38:17","modified_gmt":"2026-02-07T16:38:17","slug":"bone-fighters-rafa","status":"publish","type":"product","link":"https:\/\/asbaratas.com.br\/loja\/produto\/bone-fighters-rafa\/","title":{"rendered":"BON\u00c9 \u2022 FIGHTERS RAFA"},"content":{"rendered":"<p>LUTADORES REVOLUCION\u00c1RIOS DA CLASSE TRABALHADORA UNI-VOS!<\/p>\n<p>&nbsp;<\/p>\n<p>Bon\u00e9 6 Panel aba curva com aba vermelha em veludo e frente em relevo e bordado de alta qualidade.<\/p>\n<p>Tamanho \u00fanico com regulagem.<\/p>\n","protected":false},"excerpt":{"rendered":"<p>LUTADORES REVOLUCION\u00c1RIOS DA CLASSE TRABALHADORA UNI-VOS! &nbsp; Bon\u00e9 6 Panel aba curva com aba vermelha em veludo e frente em relevo e bordado de alta qualidade. Tamanho \u00fanico com regulagem.<\/p>\n","protected":false},"featured_media":69245,"comment_status":"closed","ping_status":"closed","template":"","meta":[],"product_brand":[],"product_cat":[1488,1526],"product_tag":[1632,1633,1571,1566,1634,663],"class_list":{"0":"post-69244","1":"product","2":"type-product","3":"status-publish","4":"has-post-thumbnail","6":"product_cat-bone","7":"product_cat-six-panel-aba-curva","8":"product_tag-canhota","9":"product_tag-canhoto","10":"product_tag-esquerda","11":"product_tag-radical","12":"product_tag-rwcf","13":"product_tag-tmnt","14":"pa_artista-barata","15":"pa_tema-DesenhoAnimado","16":"pa_tema-HQ","17":"pa_tema-Parodia","18":"product_type-simple","28":"pa_tema-Desenho Animado","32":"first","33":"instock","34":"shipping-taxable","35":"purchasable","36":"product-type-simple"},"_links":{"self":[{"href":"https:\/\/asbaratas.com.br\/loja\/wp-json\/wp\/v2\/product\/69244","targetHints":{"allow":["GET"]}}],"collection":[{"href":"https:\/\/asbaratas.com.br\/loja\/wp-json\/wp\/v2\/product"}],"about":[{"href":"https:\/\/asbaratas.com.br\/loja\/wp-json\/wp\/v2\/types\/product"}],"replies":[{"embeddable":true,"href":"https:\/\/asbaratas.com.br\/loja\/wp-json\/wp\/v2\/comments?post=69244"}],"wp:featuredmedia":[{"embeddable":true,"href":"https:\/\/asbaratas.com.br\/loja\/wp-json\/wp\/v2\/media\/69245"}],"wp:attachment":[{"href":"https:\/\/asbaratas.com.br\/loja\/wp-json\/wp\/v2\/media?parent=69244"}],"wp:term":[{"taxonomy":"product_brand","embeddable":true,"href":"https:\/\/asbaratas.com.br\/loja\/wp-json\/wp\/v2\/product_brand?post=69244"},{"taxonomy":"product_cat","embeddable":true,"href":"https:\/\/asbaratas.com.br\/loja\/wp-json\/wp\/v2\/product_cat?post=69244"},{"taxonomy":"product_tag","embeddable":true,"href":"https:\/\/asbaratas.com.br\/loja\/wp-json\/wp\/v2\/product_tag?post=69244"}],"curies":[{"name":"wp","href":"https:\/\/api.w.org\/{rel}","templated":true}]}}