{"id":68252,"date":"2022-11-25T00:51:21","date_gmt":"2022-11-25T03:51:21","guid":{"rendered":"https:\/\/asbaratas.com.br\/loja\/?post_type=product&#038;p=68252"},"modified":"2025-12-10T19:42:51","modified_gmt":"2025-12-10T22:42:51","slug":"bone-testblack","status":"publish","type":"product","link":"https:\/\/asbaratas.com.br\/loja\/produto\/bone-testblack\/","title":{"rendered":"BON\u00c9 \u2022 TEST all black"},"content":{"rendered":"<p>Esse bon\u00e9 \u00e9 uma collab com o TEST, banda mais correria do Grind\/Death Metal BR, parte do valor das vendas \u00e9 revertido diretamente para o corre da banda!<\/p>\n<p><center><br \/>\n<iframe loading=\"lazy\" width=\"800\" height=\"480\" src=\"https:\/\/www.youtube.com\/embed\/G4ZGfIaQoMM\" title=\"YouTube video player\" frameborder=\"0\" allow=\"accelerometer; autoplay; clipboard-write; encrypted-media; gyroscope; picture-in-picture\" allowfullscreen><\/iframe><br \/>\n<\/center><\/p>\n<p>Bon\u00e9 Americano fechado com a frente em relevo bordado de alta qualidade.<\/p>\n<p>Tamanho \u00fanico com regulagem.<\/p>\n<p>&nbsp;<\/p>\n<p>&nbsp;<\/p>\n","protected":false},"excerpt":{"rendered":"<p>Esse bon\u00e9 \u00e9 uma collab com o TEST, banda mais correria do Grind\/Death Metal BR, parte do valor das vendas \u00e9 revertido diretamente para o corre da banda! Bon\u00e9 Americano fechado com a frente em relevo bordado de alta qualidade. Tamanho \u00fanico com regulagem. &nbsp; &nbsp;<\/p>\n","protected":false},"featured_media":68254,"comment_status":"closed","ping_status":"closed","template":"","meta":[],"product_brand":[],"product_cat":[1490,1488],"product_tag":[],"class_list":{"0":"post-68252","1":"product","2":"type-product","3":"status-publish","4":"has-post-thumbnail","6":"product_cat-americano-fechado","7":"product_cat-bone","8":"pa_artista-test","9":"pa_tema-arte","10":"pa_tema-Cinema","11":"pa_tema-Musica","12":"pa_tema-oficial","13":"product_type-simple","14":"product_visibility-outofstock","23":"first","24":"outofstock","25":"shipping-taxable","26":"purchasable","27":"product-type-simple"},"_links":{"self":[{"href":"https:\/\/asbaratas.com.br\/loja\/wp-json\/wp\/v2\/product\/68252","targetHints":{"allow":["GET"]}}],"collection":[{"href":"https:\/\/asbaratas.com.br\/loja\/wp-json\/wp\/v2\/product"}],"about":[{"href":"https:\/\/asbaratas.com.br\/loja\/wp-json\/wp\/v2\/types\/product"}],"replies":[{"embeddable":true,"href":"https:\/\/asbaratas.com.br\/loja\/wp-json\/wp\/v2\/comments?post=68252"}],"wp:featuredmedia":[{"embeddable":true,"href":"https:\/\/asbaratas.com.br\/loja\/wp-json\/wp\/v2\/media\/68254"}],"wp:attachment":[{"href":"https:\/\/asbaratas.com.br\/loja\/wp-json\/wp\/v2\/media?parent=68252"}],"wp:term":[{"taxonomy":"product_brand","embeddable":true,"href":"https:\/\/asbaratas.com.br\/loja\/wp-json\/wp\/v2\/product_brand?post=68252"},{"taxonomy":"product_cat","embeddable":true,"href":"https:\/\/asbaratas.com.br\/loja\/wp-json\/wp\/v2\/product_cat?post=68252"},{"taxonomy":"product_tag","embeddable":true,"href":"https:\/\/asbaratas.com.br\/loja\/wp-json\/wp\/v2\/product_tag?post=68252"}],"curies":[{"name":"wp","href":"https:\/\/api.w.org\/{rel}","templated":true}]}}