{"id":66994,"date":"2022-10-12T00:38:52","date_gmt":"2022-10-12T03:38:52","guid":{"rendered":"https:\/\/asbaratas.com.br\/loja\/?post_type=product&#038;p=66994"},"modified":"2025-12-24T15:56:43","modified_gmt":"2025-12-24T18:56:43","slug":"bone-soberana","status":"publish","type":"product","link":"https:\/\/asbaratas.com.br\/loja\/produto\/bone-soberana\/","title":{"rendered":"BON\u00c9 \u2022 SOBERANA"},"content":{"rendered":"<p>Bon\u00e9 feito em colabora\u00e7\u00e3o com o pessoal do coletivo SOBERANA, com arte da soberaner Groselha At\u00f4mica.<\/p>\n<p>70% dos lucros das vendas desse produto vai diretamente para a SOBERANA!<\/p>\n<p>Bon\u00e9 6 Panel aba reta com impress\u00e3o em silk em baixo da aba e frente em relevo e bordado de alta qualidade.<\/p>\n<p>Tamanho \u00fanico com regulagem.<\/p>\n","protected":false},"excerpt":{"rendered":"<p>Bon\u00e9 feito em colabora\u00e7\u00e3o com o pessoal do coletivo SOBERANA, com arte da soberaner Groselha At\u00f4mica. 70% dos lucros das vendas desse produto vai diretamente para a SOBERANA! Bon\u00e9 6 Panel aba reta com impress\u00e3o em silk em baixo da aba e frente em relevo e bordado de alta qualidade. Tamanho \u00fanico com regulagem.<\/p>\n","protected":false},"featured_media":66973,"comment_status":"closed","ping_status":"closed","template":"","meta":[],"product_brand":[],"product_cat":[1488,1492],"product_tag":[1632,1633,1571,1570],"class_list":{"0":"post-66994","1":"product","2":"type-product","3":"status-publish","4":"has-post-thumbnail","6":"product_cat-bone","7":"product_cat-six-panel-aba-reta","8":"product_tag-canhota","9":"product_tag-canhoto","10":"product_tag-esquerda","11":"product_tag-soberana","12":"pa_artista-groselha","13":"pa_tema-oficial","14":"product_type-simple","24":"first","25":"instock","26":"shipping-taxable","27":"purchasable","28":"product-type-simple"},"_links":{"self":[{"href":"https:\/\/asbaratas.com.br\/loja\/wp-json\/wp\/v2\/product\/66994","targetHints":{"allow":["GET"]}}],"collection":[{"href":"https:\/\/asbaratas.com.br\/loja\/wp-json\/wp\/v2\/product"}],"about":[{"href":"https:\/\/asbaratas.com.br\/loja\/wp-json\/wp\/v2\/types\/product"}],"replies":[{"embeddable":true,"href":"https:\/\/asbaratas.com.br\/loja\/wp-json\/wp\/v2\/comments?post=66994"}],"wp:featuredmedia":[{"embeddable":true,"href":"https:\/\/asbaratas.com.br\/loja\/wp-json\/wp\/v2\/media\/66973"}],"wp:attachment":[{"href":"https:\/\/asbaratas.com.br\/loja\/wp-json\/wp\/v2\/media?parent=66994"}],"wp:term":[{"taxonomy":"product_brand","embeddable":true,"href":"https:\/\/asbaratas.com.br\/loja\/wp-json\/wp\/v2\/product_brand?post=66994"},{"taxonomy":"product_cat","embeddable":true,"href":"https:\/\/asbaratas.com.br\/loja\/wp-json\/wp\/v2\/product_cat?post=66994"},{"taxonomy":"product_tag","embeddable":true,"href":"https:\/\/asbaratas.com.br\/loja\/wp-json\/wp\/v2\/product_tag?post=66994"}],"curies":[{"name":"wp","href":"https:\/\/api.w.org\/{rel}","templated":true}]}}