{"id":66989,"date":"2022-10-12T00:24:25","date_gmt":"2022-10-12T03:24:25","guid":{"rendered":"https:\/\/asbaratas.com.br\/loja\/?post_type=product&#038;p=66989"},"modified":"2025-12-10T19:42:51","modified_gmt":"2025-12-10T22:42:51","slug":"bone-test","status":"publish","type":"product","link":"https:\/\/asbaratas.com.br\/loja\/produto\/bone-test\/","title":{"rendered":"BON\u00c9 \u2022 TEST"},"content":{"rendered":"<p>Esse bon\u00e9 \u00e9 uma collab com o TEST, banda mais correria do Grind\/Death Metal BR, parte do valor das vendas \u00e9 revertido diretamente para o corre da banda!<\/p>\n<p><center><br \/>\n<iframe loading=\"lazy\" width=\"800\" height=\"480\" src=\"https:\/\/www.youtube.com\/embed\/G4ZGfIaQoMM\" title=\"YouTube video player\" frameborder=\"0\" allow=\"accelerometer; autoplay; clipboard-write; encrypted-media; gyroscope; picture-in-picture\" allowfullscreen><\/iframe><br \/>\n<\/center><\/p>\n<p>Bon\u00e9 Americano fechado com a frente em relevo bordado de alta qualidade.<\/p>\n<p>Tamanho \u00fanico com regulagem.<\/p>\n<p>&nbsp;<\/p>\n<p>&nbsp;<\/p>\n","protected":false},"excerpt":{"rendered":"<p>Esse bon\u00e9 \u00e9 uma collab com o TEST, banda mais correria do Grind\/Death Metal BR, parte do valor das vendas \u00e9 revertido diretamente para o corre da banda! Bon\u00e9 Americano fechado com a frente em relevo bordado de alta qualidade. Tamanho \u00fanico com regulagem. &nbsp; &nbsp;<\/p>\n","protected":false},"featured_media":66975,"comment_status":"closed","ping_status":"closed","template":"","meta":[],"product_brand":[],"product_cat":[1490,1488],"product_tag":[],"class_list":{"0":"post-66989","1":"product","2":"type-product","3":"status-publish","4":"has-post-thumbnail","6":"product_cat-americano-fechado","7":"product_cat-bone","8":"pa_artista-test","9":"pa_tema-Musica","10":"pa_tema-oficial","11":"product_type-simple","12":"product_visibility-outofstock","19":"first","20":"outofstock","21":"shipping-taxable","22":"purchasable","23":"product-type-simple"},"_links":{"self":[{"href":"https:\/\/asbaratas.com.br\/loja\/wp-json\/wp\/v2\/product\/66989","targetHints":{"allow":["GET"]}}],"collection":[{"href":"https:\/\/asbaratas.com.br\/loja\/wp-json\/wp\/v2\/product"}],"about":[{"href":"https:\/\/asbaratas.com.br\/loja\/wp-json\/wp\/v2\/types\/product"}],"replies":[{"embeddable":true,"href":"https:\/\/asbaratas.com.br\/loja\/wp-json\/wp\/v2\/comments?post=66989"}],"wp:featuredmedia":[{"embeddable":true,"href":"https:\/\/asbaratas.com.br\/loja\/wp-json\/wp\/v2\/media\/66975"}],"wp:attachment":[{"href":"https:\/\/asbaratas.com.br\/loja\/wp-json\/wp\/v2\/media?parent=66989"}],"wp:term":[{"taxonomy":"product_brand","embeddable":true,"href":"https:\/\/asbaratas.com.br\/loja\/wp-json\/wp\/v2\/product_brand?post=66989"},{"taxonomy":"product_cat","embeddable":true,"href":"https:\/\/asbaratas.com.br\/loja\/wp-json\/wp\/v2\/product_cat?post=66989"},{"taxonomy":"product_tag","embeddable":true,"href":"https:\/\/asbaratas.com.br\/loja\/wp-json\/wp\/v2\/product_tag?post=66989"}],"curies":[{"name":"wp","href":"https:\/\/api.w.org\/{rel}","templated":true}]}}