{"id":66983,"date":"2022-10-12T00:07:43","date_gmt":"2022-10-12T03:07:43","guid":{"rendered":"https:\/\/asbaratas.com.br\/loja\/?post_type=product&#038;p=66983"},"modified":"2025-12-10T19:42:47","modified_gmt":"2025-12-10T22:42:47","slug":"bone-load2","status":"publish","type":"product","link":"https:\/\/asbaratas.com.br\/loja\/produto\/bone-load2\/","title":{"rendered":"BON\u00c9 \u2022 L\u00d8AD (GIVANILDO)"},"content":{"rendered":"<p>Bon\u00e9 Americano aba curva para voc\u00ea assim como o @loadcomics que adora qualidade e algo diferenciado no mercado,<\/p>\n<p>Arte feita pelo Kaique Viera junto com Load que une a galera da arte urbana com a cultura pop!<\/p>\n<p>&nbsp;<\/p>\n<p>Bon\u00e9 com impress\u00e3o em silk em baixo da aba e frente em relevo e bordado de alta qualidade.<\/p>\n<p>Tamanho \u00fanico com regulagem.<\/p>\n","protected":false},"excerpt":{"rendered":"<p>Bon\u00e9 Americano aba curva para voc\u00ea assim como o @loadcomics que adora qualidade e algo diferenciado no mercado, Arte feita pelo Kaique Viera junto com Load que une a galera da arte urbana com a cultura pop! &nbsp; Bon\u00e9 com impress\u00e3o em silk em baixo da aba e frente em relevo e bordado de alta [&#8230;]\n","protected":false},"featured_media":66960,"comment_status":"closed","ping_status":"closed","template":"","meta":[],"product_brand":[],"product_cat":[1490,1488],"product_tag":[1632,1633,1571],"class_list":{"0":"post-66983","1":"product","2":"type-product","3":"status-publish","4":"has-post-thumbnail","6":"product_cat-americano-fechado","7":"product_cat-bone","8":"product_tag-canhota","9":"product_tag-canhoto","10":"product_tag-esquerda","11":"pa_artista-kaiquevieira","12":"pa_artista-load","13":"pa_tema-HQ","14":"pa_tema-Mashup","15":"product_type-simple","16":"product_visibility-outofstock","27":"first","28":"outofstock","29":"shipping-taxable","30":"purchasable","31":"product-type-simple"},"_links":{"self":[{"href":"https:\/\/asbaratas.com.br\/loja\/wp-json\/wp\/v2\/product\/66983","targetHints":{"allow":["GET"]}}],"collection":[{"href":"https:\/\/asbaratas.com.br\/loja\/wp-json\/wp\/v2\/product"}],"about":[{"href":"https:\/\/asbaratas.com.br\/loja\/wp-json\/wp\/v2\/types\/product"}],"replies":[{"embeddable":true,"href":"https:\/\/asbaratas.com.br\/loja\/wp-json\/wp\/v2\/comments?post=66983"}],"wp:featuredmedia":[{"embeddable":true,"href":"https:\/\/asbaratas.com.br\/loja\/wp-json\/wp\/v2\/media\/66960"}],"wp:attachment":[{"href":"https:\/\/asbaratas.com.br\/loja\/wp-json\/wp\/v2\/media?parent=66983"}],"wp:term":[{"taxonomy":"product_brand","embeddable":true,"href":"https:\/\/asbaratas.com.br\/loja\/wp-json\/wp\/v2\/product_brand?post=66983"},{"taxonomy":"product_cat","embeddable":true,"href":"https:\/\/asbaratas.com.br\/loja\/wp-json\/wp\/v2\/product_cat?post=66983"},{"taxonomy":"product_tag","embeddable":true,"href":"https:\/\/asbaratas.com.br\/loja\/wp-json\/wp\/v2\/product_tag?post=66983"}],"curies":[{"name":"wp","href":"https:\/\/api.w.org\/{rel}","templated":true}]}}