{"id":66980,"date":"2022-10-11T23:57:53","date_gmt":"2022-10-12T02:57:53","guid":{"rendered":"https:\/\/asbaratas.com.br\/loja\/?post_type=product&#038;p=66980"},"modified":"2026-04-06T12:10:03","modified_gmt":"2026-04-06T15:10:03","slug":"bone-neo-tokyo-trucker","status":"publish","type":"product","link":"https:\/\/asbaratas.com.br\/loja\/produto\/bone-neo-tokyo-trucker\/","title":{"rendered":"BON\u00c9 \u2022 NEO TOKYO (TRUCKER)"},"content":{"rendered":"<p>Quando est\u00e1 calor demais a galera da gangue da c\u00e1psula deixa a jaqueta em casa e sai de bombeta pelas ruas de Neo Tokyo!<\/p>\n<p>Bon\u00e9 Trucker aba curva com a frente em relevo bordado de alta qualidade.<\/p>\n<p>Tamanho \u00fanico com regulagem.<\/p>\n","protected":false},"excerpt":{"rendered":"<p>Quando est\u00e1 calor demais a galera da gangue da c\u00e1psula deixa a jaqueta em casa e sai de bombeta pelas ruas de Neo Tokyo! Bon\u00e9 Trucker aba curva com a frente em relevo bordado de alta qualidade. Tamanho \u00fanico com regulagem.<\/p>\n","protected":false},"featured_media":66982,"comment_status":"closed","ping_status":"closed","template":"","meta":[],"product_brand":[],"product_cat":[1488,1489],"product_tag":[],"class_list":{"0":"post-66980","1":"product","2":"type-product","3":"status-publish","4":"has-post-thumbnail","6":"product_cat-bone","7":"product_cat-trucker","8":"pa_artista-barata","9":"pa_tema-arte","10":"pa_tema-Cinema","11":"pa_tema-DesenhoAnimado","12":"pa_tema-HQ","13":"product_type-simple","19":"pa_tema-Desenho Animado","22":"first","23":"instock","24":"shipping-taxable","25":"purchasable","26":"product-type-simple"},"_links":{"self":[{"href":"https:\/\/asbaratas.com.br\/loja\/wp-json\/wp\/v2\/product\/66980","targetHints":{"allow":["GET"]}}],"collection":[{"href":"https:\/\/asbaratas.com.br\/loja\/wp-json\/wp\/v2\/product"}],"about":[{"href":"https:\/\/asbaratas.com.br\/loja\/wp-json\/wp\/v2\/types\/product"}],"replies":[{"embeddable":true,"href":"https:\/\/asbaratas.com.br\/loja\/wp-json\/wp\/v2\/comments?post=66980"}],"wp:featuredmedia":[{"embeddable":true,"href":"https:\/\/asbaratas.com.br\/loja\/wp-json\/wp\/v2\/media\/66982"}],"wp:attachment":[{"href":"https:\/\/asbaratas.com.br\/loja\/wp-json\/wp\/v2\/media?parent=66980"}],"wp:term":[{"taxonomy":"product_brand","embeddable":true,"href":"https:\/\/asbaratas.com.br\/loja\/wp-json\/wp\/v2\/product_brand?post=66980"},{"taxonomy":"product_cat","embeddable":true,"href":"https:\/\/asbaratas.com.br\/loja\/wp-json\/wp\/v2\/product_cat?post=66980"},{"taxonomy":"product_tag","embeddable":true,"href":"https:\/\/asbaratas.com.br\/loja\/wp-json\/wp\/v2\/product_tag?post=66980"}],"curies":[{"name":"wp","href":"https:\/\/api.w.org\/{rel}","templated":true}]}}