{"id":66955,"date":"2022-10-11T16:36:00","date_gmt":"2022-10-11T19:36:00","guid":{"rendered":"https:\/\/asbaratas.com.br\/loja\/?post_type=product&#038;p=66955"},"modified":"2026-05-07T11:25:59","modified_gmt":"2026-05-07T14:25:59","slug":"bone-neo-tokyo-curvas","status":"publish","type":"product","link":"https:\/\/asbaratas.com.br\/loja\/produto\/bone-neo-tokyo-curvas\/","title":{"rendered":"BON\u00c9 \u2022 NEO TOKYO (ABA CURVA)"},"content":{"rendered":"<p>Quando est\u00e1 calor demais a galera da gangue da c\u00e1psula deixa a jaqueta em casa e sai de bombeta pelas ruas de Neo Tokyo!<\/p>\n<p>Bon\u00e9 Baseball 6 gomos aba curva com a frente em relevo bordado de alta qualidade.<\/p>\n<p>Tamanho \u00fanico com regulagem.<\/p>\n","protected":false},"excerpt":{"rendered":"<p>Quando est\u00e1 calor demais a galera da gangue da c\u00e1psula deixa a jaqueta em casa e sai de bombeta pelas ruas de Neo Tokyo! Bon\u00e9 Baseball 6 gomos aba curva com a frente em relevo bordado de alta qualidade. Tamanho \u00fanico com regulagem.<\/p>\n","protected":false},"featured_media":98542,"comment_status":"closed","ping_status":"closed","template":"","meta":[],"product_brand":[],"product_cat":[1521,1488],"product_tag":[],"class_list":{"0":"post-66955","1":"product","2":"type-product","3":"status-publish","4":"has-post-thumbnail","6":"product_cat-baseball-aba-curva","7":"product_cat-bone","8":"pa_artista-barata","9":"pa_tema-arte","10":"pa_tema-Cinema","11":"pa_tema-DesenhoAnimado","12":"pa_tema-HQ","13":"product_type-simple","19":"pa_tema-Desenho Animado","22":"first","23":"instock","24":"shipping-taxable","25":"purchasable","26":"product-type-simple"},"_links":{"self":[{"href":"https:\/\/asbaratas.com.br\/loja\/wp-json\/wp\/v2\/product\/66955","targetHints":{"allow":["GET"]}}],"collection":[{"href":"https:\/\/asbaratas.com.br\/loja\/wp-json\/wp\/v2\/product"}],"about":[{"href":"https:\/\/asbaratas.com.br\/loja\/wp-json\/wp\/v2\/types\/product"}],"replies":[{"embeddable":true,"href":"https:\/\/asbaratas.com.br\/loja\/wp-json\/wp\/v2\/comments?post=66955"}],"wp:featuredmedia":[{"embeddable":true,"href":"https:\/\/asbaratas.com.br\/loja\/wp-json\/wp\/v2\/media\/98542"}],"wp:attachment":[{"href":"https:\/\/asbaratas.com.br\/loja\/wp-json\/wp\/v2\/media?parent=66955"}],"wp:term":[{"taxonomy":"product_brand","embeddable":true,"href":"https:\/\/asbaratas.com.br\/loja\/wp-json\/wp\/v2\/product_brand?post=66955"},{"taxonomy":"product_cat","embeddable":true,"href":"https:\/\/asbaratas.com.br\/loja\/wp-json\/wp\/v2\/product_cat?post=66955"},{"taxonomy":"product_tag","embeddable":true,"href":"https:\/\/asbaratas.com.br\/loja\/wp-json\/wp\/v2\/product_tag?post=66955"}],"curies":[{"name":"wp","href":"https:\/\/api.w.org\/{rel}","templated":true}]}}