{"id":6499,"date":"2017-09-11T14:21:58","date_gmt":"2017-09-11T17:21:58","guid":{"rendered":"https:\/\/asbaratas.com.br\/loja\/produto\/hellbrow_masc\/"},"modified":"2026-04-17T19:31:48","modified_gmt":"2026-04-17T22:31:48","slug":"hellbrow","status":"publish","type":"product","link":"https:\/\/asbaratas.com.br\/loja\/produto\/hellbrow\/","title":{"rendered":"HELLBRoW"},"content":{"rendered":"<p>O mano do inferno saiu da sua goma pra apavorar geral com sua gangue na ca\u00e7ada de paradas paranormais!<\/p>\n<p>Malha em 100% algod\u00e3o na cor preta. Estampa em silk de alta qualidade.<\/p>\n<p>A taxa de encolhimento \u00e9 em m\u00e9dia 3% variando dos m\u00e9todos de lavagem.<\/p>\n<p>DICAS PARA SUA CAMISETA DURAR MUITO:<br \/>\n\u2022 LAVE COM \u00c1GUA FRIA<br \/>\n\u2022 PASSE ELA DO AVESSO<br \/>\n\u2022 N\u00c3O COLOQUE NA M\u00c1QUINA DE SECAR<br \/>\n\u2022 N\u00c3O DEIXE DE MOLHO<br \/>\n\u2022 SEMPRE SEQUE \u00c0 SOMBRA<\/p>\n<p>Arte por Caio Oliveira<\/p>\n<p>As camisetas s\u00e3o despachadas em at\u00e9 3 dias \u00fateis.<\/p>\n","protected":false},"excerpt":{"rendered":"<p>O mano do inferno saiu da sua goma pra apavorar geral com sua gangue na ca\u00e7ada de paradas paranormais! Malha em 100% algod\u00e3o na cor preta. Estampa em silk de alta qualidade. A taxa de encolhimento \u00e9 em m\u00e9dia 3% variando dos m\u00e9todos de lavagem. DICAS PARA SUA CAMISETA DURAR MUITO: \u2022 LAVE COM \u00c1GUA [&#8230;]\n","protected":false},"featured_media":6480,"comment_status":"open","ping_status":"closed","template":"","meta":[],"product_brand":[],"product_cat":[83],"product_tag":[973,974,500,212,971,970,191,972,190,975,976,193,536,977],"class_list":{"0":"post-6499","1":"product","2":"type-product","3":"status-publish","4":"has-post-thumbnail","6":"product_cat-camiseta-reta","7":"product_tag-abe","8":"product_tag-bprd","9":"product_tag-dark","10":"product_tag-filme","11":"product_tag-hellboy","12":"product_tag-hellbrow","13":"product_tag-historia-em-quadrinhos","14":"product_tag-horse","15":"product_tag-hq","16":"product_tag-mignola","17":"product_tag-mike","18":"product_tag-quadrinhos","19":"product_tag-terror","20":"product_tag-toro","21":"pa_artista-caio_oliveira","22":"pa_cor-preto","23":"pa_tamanho-2g","24":"pa_tamanho-3g","25":"pa_tamanho-4g","26":"pa_tamanho-g","27":"pa_tamanho-m","28":"pa_tamanho-p","29":"pa_tema-Cinema","30":"pa_tema-DesenhoAnimado","31":"pa_tema-HQ","32":"pa_tema-Mashup","33":"product_type-variable","34":"product_visibility-outofstock","59":"pa_tema-Desenho Animado","63":"first","64":"outofstock","65":"shipping-taxable","66":"purchasable","67":"product-type-variable"},"_links":{"self":[{"href":"https:\/\/asbaratas.com.br\/loja\/wp-json\/wp\/v2\/product\/6499","targetHints":{"allow":["GET"]}}],"collection":[{"href":"https:\/\/asbaratas.com.br\/loja\/wp-json\/wp\/v2\/product"}],"about":[{"href":"https:\/\/asbaratas.com.br\/loja\/wp-json\/wp\/v2\/types\/product"}],"replies":[{"embeddable":true,"href":"https:\/\/asbaratas.com.br\/loja\/wp-json\/wp\/v2\/comments?post=6499"}],"wp:featuredmedia":[{"embeddable":true,"href":"https:\/\/asbaratas.com.br\/loja\/wp-json\/wp\/v2\/media\/6480"}],"wp:attachment":[{"href":"https:\/\/asbaratas.com.br\/loja\/wp-json\/wp\/v2\/media?parent=6499"}],"wp:term":[{"taxonomy":"product_brand","embeddable":true,"href":"https:\/\/asbaratas.com.br\/loja\/wp-json\/wp\/v2\/product_brand?post=6499"},{"taxonomy":"product_cat","embeddable":true,"href":"https:\/\/asbaratas.com.br\/loja\/wp-json\/wp\/v2\/product_cat?post=6499"},{"taxonomy":"product_tag","embeddable":true,"href":"https:\/\/asbaratas.com.br\/loja\/wp-json\/wp\/v2\/product_tag?post=6499"}],"curies":[{"name":"wp","href":"https:\/\/api.w.org\/{rel}","templated":true}]}}