{"id":6485,"date":"2017-09-11T14:09:22","date_gmt":"2017-09-11T17:09:22","guid":{"rendered":"https:\/\/asbaratas.com.br\/loja\/produto\/monsters_masc\/"},"modified":"2026-04-17T22:04:20","modified_gmt":"2026-04-18T01:04:20","slug":"monsters","status":"publish","type":"product","link":"https:\/\/asbaratas.com.br\/loja\/produto\/monsters\/","title":{"rendered":"MONSTERS"},"content":{"rendered":"<p>Todos os monstros primordiais da era de ouro est\u00e3o de volta! Dr\u00e1cula, Lobisomem, Frankenstein, Monstro da Lagoa Negra, M\u00famia e mais um escondido a\u00ed que, juntos, v\u00e3o arrancar sustos de toda parte!<\/p>\n<p>Malha em 100% algod\u00e3o na cor preta com estampa em silk de alta qualidade.<\/p>\n<p>A taxa de encolhimento \u00e9 em m\u00e9dia 3% variando dos m\u00e9todos de lavagem.<\/p>\n<p>DICAS PARA SUA CAMISETA DURAR MUITO:<br \/>\n\u2022 LAVE COM \u00c1GUA FRIA<br \/>\n\u2022 PASSE ELA DO AVESSO<br \/>\n\u2022 N\u00c3O COLOQUE NA M\u00c1QUINA DE SECAR<br \/>\n\u2022 N\u00c3O DEIXE DE MOLHO<br \/>\n\u2022 SEMPRE SEQUE \u00c0 SOMBRA<\/p>\n<p>Arte por Marcos Caldas.<br \/>\nConhe\u00e7a seu trabalho em <a href=\"http:\/\/www.marcoscaldas.com.br\/\">http:\/\/www.marcoscaldas.com.br<\/a><\/p>\n<p>As camisetas s\u00e3o despachadas em at\u00e9 3 dias \u00fateis.<\/p>\n","protected":false},"excerpt":{"rendered":"<p>Todos os monstros primordiais da era de ouro est\u00e3o de volta! Dr\u00e1cula, Lobisomem, Frankenstein, Monstro da Lagoa Negra, M\u00famia e mais um escondido a\u00ed que, juntos, v\u00e3o arrancar sustos de toda parte! Malha em 100% algod\u00e3o na cor preta com estampa em silk de alta qualidade. A taxa de encolhimento \u00e9 em m\u00e9dia 3% variando [&#8230;]\n","protected":false},"featured_media":6478,"comment_status":"open","ping_status":"closed","template":"","meta":[],"product_brand":[],"product_cat":[83],"product_tag":[182,181,213,969,968,961,183,212,964,965,966,967,960,963,451,531,536,316,962],"class_list":{"0":"post-6485","1":"product","2":"type-product","3":"status-publish","4":"has-post-thumbnail","6":"product_cat-camiseta-reta","7":"product_tag-camisa","8":"product_tag-camiseta","9":"product_tag-cinema","10":"product_tag-classico","11":"product_tag-classicos","12":"product_tag-dracula","13":"product_tag-estampa","14":"product_tag-filme","15":"product_tag-filmland","16":"product_tag-frankeinstein","17":"product_tag-lagoa","18":"product_tag-lobisomem","19":"product_tag-misfts","20":"product_tag-monstros","21":"product_tag-sbt","22":"product_tag-tarde","23":"product_tag-terror","24":"product_tag-trevas","25":"product_tag-vampiro","26":"pa_artista-marcoscaldas","27":"pa_cor-preto","28":"pa_tamanho-2g","29":"pa_tamanho-3g","30":"pa_tamanho-4g","31":"pa_tamanho-5g","32":"pa_tamanho-g","33":"pa_tamanho-m","34":"pa_tamanho-p","35":"pa_tamanho-pp","36":"pa_tema-Cinema","37":"product_type-variable","70":"first","71":"instock","72":"shipping-taxable","73":"purchasable","74":"product-type-variable","75":"has-default-attributes"},"_links":{"self":[{"href":"https:\/\/asbaratas.com.br\/loja\/wp-json\/wp\/v2\/product\/6485","targetHints":{"allow":["GET"]}}],"collection":[{"href":"https:\/\/asbaratas.com.br\/loja\/wp-json\/wp\/v2\/product"}],"about":[{"href":"https:\/\/asbaratas.com.br\/loja\/wp-json\/wp\/v2\/types\/product"}],"replies":[{"embeddable":true,"href":"https:\/\/asbaratas.com.br\/loja\/wp-json\/wp\/v2\/comments?post=6485"}],"wp:featuredmedia":[{"embeddable":true,"href":"https:\/\/asbaratas.com.br\/loja\/wp-json\/wp\/v2\/media\/6478"}],"wp:attachment":[{"href":"https:\/\/asbaratas.com.br\/loja\/wp-json\/wp\/v2\/media?parent=6485"}],"wp:term":[{"taxonomy":"product_brand","embeddable":true,"href":"https:\/\/asbaratas.com.br\/loja\/wp-json\/wp\/v2\/product_brand?post=6485"},{"taxonomy":"product_cat","embeddable":true,"href":"https:\/\/asbaratas.com.br\/loja\/wp-json\/wp\/v2\/product_cat?post=6485"},{"taxonomy":"product_tag","embeddable":true,"href":"https:\/\/asbaratas.com.br\/loja\/wp-json\/wp\/v2\/product_tag?post=6485"}],"curies":[{"name":"wp","href":"https:\/\/api.w.org\/{rel}","templated":true}]}}