{"id":64146,"date":"2022-07-12T17:08:46","date_gmt":"2022-07-12T20:08:46","guid":{"rendered":"https:\/\/asbaratas.com.br\/loja\/?post_type=product&#038;p=64146"},"modified":"2025-12-10T19:42:49","modified_gmt":"2025-12-10T22:42:49","slug":"bone-petardo-fechado","status":"publish","type":"product","link":"https:\/\/asbaratas.com.br\/loja\/produto\/bone-petardo-fechado\/","title":{"rendered":"BON\u00c9 \u2022 PETARDO FECHADO"},"content":{"rendered":"<p>Este bon\u00e9 um PETARDO! A nova linha de bon\u00e9s do Pipoca &amp; Nanquim tem como um destaque o famoso bord\u00e3o utilizado por Daniel Lopes.<\/p>\n<p>Bon\u00e9 Americano fechado com a frente em relevo emborrachado de alta qualidade.<\/p>\n<p>Tamanho \u00fanico com regulagem.<\/p>\n","protected":false},"excerpt":{"rendered":"<p>Este bon\u00e9 um PETARDO! A nova linha de bon\u00e9s do Pipoca &amp; Nanquim tem como um destaque o famoso bord\u00e3o utilizado por Daniel Lopes. Bon\u00e9 Americano fechado com a frente em relevo emborrachado de alta qualidade. Tamanho \u00fanico com regulagem.<\/p>\n","protected":false},"featured_media":64203,"comment_status":"closed","ping_status":"closed","template":"","meta":[],"product_brand":[],"product_cat":[1490,1488],"product_tag":[1109,1505,1104,1106,1504,471,1507,1101,1506,1102,1100,1105],"class_list":{"0":"post-64146","1":"product","2":"type-product","3":"status-publish","4":"has-post-thumbnail","6":"product_cat-americano-fechado","7":"product_cat-bone","8":"product_tag-alexandre","9":"product_tag-arena","10":"product_tag-bruno","11":"product_tag-daniel","12":"product_tag-drago","13":"product_tag-editora","14":"product_tag-maimai","15":"product_tag-nanquim","16":"product_tag-ogiva","17":"product_tag-petardo","18":"product_tag-pipoca","19":"product_tag-zago","20":"pa_artista-barata","21":"pa_artista-pn","22":"pa_tema-HQ","23":"pa_tema-oficial","24":"product_type-simple","25":"product_visibility-outofstock","45":"first","46":"outofstock","47":"shipping-taxable","48":"purchasable","49":"product-type-simple"},"_links":{"self":[{"href":"https:\/\/asbaratas.com.br\/loja\/wp-json\/wp\/v2\/product\/64146","targetHints":{"allow":["GET"]}}],"collection":[{"href":"https:\/\/asbaratas.com.br\/loja\/wp-json\/wp\/v2\/product"}],"about":[{"href":"https:\/\/asbaratas.com.br\/loja\/wp-json\/wp\/v2\/types\/product"}],"replies":[{"embeddable":true,"href":"https:\/\/asbaratas.com.br\/loja\/wp-json\/wp\/v2\/comments?post=64146"}],"wp:featuredmedia":[{"embeddable":true,"href":"https:\/\/asbaratas.com.br\/loja\/wp-json\/wp\/v2\/media\/64203"}],"wp:attachment":[{"href":"https:\/\/asbaratas.com.br\/loja\/wp-json\/wp\/v2\/media?parent=64146"}],"wp:term":[{"taxonomy":"product_brand","embeddable":true,"href":"https:\/\/asbaratas.com.br\/loja\/wp-json\/wp\/v2\/product_brand?post=64146"},{"taxonomy":"product_cat","embeddable":true,"href":"https:\/\/asbaratas.com.br\/loja\/wp-json\/wp\/v2\/product_cat?post=64146"},{"taxonomy":"product_tag","embeddable":true,"href":"https:\/\/asbaratas.com.br\/loja\/wp-json\/wp\/v2\/product_tag?post=64146"}],"curies":[{"name":"wp","href":"https:\/\/api.w.org\/{rel}","templated":true}]}}