{"id":64139,"date":"2022-07-12T16:55:47","date_gmt":"2022-07-12T19:55:47","guid":{"rendered":"https:\/\/asbaratas.com.br\/loja\/?post_type=product&#038;p=64139"},"modified":"2026-04-05T21:09:36","modified_gmt":"2026-04-06T00:09:36","slug":"bone-demon","status":"publish","type":"product","link":"https:\/\/asbaratas.com.br\/loja\/produto\/bone-demon\/","title":{"rendered":"BON\u00c9 \u2022 DEMON (IDDQD)"},"content":{"rendered":"<p>Os port\u00f5es do inferno marciano foram abertos e no meio a desgraceira temos o bon\u00e9 dessa capirotagem 90s!<\/p>\n<p>Bon\u00e9 Americano fechado com a frente em relevo emborrachado, impress\u00e3o na aba e bordado de alta qualidade.<\/p>\n<p>Tamanho \u00fanico com regulagem.<\/p>\n","protected":false},"excerpt":{"rendered":"<p>Os port\u00f5es do inferno marciano foram abertos e no meio a desgraceira temos o bon\u00e9 dessa capirotagem 90s! Bon\u00e9 Americano fechado com a frente em relevo emborrachado, impress\u00e3o na aba e bordado de alta qualidade. Tamanho \u00fanico com regulagem.<\/p>\n","protected":false},"featured_media":64182,"comment_status":"closed","ping_status":"closed","template":"","meta":[],"product_brand":[],"product_cat":[1490,1488],"product_tag":[],"class_list":{"0":"post-64139","1":"product","2":"type-product","3":"status-publish","4":"has-post-thumbnail","6":"product_cat-americano-fechado","7":"product_cat-bone","8":"pa_artista-barata","9":"pa_artista-estivador","10":"pa_tema-Games","11":"pa_tema-Musica","12":"pa_tema-Parodia","13":"product_type-simple","22":"first","23":"instock","24":"shipping-taxable","25":"purchasable","26":"product-type-simple"},"_links":{"self":[{"href":"https:\/\/asbaratas.com.br\/loja\/wp-json\/wp\/v2\/product\/64139","targetHints":{"allow":["GET"]}}],"collection":[{"href":"https:\/\/asbaratas.com.br\/loja\/wp-json\/wp\/v2\/product"}],"about":[{"href":"https:\/\/asbaratas.com.br\/loja\/wp-json\/wp\/v2\/types\/product"}],"replies":[{"embeddable":true,"href":"https:\/\/asbaratas.com.br\/loja\/wp-json\/wp\/v2\/comments?post=64139"}],"wp:featuredmedia":[{"embeddable":true,"href":"https:\/\/asbaratas.com.br\/loja\/wp-json\/wp\/v2\/media\/64182"}],"wp:attachment":[{"href":"https:\/\/asbaratas.com.br\/loja\/wp-json\/wp\/v2\/media?parent=64139"}],"wp:term":[{"taxonomy":"product_brand","embeddable":true,"href":"https:\/\/asbaratas.com.br\/loja\/wp-json\/wp\/v2\/product_brand?post=64139"},{"taxonomy":"product_cat","embeddable":true,"href":"https:\/\/asbaratas.com.br\/loja\/wp-json\/wp\/v2\/product_cat?post=64139"},{"taxonomy":"product_tag","embeddable":true,"href":"https:\/\/asbaratas.com.br\/loja\/wp-json\/wp\/v2\/product_tag?post=64139"}],"curies":[{"name":"wp","href":"https:\/\/api.w.org\/{rel}","templated":true}]}}