{"id":64138,"date":"2022-07-12T16:54:59","date_gmt":"2022-07-12T19:54:59","guid":{"rendered":"https:\/\/asbaratas.com.br\/loja\/?post_type=product&#038;p=64138"},"modified":"2025-12-10T19:42:51","modified_gmt":"2025-12-10T22:42:51","slug":"bone-times","status":"publish","type":"product","link":"https:\/\/asbaratas.com.br\/loja\/produto\/bone-times\/","title":{"rendered":"BON\u00c9 \u2022 TIMES"},"content":{"rendered":"<p>O rel\u00f3gio do juizo final est\u00e1 chegando cada vez mais pr\u00f3ximo da meia noite, s\u00e3o novos tempos e tudo vai mudar!<\/p>\n<p>Bon\u00e9 Trucker com a frente em relevo bordado de alta qualidade.<\/p>\n<p>Tamanho \u00fanico com regulagem.<\/p>\n<ul>\n<li>Acompanha botton.<\/li>\n<\/ul>\n","protected":false},"excerpt":{"rendered":"<p>O rel\u00f3gio do juizo final est\u00e1 chegando cada vez mais pr\u00f3ximo da meia noite, s\u00e3o novos tempos e tudo vai mudar! Bon\u00e9 Trucker com a frente em relevo bordado de alta qualidade. Tamanho \u00fanico com regulagem. Acompanha botton.<\/p>\n","protected":false},"featured_media":64152,"comment_status":"closed","ping_status":"closed","template":"","meta":[],"product_brand":[],"product_cat":[1488,1489],"product_tag":[212,193],"class_list":{"0":"post-64138","1":"product","2":"type-product","3":"status-publish","4":"has-post-thumbnail","6":"product_cat-bone","7":"product_cat-trucker","8":"product_tag-filme","9":"product_tag-quadrinhos","10":"pa_artista-barata","11":"pa_estilo-trucker","12":"pa_tema-arte","13":"pa_tema-Cinema","14":"pa_tema-HQ","15":"pa_tema-Musica","16":"product_type-simple","17":"product_visibility-outofstock","29":"first","30":"outofstock","31":"shipping-taxable","32":"purchasable","33":"product-type-simple"},"_links":{"self":[{"href":"https:\/\/asbaratas.com.br\/loja\/wp-json\/wp\/v2\/product\/64138","targetHints":{"allow":["GET"]}}],"collection":[{"href":"https:\/\/asbaratas.com.br\/loja\/wp-json\/wp\/v2\/product"}],"about":[{"href":"https:\/\/asbaratas.com.br\/loja\/wp-json\/wp\/v2\/types\/product"}],"replies":[{"embeddable":true,"href":"https:\/\/asbaratas.com.br\/loja\/wp-json\/wp\/v2\/comments?post=64138"}],"wp:featuredmedia":[{"embeddable":true,"href":"https:\/\/asbaratas.com.br\/loja\/wp-json\/wp\/v2\/media\/64152"}],"wp:attachment":[{"href":"https:\/\/asbaratas.com.br\/loja\/wp-json\/wp\/v2\/media?parent=64138"}],"wp:term":[{"taxonomy":"product_brand","embeddable":true,"href":"https:\/\/asbaratas.com.br\/loja\/wp-json\/wp\/v2\/product_brand?post=64138"},{"taxonomy":"product_cat","embeddable":true,"href":"https:\/\/asbaratas.com.br\/loja\/wp-json\/wp\/v2\/product_cat?post=64138"},{"taxonomy":"product_tag","embeddable":true,"href":"https:\/\/asbaratas.com.br\/loja\/wp-json\/wp\/v2\/product_tag?post=64138"}],"curies":[{"name":"wp","href":"https:\/\/api.w.org\/{rel}","templated":true}]}}