{"id":64137,"date":"2022-07-13T12:26:50","date_gmt":"2022-07-13T15:26:50","guid":{"rendered":"https:\/\/asbaratas.com.br\/loja\/?post_type=product&#038;p=64137"},"modified":"2026-04-23T23:22:12","modified_gmt":"2026-04-24T02:22:12","slug":"bone_neotokyo","status":"publish","type":"product","link":"https:\/\/asbaratas.com.br\/loja\/produto\/bone_neotokyo\/","title":{"rendered":"BON\u00c9 \u2022 NEO TOKYO (ABA RETA)"},"content":{"rendered":"<p>Quando est\u00e1 calor demais a galera da gangue da c\u00e1psula deixa a jaqueta em casa e sai de bombeta pelas ruas de Neo Tokyo!<\/p>\n<p>Bon\u00e9 Baseball 6 gomos aba reta com a frente em relevo bordado de alta qualidade e impress\u00e3o em baixo da aba.<\/p>\n<p>Tamanho \u00fanico com regulagem.<\/p>\n","protected":false},"excerpt":{"rendered":"<p>Quando est\u00e1 calor demais a galera da gangue da c\u00e1psula deixa a jaqueta em casa e sai de bombeta pelas ruas de Neo Tokyo! Bon\u00e9 Baseball 6 gomos aba reta com a frente em relevo bordado de alta qualidade e impress\u00e3o em baixo da aba. Tamanho \u00fanico com regulagem.<\/p>\n","protected":false},"featured_media":64179,"comment_status":"closed","ping_status":"closed","template":"","meta":[],"product_brand":[],"product_cat":[1491,1488],"product_tag":[],"class_list":{"0":"post-64137","1":"product","2":"type-product","3":"status-publish","4":"has-post-thumbnail","6":"product_cat-baseball-aba-reta","7":"product_cat-bone","8":"pa_artista-barata","9":"pa_tema-arte","10":"pa_tema-Cinema","11":"pa_tema-DesenhoAnimado","12":"pa_tema-Parodia","13":"product_type-simple","19":"pa_tema-Desenho Animado","22":"first","23":"instock","24":"shipping-taxable","25":"purchasable","26":"product-type-simple"},"_links":{"self":[{"href":"https:\/\/asbaratas.com.br\/loja\/wp-json\/wp\/v2\/product\/64137","targetHints":{"allow":["GET"]}}],"collection":[{"href":"https:\/\/asbaratas.com.br\/loja\/wp-json\/wp\/v2\/product"}],"about":[{"href":"https:\/\/asbaratas.com.br\/loja\/wp-json\/wp\/v2\/types\/product"}],"replies":[{"embeddable":true,"href":"https:\/\/asbaratas.com.br\/loja\/wp-json\/wp\/v2\/comments?post=64137"}],"wp:featuredmedia":[{"embeddable":true,"href":"https:\/\/asbaratas.com.br\/loja\/wp-json\/wp\/v2\/media\/64179"}],"wp:attachment":[{"href":"https:\/\/asbaratas.com.br\/loja\/wp-json\/wp\/v2\/media?parent=64137"}],"wp:term":[{"taxonomy":"product_brand","embeddable":true,"href":"https:\/\/asbaratas.com.br\/loja\/wp-json\/wp\/v2\/product_brand?post=64137"},{"taxonomy":"product_cat","embeddable":true,"href":"https:\/\/asbaratas.com.br\/loja\/wp-json\/wp\/v2\/product_cat?post=64137"},{"taxonomy":"product_tag","embeddable":true,"href":"https:\/\/asbaratas.com.br\/loja\/wp-json\/wp\/v2\/product_tag?post=64137"}],"curies":[{"name":"wp","href":"https:\/\/api.w.org\/{rel}","templated":true}]}}