{"id":5735,"date":"2017-07-18T12:25:58","date_gmt":"2017-07-18T15:25:58","guid":{"rendered":"http:\/\/asbaratas.com.br\/loja\/produto\/stranger-dungeons\/"},"modified":"2026-04-17T19:32:37","modified_gmt":"2026-04-17T22:32:37","slug":"stranger-dungeons","status":"publish","type":"product","link":"https:\/\/asbaratas.com.br\/loja\/produto\/stranger-dungeons\/","title":{"rendered":"STRANGER DUNGEONS"},"content":{"rendered":"<p>Coisas estranhas est\u00e3o rolando no reino do mundo invertido, crian\u00e7as intrometidas v\u00e3o lutar contra as feras e desvendar todos os segredos dessa dimens\u00e3o fant\u00e1stica!<\/p>\n<p>Edi\u00e7\u00e3o comemorativa com a malha vermelho escuro<\/p>\n<p>&nbsp;<\/p>\n<p>Malha em 100% algod\u00e3o com estampa em silk de alta qualidade.<\/p>\n<p>A taxa de encolhimento \u00e9 em m\u00e9dia 3% variando dos m\u00e9todos de lavagem.<\/p>\n<p>DICAS PARA SUA CAMISETA DURAR MUITO:<br \/>\n\u2022 LAVE COM \u00c1GUA FRIA<br \/>\n\u2022 PASSE ELA DO AVESSO<br \/>\n\u2022 N\u00c3O COLOQUE NA M\u00c1QUINA DE SECAR<br \/>\n\u2022 N\u00c3O DEIXE DE MOLHO<br \/>\n\u2022 SEMPRE SEQUE \u00c0 SOMBRA<\/p>\n<p>Arte por DUDU TORRES<\/p>\n<p>As camisetas s\u00e3o despachadas em at\u00e9 3 dias \u00fateis.<\/p>\n","protected":false},"excerpt":{"rendered":"<p>Coisas estranhas est\u00e3o rolando no reino do mundo invertido, crian\u00e7as intrometidas v\u00e3o lutar contra as feras e desvendar todos os segredos dessa dimens\u00e3o fant\u00e1stica! Edi\u00e7\u00e3o comemorativa com a malha vermelho escuro &nbsp; Malha em 100% algod\u00e3o com estampa em silk de alta qualidade. A taxa de encolhimento \u00e9 em m\u00e9dia 3% variando dos m\u00e9todos de [&#8230;]\n","protected":false},"featured_media":97239,"comment_status":"open","ping_status":"closed","template":"","meta":[],"product_brand":[],"product_cat":[83],"product_tag":[948,221,182,181,950,954,893,952,951,183,949,953,260,261,259,946,536,947],"class_list":{"0":"post-5735","1":"product","2":"type-product","3":"status-publish","4":"has-post-thumbnail","6":"product_cat-camiseta-reta","7":"product_tag-80s","8":"product_tag-animacao","9":"product_tag-camisa","10":"product_tag-camiseta","11":"product_tag-caverna","12":"product_tag-desenho","13":"product_tag-dragao","14":"product_tag-dragons","15":"product_tag-dungeons","16":"product_tag-estampa","17":"product_tag-netflix","18":"product_tag-rpg","19":"product_tag-seriado","20":"product_tag-serie","21":"product_tag-serie-de-tv","22":"product_tag-stranger","23":"product_tag-terror","24":"product_tag-things","25":"pa_artista-dudu","26":"pa_cor-vermelho","27":"pa_malha-algodao","28":"pa_tamanho-2g","29":"pa_tamanho-3g","30":"pa_tamanho-4g","31":"pa_tamanho-5g","32":"pa_tamanho-g","33":"pa_tamanho-m","34":"pa_tamanho-p","35":"pa_tamanho-pp","36":"pa_tema-DesenhoAnimado","37":"pa_tema-HQ","38":"pa_tema-Literatura","39":"pa_tema-Mashup","40":"pa_tema-Parodia","41":"product_type-variable","72":"pa_tema-Desenho Animado","78":"first","79":"instock","80":"shipping-taxable","81":"purchasable","82":"product-type-variable"},"_links":{"self":[{"href":"https:\/\/asbaratas.com.br\/loja\/wp-json\/wp\/v2\/product\/5735","targetHints":{"allow":["GET"]}}],"collection":[{"href":"https:\/\/asbaratas.com.br\/loja\/wp-json\/wp\/v2\/product"}],"about":[{"href":"https:\/\/asbaratas.com.br\/loja\/wp-json\/wp\/v2\/types\/product"}],"replies":[{"embeddable":true,"href":"https:\/\/asbaratas.com.br\/loja\/wp-json\/wp\/v2\/comments?post=5735"}],"wp:featuredmedia":[{"embeddable":true,"href":"https:\/\/asbaratas.com.br\/loja\/wp-json\/wp\/v2\/media\/97239"}],"wp:attachment":[{"href":"https:\/\/asbaratas.com.br\/loja\/wp-json\/wp\/v2\/media?parent=5735"}],"wp:term":[{"taxonomy":"product_brand","embeddable":true,"href":"https:\/\/asbaratas.com.br\/loja\/wp-json\/wp\/v2\/product_brand?post=5735"},{"taxonomy":"product_cat","embeddable":true,"href":"https:\/\/asbaratas.com.br\/loja\/wp-json\/wp\/v2\/product_cat?post=5735"},{"taxonomy":"product_tag","embeddable":true,"href":"https:\/\/asbaratas.com.br\/loja\/wp-json\/wp\/v2\/product_tag?post=5735"}],"curies":[{"name":"wp","href":"https:\/\/api.w.org\/{rel}","templated":true}]}}