{"id":5727,"date":"2017-07-18T11:45:24","date_gmt":"2017-07-18T14:45:24","guid":{"rendered":"http:\/\/asbaratas.com.br\/loja\/produto\/super-red-son\/"},"modified":"2026-05-11T20:38:14","modified_gmt":"2026-05-11T23:38:14","slug":"super-red-son","status":"publish","type":"product","link":"https:\/\/asbaratas.com.br\/loja\/produto\/super-red-son\/","title":{"rendered":"SUPER RED SON"},"content":{"rendered":"<p>\u00c9 um p\u00e1ssaro? \u00c9 um avi\u00e3o? \u00c9 uma foice? \u00c9 um martelo? Sim! \u00c9 o Super-Homem sovi\u00e9tico na \u00e1rea!<\/p>\n<p>Camiseta feita com nossa malha ver\u00e3o, que \u00e9 mais leve para o dia-a-dia e tem um caimento um pouco mais suave. Composi\u00e7\u00e3o 50% algod\u00e3o e 50% poli\u00e9ster, na cor azul-mescla e estampa com silk de alta qualidade.<\/p>\n<p>A taxa de encolhimento \u00e9 em m\u00e9dia 3% variando dos m\u00e9todos de lavagem.<\/p>\n<p>DICAS PARA SUA CAMISETA DURAR MUITO:<br \/>\n\u2022 LAVE COM \u00c1GUA FRIA<br \/>\n\u2022 PASSE ELA DO AVESSO<br \/>\n\u2022 N\u00c3O COLOQUE NA M\u00c1QUINA DE SECAR<br \/>\n\u2022 N\u00c3O DEIXE DE MOLHO<br \/>\n\u2022 SEMPRE SEQUE \u00c0 SOMBRA<\/p>\n<p>Arte por\u00a0Shin Koheo<\/p>\n<p>As camisetas s\u00e3o despachadas em at\u00e9 3 dias \u00fateis.<\/p>\n","protected":false},"excerpt":{"rendered":"<p>\u00c9 um p\u00e1ssaro? \u00c9 um avi\u00e3o? \u00c9 uma foice? \u00c9 um martelo? Sim! \u00c9 o Super-Homem sovi\u00e9tico na \u00e1rea! Camiseta feita com nossa malha ver\u00e3o, que \u00e9 mais leve para o dia-a-dia e tem um caimento um pouco mais suave. Composi\u00e7\u00e3o 50% algod\u00e3o e 50% poli\u00e9ster, na cor azul-mescla e estampa com silk de alta [&#8230;]\n","protected":false},"featured_media":5525,"comment_status":"open","ping_status":"closed","template":"","meta":[],"product_brand":[],"product_cat":[83],"product_tag":[852,221,182,181,213,320,319,183,943,326,334,190,325,944,945,1242,941,940,328,324,942,853,327,851,850,854],"class_list":{"0":"post-5727","1":"product","2":"type-product","3":"status-publish","4":"has-post-thumbnail","6":"product_cat-camiseta-reta","7":"product_tag-alex-ross","8":"product_tag-animacao","9":"product_tag-camisa","10":"product_tag-camiseta","11":"product_tag-cinema","12":"product_tag-dc","13":"product_tag-desenho-animado","14":"product_tag-estampa","15":"product_tag-foice","16":"product_tag-heroi","17":"product_tag-homem","18":"product_tag-hq","19":"product_tag-logo","20":"product_tag-martelo","21":"product_tag-millar","22":"product_tag-politic","23":"product_tag-red","24":"product_tag-redson","25":"product_tag-shinkoheo","26":"product_tag-simbolo","27":"product_tag-son","28":"product_tag-super","29":"product_tag-super-heroi","30":"product_tag-super-homem","31":"product_tag-superman","32":"product_tag-uniforme","33":"pa_artista-barata","34":"pa_cor-azul-escuro","35":"pa_malha-verao","36":"pa_tamanho-2g","37":"pa_tamanho-3g","38":"pa_tamanho-4g","39":"pa_tamanho-5g","40":"pa_tamanho-g","41":"pa_tamanho-m","42":"pa_tamanho-p","43":"pa_tamanho-pp","44":"pa_tema-HQ","45":"product_type-variable","86":"first","87":"instock","88":"shipping-taxable","89":"purchasable","90":"product-type-variable"},"_links":{"self":[{"href":"https:\/\/asbaratas.com.br\/loja\/wp-json\/wp\/v2\/product\/5727","targetHints":{"allow":["GET"]}}],"collection":[{"href":"https:\/\/asbaratas.com.br\/loja\/wp-json\/wp\/v2\/product"}],"about":[{"href":"https:\/\/asbaratas.com.br\/loja\/wp-json\/wp\/v2\/types\/product"}],"replies":[{"embeddable":true,"href":"https:\/\/asbaratas.com.br\/loja\/wp-json\/wp\/v2\/comments?post=5727"}],"wp:featuredmedia":[{"embeddable":true,"href":"https:\/\/asbaratas.com.br\/loja\/wp-json\/wp\/v2\/media\/5525"}],"wp:attachment":[{"href":"https:\/\/asbaratas.com.br\/loja\/wp-json\/wp\/v2\/media?parent=5727"}],"wp:term":[{"taxonomy":"product_brand","embeddable":true,"href":"https:\/\/asbaratas.com.br\/loja\/wp-json\/wp\/v2\/product_brand?post=5727"},{"taxonomy":"product_cat","embeddable":true,"href":"https:\/\/asbaratas.com.br\/loja\/wp-json\/wp\/v2\/product_cat?post=5727"},{"taxonomy":"product_tag","embeddable":true,"href":"https:\/\/asbaratas.com.br\/loja\/wp-json\/wp\/v2\/product_tag?post=5727"}],"curies":[{"name":"wp","href":"https:\/\/api.w.org\/{rel}","templated":true}]}}