{"id":56380,"date":"2021-04-05T16:33:50","date_gmt":"2021-04-05T19:33:50","guid":{"rendered":"https:\/\/asbaratas.com.br\/loja\/?post_type=product&#038;p=56380"},"modified":"2026-04-17T19:32:01","modified_gmt":"2026-04-17T22:32:01","slug":"kaijus-do-subsolo-japao","status":"publish","type":"product","link":"https:\/\/asbaratas.com.br\/loja\/produto\/kaijus-do-subsolo-japao\/","title":{"rendered":"KAIJUS DO SUBSOLO &#8211; JAP\u00c3O"},"content":{"rendered":"<p>Os Monstros do subsolo est\u00e3o vindo a superf\u00edcie para apavorar com tudo, s\u00f3 Spectremen para nos salvar desse macaco loiro que s\u00f3 quer a conquista!!<\/p>\n<p>Malha em 100% algod\u00e3o na cor preta com estampa em silk de alta qualidade.<\/p>\n<p>A taxa de encolhimento \u00e9 em m\u00e9dia 3% variando dos m\u00e9todos de lavagem.<\/p>\n<p>DICAS PARA SUA CAMISETA DURAR MUITO:<br \/>\n\u2022 LAVE COM \u00c1GUA FRIA<br \/>\n\u2022 PASSE ELA DO AVESSO<br \/>\n\u2022 N\u00c3O COLOQUE NA M\u00c1QUINA DE SECAR<br \/>\n\u2022 N\u00c3O DEIXE DE MOLHO<br \/>\n\u2022 SEMPRE SEQUE \u00c0 SOMBRA<\/p>\n<p>Arte por Lobo Ramirez<\/p>\n<p>As camisetas s\u00e3o despachadas em at\u00e9 3 dias \u00fateis.<\/p>\n","protected":false},"excerpt":{"rendered":"<p>Os Monstros do subsolo est\u00e3o vindo a superf\u00edcie para apavorar com tudo, s\u00f3 Spectremen para nos salvar desse macaco loiro que s\u00f3 quer a conquista!! Malha em 100% algod\u00e3o na cor preta com estampa em silk de alta qualidade. A taxa de encolhimento \u00e9 em m\u00e9dia 3% variando dos m\u00e9todos de lavagem. DICAS PARA SUA [&#8230;]\n","protected":false},"featured_media":56336,"comment_status":"open","ping_status":"closed","template":"","meta":[],"product_brand":[],"product_cat":[83],"product_tag":[182,181,656,213,929,1192,1090,294,1231,183,212,848,1482,190,1233,184,1478,222,467,1486,1235,1484,1483,963,654,1477,1236,1476,1480,1479,1481,450,1487,1485,657],"class_list":{"0":"post-56380","1":"product","2":"type-product","3":"status-publish","4":"has-post-thumbnail","6":"product_cat-camiseta-reta","7":"product_tag-camisa","8":"product_tag-camiseta","9":"product_tag-capa","10":"product_tag-cinema","11":"product_tag-comix","12":"product_tag-die","13":"product_tag-doidera","14":"product_tag-doutor","15":"product_tag-escoria","16":"product_tag-estampa","17":"product_tag-filme","18":"product_tag-gordo","19":"product_tag-gori","20":"product_tag-hq","21":"product_tag-hunt","22":"product_tag-ilustracao","23":"product_tag-jao","24":"product_tag-japao","25":"product_tag-joao","26":"product_tag-kaijus","27":"product_tag-lobo","28":"product_tag-loiro","29":"product_tag-macaco","30":"product_tag-monstros","31":"product_tag-movie","32":"product_tag-porao","33":"product_tag-ramirez","34":"product_tag-ratos","35":"product_tag-rdp","36":"product_tag-spec","37":"product_tag-spectreman","38":"product_tag-spectroman","39":"product_tag-subsolo","40":"product_tag-supekutoruman","41":"product_tag-trono","42":"pa_artista-lobo-ramirez","43":"pa_artista-rdp","44":"pa_cor-preto","45":"pa_tamanho-2g","46":"pa_tamanho-3g","47":"pa_tamanho-4g","48":"pa_tamanho-5g","49":"pa_tamanho-g","50":"pa_tamanho-m","51":"pa_tamanho-p","52":"pa_tamanho-pp","53":"pa_tema-arte","54":"pa_tema-DesenhoAnimado","55":"pa_tema-Humor","56":"pa_tema-Musica","57":"pa_tema-Oriental","58":"pa_tema-Parodia","59":"pa_tema-series","60":"product_type-variable","109":"pa_tema-Desenho Animado","116":"first","117":"instock","118":"shipping-taxable","119":"purchasable","120":"product-type-variable"},"_links":{"self":[{"href":"https:\/\/asbaratas.com.br\/loja\/wp-json\/wp\/v2\/product\/56380","targetHints":{"allow":["GET"]}}],"collection":[{"href":"https:\/\/asbaratas.com.br\/loja\/wp-json\/wp\/v2\/product"}],"about":[{"href":"https:\/\/asbaratas.com.br\/loja\/wp-json\/wp\/v2\/types\/product"}],"replies":[{"embeddable":true,"href":"https:\/\/asbaratas.com.br\/loja\/wp-json\/wp\/v2\/comments?post=56380"}],"wp:featuredmedia":[{"embeddable":true,"href":"https:\/\/asbaratas.com.br\/loja\/wp-json\/wp\/v2\/media\/56336"}],"wp:attachment":[{"href":"https:\/\/asbaratas.com.br\/loja\/wp-json\/wp\/v2\/media?parent=56380"}],"wp:term":[{"taxonomy":"product_brand","embeddable":true,"href":"https:\/\/asbaratas.com.br\/loja\/wp-json\/wp\/v2\/product_brand?post=56380"},{"taxonomy":"product_cat","embeddable":true,"href":"https:\/\/asbaratas.com.br\/loja\/wp-json\/wp\/v2\/product_cat?post=56380"},{"taxonomy":"product_tag","embeddable":true,"href":"https:\/\/asbaratas.com.br\/loja\/wp-json\/wp\/v2\/product_tag?post=56380"}],"curies":[{"name":"wp","href":"https:\/\/api.w.org\/{rel}","templated":true}]}}