{"id":5597,"date":"2017-07-05T10:12:51","date_gmt":"2017-07-05T13:12:51","guid":{"rendered":"http:\/\/asbaratas.com.br\/loja\/produto\/kongzilla_td1p\/"},"modified":"2026-04-17T19:32:02","modified_gmt":"2026-04-17T22:32:02","slug":"kongzilla_td1p","status":"publish","type":"product","link":"https:\/\/asbaratas.com.br\/loja\/produto\/kongzilla_td1p\/","title":{"rendered":"KONG VS ZILLA"},"content":{"rendered":"<p>Quem vai ser o rei dos monstros?? Contemple essa luta em uma arte sensacional\u00a0 e ainda leve de brinde a galera do Podtrash!!<\/p>\n<p>Malha em 100% algod\u00e3o na cor preta com estampa em silk cromia de alta qualidade.<\/p>\n<p>A taxa de encolhimento \u00e9 em m\u00e9dia 3% variando dos m\u00e9todos de lavagem.<\/p>\n<p>DICAS PARA SUA CAMISETA DURAR MUITO:<br \/>\n\u2022 LAVE COM \u00c1GUA FRIA<br \/>\n\u2022 PASSE ELA DO AVESSO<br \/>\n\u2022 N\u00c3O COLOQUE NA M\u00c1QUINA DE SECAR<br \/>\n\u2022 N\u00c3O DEIXE DE MOLHO<br \/>\n\u2022 SEMPRE SEQUE \u00c0 SOMBRA<\/p>\n<p>Arte por Marcelo Damm<\/p>\n<p>As camisetas s\u00e3o despachadas em at\u00e9 3 dias \u00fateis.<\/p>\n","protected":false},"excerpt":{"rendered":"<p>Quem vai ser o rei dos monstros?? Contemple essa luta em uma arte sensacional\u00a0 e ainda leve de brinde a galera do Podtrash!! Malha em 100% algod\u00e3o na cor preta com estampa em silk cromia de alta qualidade. A taxa de encolhimento \u00e9 em m\u00e9dia 3% variando dos m\u00e9todos de lavagem. DICAS PARA SUA CAMISETA [&#8230;]\n","protected":false},"featured_media":5524,"comment_status":"open","ping_status":"closed","template":"","meta":[],"product_brand":[],"product_cat":[83],"product_tag":[934,182,181,213,183,576,577,222,223,935,937,936,933,366,932,260,259,262,536,938],"class_list":{"0":"post-5597","1":"product","2":"type-product","3":"status-publish","4":"has-post-thumbnail","6":"product_cat-camiseta-reta","7":"product_tag-cage","8":"product_tag-camisa","9":"product_tag-camiseta","10":"product_tag-cinema","11":"product_tag-estampa","12":"product_tag-godzilla","13":"product_tag-gojira","14":"product_tag-japao","15":"product_tag-japones","16":"product_tag-king","17":"product_tag-kingkong","18":"product_tag-kong","19":"product_tag-nicolas","20":"product_tag-oriental","21":"product_tag-podtrash","22":"product_tag-seriado","23":"product_tag-serie-de-tv","24":"product_tag-televisao","25":"product_tag-terror","26":"product_tag-zilla","27":"pa_artista-damm","28":"pa_cor-preto","29":"pa_tamanho-2g","30":"pa_tamanho-3g","31":"pa_tamanho-4g","32":"pa_tamanho-5g","33":"pa_tamanho-g","34":"pa_tamanho-m","35":"pa_tamanho-p","36":"pa_tamanho-pp","37":"pa_tema-Cinema","38":"pa_tema-Oriental","39":"pa_tema-Podcast","40":"pa_tema-series","41":"product_type-variable","78":"first","79":"instock","80":"shipping-taxable","81":"purchasable","82":"product-type-variable"},"_links":{"self":[{"href":"https:\/\/asbaratas.com.br\/loja\/wp-json\/wp\/v2\/product\/5597","targetHints":{"allow":["GET"]}}],"collection":[{"href":"https:\/\/asbaratas.com.br\/loja\/wp-json\/wp\/v2\/product"}],"about":[{"href":"https:\/\/asbaratas.com.br\/loja\/wp-json\/wp\/v2\/types\/product"}],"replies":[{"embeddable":true,"href":"https:\/\/asbaratas.com.br\/loja\/wp-json\/wp\/v2\/comments?post=5597"}],"wp:featuredmedia":[{"embeddable":true,"href":"https:\/\/asbaratas.com.br\/loja\/wp-json\/wp\/v2\/media\/5524"}],"wp:attachment":[{"href":"https:\/\/asbaratas.com.br\/loja\/wp-json\/wp\/v2\/media?parent=5597"}],"wp:term":[{"taxonomy":"product_brand","embeddable":true,"href":"https:\/\/asbaratas.com.br\/loja\/wp-json\/wp\/v2\/product_brand?post=5597"},{"taxonomy":"product_cat","embeddable":true,"href":"https:\/\/asbaratas.com.br\/loja\/wp-json\/wp\/v2\/product_cat?post=5597"},{"taxonomy":"product_tag","embeddable":true,"href":"https:\/\/asbaratas.com.br\/loja\/wp-json\/wp\/v2\/product_tag?post=5597"}],"curies":[{"name":"wp","href":"https:\/\/api.w.org\/{rel}","templated":true}]}}