{"id":50234,"date":"2020-10-13T23:01:51","date_gmt":"2020-10-14T02:01:51","guid":{"rendered":"https:\/\/asbaratas.com.br\/loja\/?post_type=product&#038;p=50234"},"modified":"2025-12-20T01:41:55","modified_gmt":"2025-12-20T04:41:55","slug":"apagao-fem","status":"publish","type":"product","link":"https:\/\/asbaratas.com.br\/loja\/produto\/apagao-fem\/","title":{"rendered":"APAG\u00c3O"},"content":{"rendered":"<p>Em que mundo gangues de arruaceiros s\u00e3o formadas por branquelos? Apag\u00e3o \u00e9 sobre o mundo em que vivemos! Onde os menos privilegiados s\u00f3 sobrevivem na porrada!<\/p>\n<p>Produto oficial, licenciado da HQ publicada pela Editora Draco.<\/p>\n<p>Malha em 100% algod\u00e3o na cor preta com estampa em silk de alta qualidade.<\/p>\n<p>A taxa de encolhimento \u00e9 em m\u00e9dia 3% variando dos m\u00e9todos de lavagem.<\/p>\n<p>DICAS PARA SUA CAMISETA DURAR MUITO:<br \/>\n\u2022 LAVE COM \u00c1GUA FRIA<br \/>\n\u2022 PASSE ELA DO AVESSO<br \/>\n\u2022 N\u00c3O COLOQUE NA M\u00c1QUINA DE SECAR<br \/>\n\u2022 N\u00c3O DEIXE DE MOLHO<br \/>\n\u2022 SEMPRE SEQUE \u00c0 SOMBRA<\/p>\n<p>Arte por Jo\u00e3o Pirolla<\/p>\n<p>As camisetas s\u00e3o despachadas em at\u00e9 3 dias \u00fateis.<\/p>\n","protected":false},"excerpt":{"rendered":"<p>Em que mundo gangues de arruaceiros s\u00e3o formadas por branquelos? Apag\u00e3o \u00e9 sobre o mundo em que vivemos! Onde os menos privilegiados s\u00f3 sobrevivem na porrada! Produto oficial, licenciado da HQ publicada pela Editora Draco. Malha em 100% algod\u00e3o na cor preta com estampa em silk de alta qualidade. A taxa de encolhimento \u00e9 em [&#8230;]\n","protected":false},"featured_media":50163,"comment_status":"open","ping_status":"closed","template":"","meta":[],"product_brand":[],"product_cat":[72,74],"product_tag":[1449,1446,1452,182,181,1632,1633,470,471,1571,183,472,1448,190,184,401,1450,1345,469,1445,339,1447,1451,1444],"class_list":{"0":"post-50234","1":"product","2":"type-product","3":"status-publish","4":"has-post-thumbnail","6":"product_cat-feminina","7":"product_cat-mullet","8":"product_tag-abel","9":"product_tag-apagao","10":"product_tag-camaleao","11":"product_tag-camisa","12":"product_tag-camiseta","13":"product_tag-canhota","14":"product_tag-canhoto","15":"product_tag-draco","16":"product_tag-editora","17":"product_tag-esquerda","18":"product_tag-estampa","19":"product_tag-fernandes","20":"product_tag-furia","21":"product_tag-hq","22":"product_tag-ilustracao","23":"product_tag-lovecraft","24":"product_tag-mandril","25":"product_tag-nacional","26":"product_tag-quadrinho","27":"product_tag-rage","28":"product_tag-raphael","29":"product_tag-ruas","30":"product_tag-sega","31":"product_tag-streets","32":"pa_artista-abel","33":"pa_artista-camaleao","34":"pa_cor-preto","35":"pa_tamanho-2g","36":"pa_tamanho-3g","37":"pa_tamanho-4g","38":"pa_tamanho-5g","39":"pa_tamanho-g","40":"pa_tamanho-m","41":"pa_tamanho-p","42":"pa_tema-arte","43":"pa_tema-Games","44":"pa_tema-HQ","45":"pa_tema-Mashup","46":"pa_tema-oficial","47":"pa_tema-Parodia","48":"product_type-variable","92":"first","93":"instock","94":"shipping-taxable","95":"purchasable","96":"product-type-variable","97":"has-default-attributes"},"_links":{"self":[{"href":"https:\/\/asbaratas.com.br\/loja\/wp-json\/wp\/v2\/product\/50234","targetHints":{"allow":["GET"]}}],"collection":[{"href":"https:\/\/asbaratas.com.br\/loja\/wp-json\/wp\/v2\/product"}],"about":[{"href":"https:\/\/asbaratas.com.br\/loja\/wp-json\/wp\/v2\/types\/product"}],"replies":[{"embeddable":true,"href":"https:\/\/asbaratas.com.br\/loja\/wp-json\/wp\/v2\/comments?post=50234"}],"wp:featuredmedia":[{"embeddable":true,"href":"https:\/\/asbaratas.com.br\/loja\/wp-json\/wp\/v2\/media\/50163"}],"wp:attachment":[{"href":"https:\/\/asbaratas.com.br\/loja\/wp-json\/wp\/v2\/media?parent=50234"}],"wp:term":[{"taxonomy":"product_brand","embeddable":true,"href":"https:\/\/asbaratas.com.br\/loja\/wp-json\/wp\/v2\/product_brand?post=50234"},{"taxonomy":"product_cat","embeddable":true,"href":"https:\/\/asbaratas.com.br\/loja\/wp-json\/wp\/v2\/product_cat?post=50234"},{"taxonomy":"product_tag","embeddable":true,"href":"https:\/\/asbaratas.com.br\/loja\/wp-json\/wp\/v2\/product_tag?post=50234"}],"curies":[{"name":"wp","href":"https:\/\/api.w.org\/{rel}","templated":true}]}}