{"id":50210,"date":"2020-10-13T22:47:19","date_gmt":"2020-10-14T01:47:19","guid":{"rendered":"https:\/\/asbaratas.com.br\/loja\/?post_type=product&#038;p=50210"},"modified":"2025-12-31T06:06:48","modified_gmt":"2025-12-31T09:06:48","slug":"shikaka","status":"publish","type":"product","link":"https:\/\/asbaratas.com.br\/loja\/produto\/shikaka\/","title":{"rendered":"SHIKAKA"},"content":{"rendered":"<p>SMOKING!!! Opa quis dizer&#8230; SHIKAKA!!!<\/p>\n<p>Malha em 100% algod\u00e3o na cor preta com estampa em silk de alta qualidade.<\/p>\n<p>A taxa de encolhimento \u00e9 em m\u00e9dia 3% variando dos m\u00e9todos de lavagem.<\/p>\n<p>DICAS PARA SUA CAMISETA DURAR MUITO:<br \/>\n\u2022 LAVE COM \u00c1GUA FRIA<br \/>\n\u2022 PASSE ELA DO AVESSO<br \/>\n\u2022 N\u00c3O COLOQUE NA M\u00c1QUINA DE SECAR<br \/>\n\u2022 N\u00c3O DEIXE DE MOLHO<br \/>\n\u2022 SEMPRE SEQUE \u00c0 SOMBRA<\/p>\n<p>Arte por Thobias Daneluz<\/p>\n<p>As camisetas s\u00e3o despachadas em at\u00e9 3 dias \u00fateis.<\/p>\n","protected":false},"excerpt":{"rendered":"<p>SMOKING!!! Opa quis dizer&#8230; SHIKAKA!!! Malha em 100% algod\u00e3o na cor preta com estampa em silk de alta qualidade. A taxa de encolhimento \u00e9 em m\u00e9dia 3% variando dos m\u00e9todos de lavagem. DICAS PARA SUA CAMISETA DURAR MUITO: \u2022 LAVE COM \u00c1GUA FRIA \u2022 PASSE ELA DO AVESSO \u2022 N\u00c3O COLOQUE NA M\u00c1QUINA DE SECAR [&#8230;]\n","protected":false},"featured_media":50172,"comment_status":"open","ping_status":"closed","template":"","meta":[],"product_brand":[],"product_cat":[83],"product_tag":[1434,1437,182,181,1433,213,1438,1440,1436,183,1432,1439,1441,1431,1429,1430,1442,1443,1435],"class_list":{"0":"post-50210","1":"product","2":"type-product","3":"status-publish","4":"has-post-thumbnail","6":"product_cat-camiseta-reta","7":"product_tag-ace","8":"product_tag-animais","9":"product_tag-camisa","10":"product_tag-camiseta","11":"product_tag-carey","12":"product_tag-cinema","13":"product_tag-debi","14":"product_tag-deby","15":"product_tag-detetive","16":"product_tag-estampa","17":"product_tag-jim","18":"product_tag-loide","19":"product_tag-loyd","20":"product_tag-mascara","21":"product_tag-mask","22":"product_tag-maskara","23":"product_tag-shikaka","24":"product_tag-smoking","25":"product_tag-ventura","26":"pa_artista-thobias","27":"pa_cor-preto","28":"pa_tamanho-2g","29":"pa_tamanho-3g","30":"pa_tamanho-4g","31":"pa_tamanho-5g","32":"pa_tamanho-g","33":"pa_tamanho-m","34":"pa_tamanho-p","35":"pa_tamanho-pp","36":"pa_tema-Cinema","37":"pa_tema-DesenhoAnimado","38":"pa_tema-Humor","39":"pa_tema-Mashup","40":"pa_tema-Parodia","41":"product_type-variable","73":"pa_tema-Desenho Animado","78":"first","79":"instock","80":"shipping-taxable","81":"purchasable","82":"product-type-variable","83":"has-default-attributes"},"_links":{"self":[{"href":"https:\/\/asbaratas.com.br\/loja\/wp-json\/wp\/v2\/product\/50210","targetHints":{"allow":["GET"]}}],"collection":[{"href":"https:\/\/asbaratas.com.br\/loja\/wp-json\/wp\/v2\/product"}],"about":[{"href":"https:\/\/asbaratas.com.br\/loja\/wp-json\/wp\/v2\/types\/product"}],"replies":[{"embeddable":true,"href":"https:\/\/asbaratas.com.br\/loja\/wp-json\/wp\/v2\/comments?post=50210"}],"wp:featuredmedia":[{"embeddable":true,"href":"https:\/\/asbaratas.com.br\/loja\/wp-json\/wp\/v2\/media\/50172"}],"wp:attachment":[{"href":"https:\/\/asbaratas.com.br\/loja\/wp-json\/wp\/v2\/media?parent=50210"}],"wp:term":[{"taxonomy":"product_brand","embeddable":true,"href":"https:\/\/asbaratas.com.br\/loja\/wp-json\/wp\/v2\/product_brand?post=50210"},{"taxonomy":"product_cat","embeddable":true,"href":"https:\/\/asbaratas.com.br\/loja\/wp-json\/wp\/v2\/product_cat?post=50210"},{"taxonomy":"product_tag","embeddable":true,"href":"https:\/\/asbaratas.com.br\/loja\/wp-json\/wp\/v2\/product_tag?post=50210"}],"curies":[{"name":"wp","href":"https:\/\/api.w.org\/{rel}","templated":true}]}}