{"id":50173,"date":"2020-10-13T22:30:50","date_gmt":"2020-10-14T01:30:50","guid":{"rendered":"https:\/\/asbaratas.com.br\/loja\/?post_type=product&#038;p=50173"},"modified":"2025-12-17T19:39:56","modified_gmt":"2025-12-17T22:39:56","slug":"friday-im-in-love-pt-2","status":"publish","type":"product","link":"https:\/\/asbaratas.com.br\/loja\/produto\/friday-im-in-love-pt-2\/","title":{"rendered":"FRIDAY I\u00b4M IN LOVE Pt. 2"},"content":{"rendered":"<p>Toda sexta-feira 13 uma coisa \u00e9 certa! Todo mundo gamad\u00e3o s\u00f3 em love love curtindo!<\/p>\n<p>Malha em 100% algod\u00e3o na cor preta com estampa em silk de alta qualidade.<\/p>\n<p>A taxa de encolhimento \u00e9 em m\u00e9dia 3% variando dos m\u00e9todos de lavagem.<\/p>\n<p>DICAS PARA SUA CAMISETA DURAR MUITO:<br \/>\n\u2022 LAVE COM \u00c1GUA FRIA<br \/>\n\u2022 PASSE ELA DO AVESSO<br \/>\n\u2022 N\u00c3O COLOQUE NA M\u00c1QUINA DE SECAR<br \/>\n\u2022 N\u00c3O DEIXE DE MOLHO<br \/>\n\u2022 SEMPRE SEQUE \u00c0 SOMBRA<\/p>\n<p>Arte por BUTCHER BILLY<\/p>\n<p>As camisetas s\u00e3o despachadas em at\u00e9 3 dias \u00fateis.<\/p>\n","protected":false},"excerpt":{"rendered":"<p>Toda sexta-feira 13 uma coisa \u00e9 certa! Todo mundo gamad\u00e3o s\u00f3 em love love curtindo! Malha em 100% algod\u00e3o na cor preta com estampa em silk de alta qualidade. A taxa de encolhimento \u00e9 em m\u00e9dia 3% variando dos m\u00e9todos de lavagem. DICAS PARA SUA CAMISETA DURAR MUITO: \u2022 LAVE COM \u00c1GUA FRIA \u2022 PASSE [&#8230;]\n","protected":false},"featured_media":50168,"comment_status":"open","ping_status":"closed","template":"","meta":[],"product_brand":[],"product_cat":[83],"product_tag":[1418,1410,1381,1301,1380,181,1420,1411,183,1417,1414,1421,1422,1206,1415,1423,198,1419,1409,1408,297,199,1424,1416,1412,1413],"class_list":{"0":"post-50173","1":"product","2":"type-product","3":"status-publish","4":"has-post-thumbnail","6":"product_cat-camiseta-reta","7":"product_tag-1418","8":"product_tag-art","9":"product_tag-billy","10":"product_tag-boys","11":"product_tag-butcher","12":"product_tag-camiseta","13":"product_tag-cry","14":"product_tag-cure","15":"product_tag-estampa","16":"product_tag-feira","17":"product_tag-friday","18":"product_tag-gothic","19":"product_tag-gotico","20":"product_tag-jason","21":"product_tag-love","22":"product_tag-madame","23":"product_tag-musica","24":"product_tag-part","25":"product_tag-pop","26":"product_tag-popart","27":"product_tag-robert","28":"product_tag-rock","29":"product_tag-sata","30":"product_tag-sexta","31":"product_tag-smith","32":"product_tag-thecure","33":"pa_artista-butcher_billy","34":"pa_cor-preto","35":"pa_tamanho-pp","36":"pa_tamanho-p","37":"pa_tamanho-m","38":"pa_tamanho-g","39":"pa_tamanho-2g","40":"pa_tamanho-3g","41":"pa_tamanho-4g","42":"pa_tamanho-5g","43":"pa_tema-arte","44":"pa_tema-Cinema","45":"pa_tema-Humor","46":"pa_tema-Mashup","47":"pa_tema-Parodia","48":"product_type-variable","50":"product_tag-13","92":"first","93":"instock","94":"shipping-taxable","95":"purchasable","96":"product-type-variable"},"_links":{"self":[{"href":"https:\/\/asbaratas.com.br\/loja\/wp-json\/wp\/v2\/product\/50173","targetHints":{"allow":["GET"]}}],"collection":[{"href":"https:\/\/asbaratas.com.br\/loja\/wp-json\/wp\/v2\/product"}],"about":[{"href":"https:\/\/asbaratas.com.br\/loja\/wp-json\/wp\/v2\/types\/product"}],"replies":[{"embeddable":true,"href":"https:\/\/asbaratas.com.br\/loja\/wp-json\/wp\/v2\/comments?post=50173"}],"wp:featuredmedia":[{"embeddable":true,"href":"https:\/\/asbaratas.com.br\/loja\/wp-json\/wp\/v2\/media\/50168"}],"wp:attachment":[{"href":"https:\/\/asbaratas.com.br\/loja\/wp-json\/wp\/v2\/media?parent=50173"}],"wp:term":[{"taxonomy":"product_brand","embeddable":true,"href":"https:\/\/asbaratas.com.br\/loja\/wp-json\/wp\/v2\/product_brand?post=50173"},{"taxonomy":"product_cat","embeddable":true,"href":"https:\/\/asbaratas.com.br\/loja\/wp-json\/wp\/v2\/product_cat?post=50173"},{"taxonomy":"product_tag","embeddable":true,"href":"https:\/\/asbaratas.com.br\/loja\/wp-json\/wp\/v2\/product_tag?post=50173"}],"curies":[{"name":"wp","href":"https:\/\/api.w.org\/{rel}","templated":true}]}}