{"id":46597,"date":"2020-07-13T22:13:05","date_gmt":"2020-07-14T01:13:05","guid":{"rendered":"https:\/\/asbaratas.com.br\/loja\/?post_type=product&#038;p=46597"},"modified":"2026-05-10T01:13:24","modified_gmt":"2026-05-10T04:13:24","slug":"bowie_invader","status":"publish","type":"product","link":"https:\/\/asbaratas.com.br\/loja\/produto\/bowie_invader\/","title":{"rendered":"SPACE INVADER"},"content":{"rendered":"<p>\u00c9 uma alucina\u00e7\u00e3o lunar? Um crocodilo? \u00c9 o nosso querido invasor espacial tocando guitarra com as aranhas de marte!<\/p>\n<p>Malha em 100% algod\u00e3o na cor preta com estampa em silk de alta qualidade.<\/p>\n<p>A taxa de encolhimento \u00e9 em m\u00e9dia 3% variando dos m\u00e9todos de lavagem.<\/p>\n<p>DICAS PARA SUA CAMISETA DURAR MUITO:<br \/>\n\u2022 LAVE COM \u00c1GUA FRIA<br \/>\n\u2022 PASSE ELA DO AVESSO<br \/>\n\u2022 N\u00c3O COLOQUE NA M\u00c1QUINA DE SECAR<br \/>\n\u2022 N\u00c3O DEIXE DE MOLHO<br \/>\n\u2022 SEMPRE SEQUE \u00c0 SOMBRA<\/p>\n<p>Arte por BUTCHER BILLY<\/p>\n<p>As camisetas s\u00e3o despachadas em at\u00e9 3 dias \u00fateis.<\/p>\n","protected":false},"excerpt":{"rendered":"<p>\u00c9 uma alucina\u00e7\u00e3o lunar? Um crocodilo? \u00c9 o nosso querido invasor espacial tocando guitarra com as aranhas de marte! Malha em 100% algod\u00e3o na cor preta com estampa em silk de alta qualidade. A taxa de encolhimento \u00e9 em m\u00e9dia 3% variando dos m\u00e9todos de lavagem. DICAS PARA SUA CAMISETA DURAR MUITO: \u2022 LAVE COM [&#8230;]\n","protected":false},"featured_media":46569,"comment_status":"open","ping_status":"closed","template":"","meta":[],"product_brand":[],"product_cat":[83],"product_tag":[1410,1381,1402,1380,181,1403,1407,183,1405,1406,198,1409,1408,199,799,1404],"class_list":{"0":"post-46597","1":"product","2":"type-product","3":"status-publish","4":"has-post-thumbnail","6":"product_cat-camiseta-reta","7":"product_tag-art","8":"product_tag-billy","9":"product_tag-bowie","10":"product_tag-butcher","11":"product_tag-camiseta","12":"product_tag-david","13":"product_tag-daydream","14":"product_tag-estampa","15":"product_tag-invader","16":"product_tag-moonage","17":"product_tag-musica","18":"product_tag-pop","19":"product_tag-popart","20":"product_tag-rock","21":"product_tag-rocky","22":"product_tag-space","23":"pa_artista-butcher_billy","24":"pa_cor-preto","25":"pa_tamanho-2g","26":"pa_tamanho-3g","27":"pa_tamanho-4g","28":"pa_tamanho-5g","29":"pa_tamanho-g","30":"pa_tamanho-m","31":"pa_tamanho-p","32":"pa_tamanho-pp","33":"pa_tema-arte","34":"pa_tema-HQ","35":"pa_tema-Musica","36":"pa_tema-Parodia","37":"pa_tema-Videogame","38":"product_type-variable","72":"first","73":"instock","74":"shipping-taxable","75":"purchasable","76":"product-type-variable"},"_links":{"self":[{"href":"https:\/\/asbaratas.com.br\/loja\/wp-json\/wp\/v2\/product\/46597","targetHints":{"allow":["GET"]}}],"collection":[{"href":"https:\/\/asbaratas.com.br\/loja\/wp-json\/wp\/v2\/product"}],"about":[{"href":"https:\/\/asbaratas.com.br\/loja\/wp-json\/wp\/v2\/types\/product"}],"replies":[{"embeddable":true,"href":"https:\/\/asbaratas.com.br\/loja\/wp-json\/wp\/v2\/comments?post=46597"}],"wp:featuredmedia":[{"embeddable":true,"href":"https:\/\/asbaratas.com.br\/loja\/wp-json\/wp\/v2\/media\/46569"}],"wp:attachment":[{"href":"https:\/\/asbaratas.com.br\/loja\/wp-json\/wp\/v2\/media?parent=46597"}],"wp:term":[{"taxonomy":"product_brand","embeddable":true,"href":"https:\/\/asbaratas.com.br\/loja\/wp-json\/wp\/v2\/product_brand?post=46597"},{"taxonomy":"product_cat","embeddable":true,"href":"https:\/\/asbaratas.com.br\/loja\/wp-json\/wp\/v2\/product_cat?post=46597"},{"taxonomy":"product_tag","embeddable":true,"href":"https:\/\/asbaratas.com.br\/loja\/wp-json\/wp\/v2\/product_tag?post=46597"}],"curies":[{"name":"wp","href":"https:\/\/api.w.org\/{rel}","templated":true}]}}