{"id":46574,"date":"2020-07-13T20:12:47","date_gmt":"2020-07-13T23:12:47","guid":{"rendered":"https:\/\/asbaratas.com.br\/loja\/?post_type=product&#038;p=46574"},"modified":"2026-02-16T15:29:48","modified_gmt":"2026-02-16T18:29:48","slug":"master_moore","status":"publish","type":"product","link":"https:\/\/asbaratas.com.br\/loja\/produto\/master_moore\/","title":{"rendered":"MASTER MOORE"},"content":{"rendered":"<p>Mago supremo? Mestre da realidade? Depois da eternidade prestamos mais uma homenagem ao nosso mestre!<\/p>\n<p>Malha em 100% algod\u00e3o na cor preta com estampa em silk de alta qualidade.<\/p>\n<p>A taxa de encolhimento \u00e9 em m\u00e9dia 3% variando dos m\u00e9todos de lavagem.<\/p>\n<p>DICAS PARA SUA CAMISETA DURAR MUITO:<br \/>\n\u2022 LAVE COM \u00c1GUA FRIA<br \/>\n\u2022 PASSE ELA DO AVESSO<br \/>\n\u2022 N\u00c3O COLOQUE NA M\u00c1QUINA DE SECAR<br \/>\n\u2022 N\u00c3O DEIXE DE MOLHO<br \/>\n\u2022 SEMPRE SEQUE \u00c0 SOMBRA<\/p>\n<p>Arte por Matias Streb<\/p>\n<p>As camisetas s\u00e3o despachadas em at\u00e9 3 dias \u00fateis.<\/p>\n","protected":false},"excerpt":{"rendered":"<p>Mago supremo? Mestre da realidade? Depois da eternidade prestamos mais uma homenagem ao nosso mestre! Malha em 100% algod\u00e3o na cor preta com estampa em silk de alta qualidade. A taxa de encolhimento \u00e9 em m\u00e9dia 3% variando dos m\u00e9todos de lavagem. DICAS PARA SUA CAMISETA DURAR MUITO: \u2022 LAVE COM \u00c1GUA FRIA \u2022 PASSE [&#8230;]\n","protected":false},"featured_media":46567,"comment_status":"open","ping_status":"closed","template":"","meta":[],"product_brand":[],"product_cat":[83],"product_tag":[231,229,232,230,226,225,182,181,1632,1633,194,1571,183,195,191,190,184,238,234,233,227,193,228,236,235,237,239],"class_list":{"0":"post-46574","1":"product","2":"type-product","3":"status-publish","4":"has-post-thumbnail","6":"product_cat-camiseta-reta","7":"product_tag-alan","8":"product_tag-alan-moore","9":"product_tag-allan","10":"product_tag-allan-moore","11":"product_tag-caio","12":"product_tag-caio-oliveira","13":"product_tag-camisa","14":"product_tag-camiseta","15":"product_tag-canhota","16":"product_tag-canhoto","17":"product_tag-comics","18":"product_tag-esquerda","19":"product_tag-estampa","20":"product_tag-gibi","21":"product_tag-historia-em-quadrinhos","22":"product_tag-hq","23":"product_tag-ilustracao","24":"product_tag-liga-extraordinaria","25":"product_tag-mago","26":"product_tag-moore","27":"product_tag-oliveira","28":"product_tag-quadrinhos","29":"product_tag-revista-em-quadrinhos","30":"product_tag-v","31":"product_tag-v-de-vinganca","32":"product_tag-vinganca","33":"product_tag-watchmen","34":"pa_artista-matias","35":"pa_cor-preto","36":"pa_tamanho-2g","37":"pa_tamanho-3g","38":"pa_tamanho-4g","39":"pa_tamanho-5g","40":"pa_tamanho-g","41":"pa_tamanho-m","42":"pa_tamanho-p","43":"pa_tamanho-pp","44":"pa_tema-arte","45":"pa_tema-HQ","46":"pa_tema-Musica","47":"pa_tema-Parodia","48":"product_type-variable","92":"first","93":"instock","94":"shipping-taxable","95":"purchasable","96":"product-type-variable"},"_links":{"self":[{"href":"https:\/\/asbaratas.com.br\/loja\/wp-json\/wp\/v2\/product\/46574","targetHints":{"allow":["GET"]}}],"collection":[{"href":"https:\/\/asbaratas.com.br\/loja\/wp-json\/wp\/v2\/product"}],"about":[{"href":"https:\/\/asbaratas.com.br\/loja\/wp-json\/wp\/v2\/types\/product"}],"replies":[{"embeddable":true,"href":"https:\/\/asbaratas.com.br\/loja\/wp-json\/wp\/v2\/comments?post=46574"}],"wp:featuredmedia":[{"embeddable":true,"href":"https:\/\/asbaratas.com.br\/loja\/wp-json\/wp\/v2\/media\/46567"}],"wp:attachment":[{"href":"https:\/\/asbaratas.com.br\/loja\/wp-json\/wp\/v2\/media?parent=46574"}],"wp:term":[{"taxonomy":"product_brand","embeddable":true,"href":"https:\/\/asbaratas.com.br\/loja\/wp-json\/wp\/v2\/product_brand?post=46574"},{"taxonomy":"product_cat","embeddable":true,"href":"https:\/\/asbaratas.com.br\/loja\/wp-json\/wp\/v2\/product_cat?post=46574"},{"taxonomy":"product_tag","embeddable":true,"href":"https:\/\/asbaratas.com.br\/loja\/wp-json\/wp\/v2\/product_tag?post=46574"}],"curies":[{"name":"wp","href":"https:\/\/api.w.org\/{rel}","templated":true}]}}