{"id":4283,"date":"2017-04-06T17:09:51","date_gmt":"2017-04-06T20:09:51","guid":{"rendered":"https:\/\/asbaratas.com.br\/loja\/produto\/furr-nroots\/"},"modified":"2026-04-17T19:31:42","modified_gmt":"2026-04-17T22:31:42","slug":"furr-nroots","status":"publish","type":"product","link":"https:\/\/asbaratas.com.br\/loja\/produto\/furr-nroots\/","title":{"rendered":"FURR N\u00b4ROOTS"},"content":{"rendered":"<p>Armas e rosas? Que nada! Essa dupla aqui \u00e9 muito mais encrenqueira e explosiva!<\/p>\n<p>Malha em 100% algod\u00e3o na cor azul com estampa em silk de alta qualidade.<\/p>\n<p>A taxa de encolhimento \u00e9 em m\u00e9dia 3% variando dos m\u00e9todos de lavagem.<\/p>\n<p>DICAS PARA SUA CAMISETA DURAR MUITO:<br \/>\n\u2022 LAVE COM \u00c1GUA FRIA<br \/>\n\u2022 PASSE ELA DO AVESSO<br \/>\n\u2022 N\u00c3O COLOQUE NA M\u00c1QUINA DE SECAR<br \/>\n\u2022 N\u00c3O DEIXE DE MOLHO<br \/>\n\u2022 SEMPRE SEQUE \u00c0 SOMBRA<\/p>\n<p>Arte por Victor Estivador<\/p>\n<p>As camisetas s\u00e3o despachadas em at\u00e9 3 dias \u00fateis.<\/p>\n","protected":false},"excerpt":{"rendered":"<p>Armas e rosas? Que nada! Essa dupla aqui \u00e9 muito mais encrenqueira e explosiva! Malha em 100% algod\u00e3o na cor azul com estampa em silk de alta qualidade. A taxa de encolhimento \u00e9 em m\u00e9dia 3% variando dos m\u00e9todos de lavagem. DICAS PARA SUA CAMISETA DURAR MUITO: \u2022 LAVE COM \u00c1GUA FRIA \u2022 PASSE ELA [&#8230;]\n","protected":false},"featured_media":4199,"comment_status":"open","ping_status":"closed","template":"","meta":[],"product_brand":[],"product_cat":[83],"product_tag":[],"class_list":{"0":"post-4283","1":"product","2":"type-product","3":"status-publish","4":"has-post-thumbnail","6":"product_cat-camiseta-reta","7":"pa_artista-estivador","8":"pa_cor-azul-escuro","9":"pa_tamanho-2g","10":"pa_tamanho-3g","11":"pa_tamanho-4g","12":"pa_tamanho-g","13":"pa_tamanho-m","14":"pa_tamanho-p","15":"pa_tema-Cinema","16":"pa_tema-HQ","17":"pa_tema-Mashup","18":"pa_tema-Musica","19":"pa_tema-Parodia","20":"product_type-variable","21":"product_visibility-outofstock","37":"first","38":"outofstock","39":"shipping-taxable","40":"purchasable","41":"product-type-variable"},"_links":{"self":[{"href":"https:\/\/asbaratas.com.br\/loja\/wp-json\/wp\/v2\/product\/4283","targetHints":{"allow":["GET"]}}],"collection":[{"href":"https:\/\/asbaratas.com.br\/loja\/wp-json\/wp\/v2\/product"}],"about":[{"href":"https:\/\/asbaratas.com.br\/loja\/wp-json\/wp\/v2\/types\/product"}],"replies":[{"embeddable":true,"href":"https:\/\/asbaratas.com.br\/loja\/wp-json\/wp\/v2\/comments?post=4283"}],"wp:featuredmedia":[{"embeddable":true,"href":"https:\/\/asbaratas.com.br\/loja\/wp-json\/wp\/v2\/media\/4199"}],"wp:attachment":[{"href":"https:\/\/asbaratas.com.br\/loja\/wp-json\/wp\/v2\/media?parent=4283"}],"wp:term":[{"taxonomy":"product_brand","embeddable":true,"href":"https:\/\/asbaratas.com.br\/loja\/wp-json\/wp\/v2\/product_brand?post=4283"},{"taxonomy":"product_cat","embeddable":true,"href":"https:\/\/asbaratas.com.br\/loja\/wp-json\/wp\/v2\/product_cat?post=4283"},{"taxonomy":"product_tag","embeddable":true,"href":"https:\/\/asbaratas.com.br\/loja\/wp-json\/wp\/v2\/product_tag?post=4283"}],"curies":[{"name":"wp","href":"https:\/\/api.w.org\/{rel}","templated":true}]}}