{"id":42589,"date":"2020-01-13T15:49:17","date_gmt":"2020-01-13T18:49:17","guid":{"rendered":"https:\/\/asbaratas.com.br\/loja\/?post_type=product&#038;p=42589"},"modified":"2026-04-17T19:32:30","modified_gmt":"2026-04-17T22:32:30","slug":"seduced-by-the-dark-side-2","status":"publish","type":"product","link":"https:\/\/asbaratas.com.br\/loja\/produto\/seduced-by-the-dark-side-2\/","title":{"rendered":"SEDUCED BY THE DARK SIDE"},"content":{"rendered":"<p>O lado negro da for\u00e7a nunca esteve t\u00e3o sexy sem ser vulgar!<\/p>\n<p>Malha em 100% algod\u00e3o na cor preta com estampa em silk de alta qualidade.<\/p>\n<p>A taxa de encolhimento \u00e9 em m\u00e9dia 3% variando dos m\u00e9todos de lavagem.<\/p>\n<p>DICAS PARA SUA CAMISETA DURAR MUITO:<br \/>\n\u2022 LAVE COM \u00c1GUA FRIA<br \/>\n\u2022 PASSE ELA DO AVESSO<br \/>\n\u2022 N\u00c3O COLOQUE NA M\u00c1QUINA DE SECAR<br \/>\n\u2022 N\u00c3O DEIXE DE MOLHO<br \/>\n\u2022 SEMPRE SEQUE \u00c0 SOMBRA<\/p>\n<p>Arte por BUTCHER BILLY<\/p>\n<p>As camisetas s\u00e3o despachadas em at\u00e9 3 dias \u00fateis.<\/p>\n","protected":false},"excerpt":{"rendered":"<p>O lado negro da for\u00e7a nunca esteve t\u00e3o sexy sem ser vulgar! Malha em 100% algod\u00e3o na cor preta com estampa em silk de alta qualidade. A taxa de encolhimento \u00e9 em m\u00e9dia 3% variando dos m\u00e9todos de lavagem. DICAS PARA SUA CAMISETA DURAR MUITO: \u2022 LAVE COM \u00c1GUA FRIA \u2022 PASSE ELA DO AVESSO [&#8230;]\n","protected":false},"featured_media":42727,"comment_status":"open","ping_status":"closed","template":"","meta":[],"product_brand":[],"product_cat":[83],"product_tag":[800,1381,258,1380,182,181,183,797,1379,801,798,198,555,1378,199,799,328,802,803,804],"class_list":{"0":"post-42589","1":"product","2":"type-product","3":"status-publish","4":"has-post-thumbnail","6":"product_cat-camiseta-reta","7":"product_tag-balboa","8":"product_tag-billy","9":"product_tag-brian","10":"product_tag-butcher","11":"product_tag-camisa","12":"product_tag-camiseta","13":"product_tag-estampa","14":"product_tag-freddie","15":"product_tag-gaga","16":"product_tag-may","17":"product_tag-mercury","18":"product_tag-musica","19":"product_tag-queen","20":"product_tag-radio","21":"product_tag-rock","22":"product_tag-rocky","23":"product_tag-shinkoheo","24":"product_tag-we","25":"product_tag-will","26":"product_tag-you","27":"pa_artista-butcher_billy","28":"pa_cor-preto","29":"pa_tamanho-2g","30":"pa_tamanho-3g","31":"pa_tamanho-4g","32":"pa_tamanho-5g","33":"pa_tamanho-g","34":"pa_tamanho-m","35":"pa_tamanho-p","36":"pa_tamanho-pp","37":"pa_tema-arte","38":"pa_tema-Cinema","39":"pa_tema-Humor","40":"pa_tema-Literatura","41":"pa_tema-Mashup","42":"pa_tema-Parodia","43":"product_type-variable","82":"first","83":"instock","84":"shipping-taxable","85":"purchasable","86":"product-type-variable"},"_links":{"self":[{"href":"https:\/\/asbaratas.com.br\/loja\/wp-json\/wp\/v2\/product\/42589","targetHints":{"allow":["GET"]}}],"collection":[{"href":"https:\/\/asbaratas.com.br\/loja\/wp-json\/wp\/v2\/product"}],"about":[{"href":"https:\/\/asbaratas.com.br\/loja\/wp-json\/wp\/v2\/types\/product"}],"replies":[{"embeddable":true,"href":"https:\/\/asbaratas.com.br\/loja\/wp-json\/wp\/v2\/comments?post=42589"}],"wp:featuredmedia":[{"embeddable":true,"href":"https:\/\/asbaratas.com.br\/loja\/wp-json\/wp\/v2\/media\/42727"}],"wp:attachment":[{"href":"https:\/\/asbaratas.com.br\/loja\/wp-json\/wp\/v2\/media?parent=42589"}],"wp:term":[{"taxonomy":"product_brand","embeddable":true,"href":"https:\/\/asbaratas.com.br\/loja\/wp-json\/wp\/v2\/product_brand?post=42589"},{"taxonomy":"product_cat","embeddable":true,"href":"https:\/\/asbaratas.com.br\/loja\/wp-json\/wp\/v2\/product_cat?post=42589"},{"taxonomy":"product_tag","embeddable":true,"href":"https:\/\/asbaratas.com.br\/loja\/wp-json\/wp\/v2\/product_tag?post=42589"}],"curies":[{"name":"wp","href":"https:\/\/api.w.org\/{rel}","templated":true}]}}