{"id":41833,"date":"2019-12-12T18:46:45","date_gmt":"2019-12-12T21:46:45","guid":{"rendered":"https:\/\/asbaratas.com.br\/loja\/?post_type=product&#038;p=41833"},"modified":"2026-04-17T19:32:48","modified_gmt":"2026-04-17T22:32:48","slug":"morte-crens-copia","status":"publish","type":"product","link":"https:\/\/asbaratas.com.br\/loja\/produto\/morte-crens-copia\/","title":{"rendered":"TOOLS"},"content":{"rendered":"<p>A s\u00e9rie de mang\u00e1s nacional TOOLS CHALLENGE tem sua primeira camiseta aqui!<\/p>\n<p>Malha em 100% algod\u00e3o na cor preta com estampa em silk de alta qualidade.<\/p>\n<p>A taxa de encolhimento \u00e9 em m\u00e9dia 3% variando dos m\u00e9todos de lavagem.<\/p>\n<p>DICAS PARA SUA CAMISETA DURAR MUITO:<br \/>\n\u2022 LAVE COM \u00c1GUA FRIA<br \/>\n\u2022 PASSE ELA DO AVESSO<br \/>\n\u2022 N\u00c3O COLOQUE NA M\u00c1QUINA DE SECAR<br \/>\n\u2022 N\u00c3O DEIXE DE MOLHO<br \/>\n\u2022 SEMPRE SEQUE \u00c0 SOMBRA<\/p>\n<p>Arte por Max Andrade<\/p>\n<p>As camisetas s\u00e3o despachadas em at\u00e9 3 dias \u00fateis.<\/p>\n","protected":false},"excerpt":{"rendered":"<p>A s\u00e9rie de mang\u00e1s nacional TOOLS CHALLENGE tem sua primeira camiseta aqui! Malha em 100% algod\u00e3o na cor preta com estampa em silk de alta qualidade. A taxa de encolhimento \u00e9 em m\u00e9dia 3% variando dos m\u00e9todos de lavagem. DICAS PARA SUA CAMISETA DURAR MUITO: \u2022 LAVE COM \u00c1GUA FRIA \u2022 PASSE ELA DO AVESSO [&#8230;]\n","protected":false},"featured_media":41992,"comment_status":"open","ping_status":"closed","template":"","meta":[],"product_brand":[],"product_cat":[83],"product_tag":[470,211,548,1345,193,1389],"class_list":{"0":"post-41833","1":"product","2":"type-product","3":"status-publish","4":"has-post-thumbnail","6":"product_cat-camiseta-reta","7":"product_tag-draco","8":"product_tag-manga","9":"product_tag-max","10":"product_tag-nacional","11":"product_tag-quadrinhos","12":"product_tag-tools","13":"pa_artista-max","14":"pa_cor-preto","15":"pa_tamanho-2g","16":"pa_tamanho-3g","17":"pa_tamanho-4g","18":"pa_tamanho-5g","19":"pa_tamanho-g","20":"pa_tamanho-m","21":"pa_tamanho-p","22":"pa_tamanho-pp","23":"pa_tema-arte","24":"pa_tema-HQ","25":"pa_tema-Humor","26":"pa_tema-Literatura","27":"pa_tema-oficial","28":"product_type-variable","29":"product_visibility-outofstock","53":"first","54":"outofstock","55":"shipping-taxable","56":"purchasable","57":"product-type-variable"},"_links":{"self":[{"href":"https:\/\/asbaratas.com.br\/loja\/wp-json\/wp\/v2\/product\/41833","targetHints":{"allow":["GET"]}}],"collection":[{"href":"https:\/\/asbaratas.com.br\/loja\/wp-json\/wp\/v2\/product"}],"about":[{"href":"https:\/\/asbaratas.com.br\/loja\/wp-json\/wp\/v2\/types\/product"}],"replies":[{"embeddable":true,"href":"https:\/\/asbaratas.com.br\/loja\/wp-json\/wp\/v2\/comments?post=41833"}],"wp:featuredmedia":[{"embeddable":true,"href":"https:\/\/asbaratas.com.br\/loja\/wp-json\/wp\/v2\/media\/41992"}],"wp:attachment":[{"href":"https:\/\/asbaratas.com.br\/loja\/wp-json\/wp\/v2\/media?parent=41833"}],"wp:term":[{"taxonomy":"product_brand","embeddable":true,"href":"https:\/\/asbaratas.com.br\/loja\/wp-json\/wp\/v2\/product_brand?post=41833"},{"taxonomy":"product_cat","embeddable":true,"href":"https:\/\/asbaratas.com.br\/loja\/wp-json\/wp\/v2\/product_cat?post=41833"},{"taxonomy":"product_tag","embeddable":true,"href":"https:\/\/asbaratas.com.br\/loja\/wp-json\/wp\/v2\/product_tag?post=41833"}],"curies":[{"name":"wp","href":"https:\/\/api.w.org\/{rel}","templated":true}]}}