{"id":41806,"date":"2019-12-12T18:43:27","date_gmt":"2019-12-12T21:43:27","guid":{"rendered":"https:\/\/asbaratas.com.br\/loja\/?post_type=product&#038;p=41806"},"modified":"2025-12-21T01:50:04","modified_gmt":"2025-12-21T04:50:04","slug":"spacez_f","status":"publish","type":"product","link":"https:\/\/asbaratas.com.br\/loja\/produto\/spacez_f\/","title":{"rendered":"SPACE BALL Z"},"content":{"rendered":"<p>Em uma realidade alternativa a batalha pra definir o futuro da humanidade em um jogo de basquete foi um pouco mais oriental&#8230;<\/p>\n<p>Malha mescla em 100% algod\u00e3o na cor cinza preta com estampa em silk de alta qualidade.<\/p>\n<p>A taxa de encolhimento \u00e9 em m\u00e9dia 3% variando dos m\u00e9todos de lavagem.<\/p>\n<p>DICAS PARA SUA CAMISETA DURAR MUITO:<br \/>\n\u2022 LAVE COM \u00c1GUA FRIA<br \/>\n\u2022 PASSE ELA DO AVESSO<br \/>\n\u2022 N\u00c3O COLOQUE NA M\u00c1QUINA DE SECAR<br \/>\n\u2022 N\u00c3O DEIXE DE MOLHO<br \/>\n\u2022 SEMPRE SEQUE \u00c0 SOMBRA<\/p>\n<p>Arte por Max Andrade<\/p>\n<p>As camisetas s\u00e3o despachadas em at\u00e9 3 dias \u00fateis.<\/p>\n","protected":false},"excerpt":{"rendered":"<p>Em uma realidade alternativa a batalha pra definir o futuro da humanidade em um jogo de basquete foi um pouco mais oriental&#8230; Malha mescla em 100% algod\u00e3o na cor cinza preta com estampa em silk de alta qualidade. A taxa de encolhimento \u00e9 em m\u00e9dia 3% variando dos m\u00e9todos de lavagem. DICAS PARA SUA CAMISETA [&#8230;]\n","protected":false},"featured_media":41994,"comment_status":"open","ping_status":"closed","template":"","meta":[],"product_brand":[],"product_cat":[72,74],"product_tag":[220,182,181,183,957,958,368,211,719,724,959,728,725,723,955,956],"class_list":{"0":"post-41806","1":"product","2":"type-product","3":"status-publish","4":"has-post-thumbnail","6":"product_cat-feminina","7":"product_cat-mullet","8":"product_tag-anime","9":"product_tag-camisa","10":"product_tag-camiseta","11":"product_tag-estampa","12":"product_tag-hakusho","13":"product_tag-hue","14":"product_tag-manchete","15":"product_tag-manga","16":"product_tag-pato","17":"product_tag-soco","18":"product_tag-toguro","19":"product_tag-training","20":"product_tag-treinamento","21":"product_tag-um","22":"product_tag-yu","23":"product_tag-yuyu","24":"pa_artista-max","25":"pa_cor-preto","26":"pa_tamanho-2g","27":"pa_tamanho-3g","28":"pa_tamanho-4g","29":"pa_tamanho-5g","30":"pa_tamanho-g","31":"pa_tamanho-m","32":"pa_tamanho-p","33":"pa_tamanho-pp","34":"pa_tema-arte","35":"pa_tema-Cinema","36":"pa_tema-DesenhoAnimado","37":"pa_tema-Mashup","38":"pa_tema-Oriental","39":"pa_tema-Parodia","40":"product_type-variable","71":"pa_tema-Desenho Animado","76":"first","77":"instock","78":"shipping-taxable","79":"purchasable","80":"product-type-variable"},"_links":{"self":[{"href":"https:\/\/asbaratas.com.br\/loja\/wp-json\/wp\/v2\/product\/41806","targetHints":{"allow":["GET"]}}],"collection":[{"href":"https:\/\/asbaratas.com.br\/loja\/wp-json\/wp\/v2\/product"}],"about":[{"href":"https:\/\/asbaratas.com.br\/loja\/wp-json\/wp\/v2\/types\/product"}],"replies":[{"embeddable":true,"href":"https:\/\/asbaratas.com.br\/loja\/wp-json\/wp\/v2\/comments?post=41806"}],"wp:featuredmedia":[{"embeddable":true,"href":"https:\/\/asbaratas.com.br\/loja\/wp-json\/wp\/v2\/media\/41994"}],"wp:attachment":[{"href":"https:\/\/asbaratas.com.br\/loja\/wp-json\/wp\/v2\/media?parent=41806"}],"wp:term":[{"taxonomy":"product_brand","embeddable":true,"href":"https:\/\/asbaratas.com.br\/loja\/wp-json\/wp\/v2\/product_brand?post=41806"},{"taxonomy":"product_cat","embeddable":true,"href":"https:\/\/asbaratas.com.br\/loja\/wp-json\/wp\/v2\/product_cat?post=41806"},{"taxonomy":"product_tag","embeddable":true,"href":"https:\/\/asbaratas.com.br\/loja\/wp-json\/wp\/v2\/product_tag?post=41806"}],"curies":[{"name":"wp","href":"https:\/\/api.w.org\/{rel}","templated":true}]}}