{"id":4046,"date":"2017-03-15T01:26:42","date_gmt":"2017-03-15T04:26:42","guid":{"rendered":"http:\/\/ZAPPA_COMIX"},"modified":"2025-12-10T19:42:46","modified_gmt":"2025-12-10T22:42:46","slug":"zappa_comix","status":"publish","type":"product","link":"https:\/\/asbaratas.com.br\/loja\/produto\/zappa_comix\/","title":{"rendered":"ZAPPA COMIX"},"content":{"rendered":"<p>A camiseta para os f\u00e3 da nata dos quadrinhos undergrounds e do grande mestre da loucura musical Frank Zappa!<\/p>\n<p>Malha em 100% algod\u00e3o na cor azul com estampa em silk de alta qualidade.<\/p>\n<p>A taxa de encolhimento \u00e9 em m\u00e9dia 3% variando dos m\u00e9todos de lavagem.<\/p>\n<p>DICAS PARA SUA CAMISETA DURAR MUITO:<br \/>\n\u2022 LAVE COM \u00c1GUA FRIA<br \/>\n\u2022 PASSE ELA DO AVESSO<br \/>\n\u2022 N\u00c3O COLOQUE NA M\u00c1QUINA DE SECAR<br \/>\n\u2022 N\u00c3O DEIXE DE MOLHO<br \/>\n\u2022 SEMPRE SEQUE \u00c0 SOMBRA<\/p>\n<p>Arte por Marcatti<\/p>\n<p>As camisetas s\u00e3o despachadas em at\u00e9 3 dias \u00fateis.<\/p>\n","protected":false},"excerpt":{"rendered":"<p>A camiseta para os f\u00e3 da nata dos quadrinhos undergrounds e do grande mestre da loucura musical Frank Zappa! Malha em 100% algod\u00e3o na cor azul com estampa em silk de alta qualidade. A taxa de encolhimento \u00e9 em m\u00e9dia 3% variando dos m\u00e9todos de lavagem. DICAS PARA SUA CAMISETA DURAR MUITO: \u2022 LAVE COM [&#8230;]\n","protected":false},"featured_media":4047,"comment_status":"open","ping_status":"closed","template":"","meta":[],"product_brand":[],"product_cat":[83],"product_tag":[182,181,930,929,931,183,484,926,297,199,927,928],"class_list":{"0":"post-4046","1":"product","2":"type-product","3":"status-publish","4":"has-post-thumbnail","6":"product_cat-camiseta-reta","7":"product_tag-camisa","8":"product_tag-camiseta","9":"product_tag-comic","10":"product_tag-comix","11":"product_tag-crumb","12":"product_tag-estampa","13":"product_tag-frank","14":"product_tag-marcatti","15":"product_tag-robert","16":"product_tag-rock","17":"product_tag-zap","18":"product_tag-zappa","19":"pa_artista-marcatti","20":"pa_cor-azul","21":"pa_tamanho-2g","22":"pa_tamanho-3g","23":"pa_tamanho-4g","24":"pa_tamanho-g","25":"pa_tamanho-m","26":"pa_tamanho-p","27":"pa_tema-Humor","28":"pa_tema-Musica","29":"product_type-variable","30":"product_visibility-outofstock","55":"first","56":"outofstock","57":"shipping-taxable","58":"purchasable","59":"product-type-variable"},"_links":{"self":[{"href":"https:\/\/asbaratas.com.br\/loja\/wp-json\/wp\/v2\/product\/4046","targetHints":{"allow":["GET"]}}],"collection":[{"href":"https:\/\/asbaratas.com.br\/loja\/wp-json\/wp\/v2\/product"}],"about":[{"href":"https:\/\/asbaratas.com.br\/loja\/wp-json\/wp\/v2\/types\/product"}],"replies":[{"embeddable":true,"href":"https:\/\/asbaratas.com.br\/loja\/wp-json\/wp\/v2\/comments?post=4046"}],"wp:featuredmedia":[{"embeddable":true,"href":"https:\/\/asbaratas.com.br\/loja\/wp-json\/wp\/v2\/media\/4047"}],"wp:attachment":[{"href":"https:\/\/asbaratas.com.br\/loja\/wp-json\/wp\/v2\/media?parent=4046"}],"wp:term":[{"taxonomy":"product_brand","embeddable":true,"href":"https:\/\/asbaratas.com.br\/loja\/wp-json\/wp\/v2\/product_brand?post=4046"},{"taxonomy":"product_cat","embeddable":true,"href":"https:\/\/asbaratas.com.br\/loja\/wp-json\/wp\/v2\/product_cat?post=4046"},{"taxonomy":"product_tag","embeddable":true,"href":"https:\/\/asbaratas.com.br\/loja\/wp-json\/wp\/v2\/product_tag?post=4046"}],"curies":[{"name":"wp","href":"https:\/\/api.w.org\/{rel}","templated":true}]}}