{"id":4019,"date":"2017-03-15T01:26:25","date_gmt":"2017-03-15T04:26:25","guid":{"rendered":"http:\/\/XAVIER_MASC"},"modified":"2025-12-10T19:42:42","modified_gmt":"2025-12-10T22:42:42","slug":"xavier","status":"publish","type":"product","link":"https:\/\/asbaratas.com.br\/loja\/produto\/xavier\/","title":{"rendered":"XAVIER INSTITUTE"},"content":{"rendered":"<p>A camiseta dos alunos do Instituto Xavier agora pode ser sua!<\/p>\n<p>Malha em 50% algod\u00e3o 50% poli\u00e9ster na cor cinza-mescla. Tecido com acabamento &#8220;peach skin&#8221; com toque mais suave e mais dif\u00edcil de amassar. Estampa em silk de alta qualidade.<\/p>\n<p>A taxa de encolhimento \u00e9 em m\u00e9dia 3% variando dos m\u00e9todos de lavagem.<\/p>\n<p>DICAS PARA SUA CAMISETA DURAR MUITO:<br \/>\n\u2022 LAVE COM \u00c1GUA FRIA<br \/>\n\u2022 PASSE ELA DO AVESSO<br \/>\n\u2022 N\u00c3O COLOQUE NA M\u00c1QUINA DE SECAR<br \/>\n\u2022 N\u00c3O DEIXE DE MOLHO<br \/>\n\u2022 SEMPRE SEQUE \u00c0 SOMBRA<\/p>\n<p>Arte por Shin Koheo<\/p>\n<p>As camisetas s\u00e3o despachadas em at\u00e9 3 dias \u00fateis.<\/p>\n","protected":false},"excerpt":{"rendered":"<p>A camiseta dos alunos do Instituto Xavier agora pode ser sua! Malha em 50% algod\u00e3o 50% poli\u00e9ster na cor cinza-mescla. Tecido com acabamento &#8220;peach skin&#8221; com toque mais suave e mais dif\u00edcil de amassar. Estampa em silk de alta qualidade. A taxa de encolhimento \u00e9 em m\u00e9dia 3% variando dos m\u00e9todos de lavagem. DICAS PARA [&#8230;]\n","protected":false},"featured_media":4020,"comment_status":"open","ping_status":"closed","template":"","meta":[],"product_brand":[],"product_cat":[83],"product_tag":[182,181,704,194,183,705,195,191,190,701,370,702,328,503,196,699,697,700,703,698],"class_list":{"0":"post-4019","1":"product","2":"type-product","3":"status-publish","4":"has-post-thumbnail","6":"product_cat-camiseta-reta","7":"product_tag-camisa","8":"product_tag-camiseta","9":"product_tag-ciclope","10":"product_tag-comics","11":"product_tag-estampa","12":"product_tag-fenix","13":"product_tag-gibi","14":"product_tag-historia-em-quadrinhos","15":"product_tag-hq","16":"product_tag-instituto","17":"product_tag-marvel","18":"product_tag-mutante","19":"product_tag-shinkoheo","20":"product_tag-tempestade","21":"product_tag-wolverine","22":"product_tag-x-man","23":"product_tag-x-men","24":"product_tag-xavier","25":"product_tag-xman","26":"product_tag-xmen","27":"pa_artista-barata","28":"pa_cor-cinza","29":"pa_tamanho-2g","30":"pa_tamanho-3g","31":"pa_tamanho-4g","32":"pa_tamanho-g","33":"pa_tamanho-m","34":"pa_tamanho-p","35":"pa_tema-Cinema","36":"pa_tema-DesenhoAnimado","37":"pa_tema-HQ","38":"product_type-variable","39":"product_visibility-outofstock","70":"pa_tema-Desenho Animado","73":"first","74":"outofstock","75":"shipping-taxable","76":"purchasable","77":"product-type-variable"},"_links":{"self":[{"href":"https:\/\/asbaratas.com.br\/loja\/wp-json\/wp\/v2\/product\/4019","targetHints":{"allow":["GET"]}}],"collection":[{"href":"https:\/\/asbaratas.com.br\/loja\/wp-json\/wp\/v2\/product"}],"about":[{"href":"https:\/\/asbaratas.com.br\/loja\/wp-json\/wp\/v2\/types\/product"}],"replies":[{"embeddable":true,"href":"https:\/\/asbaratas.com.br\/loja\/wp-json\/wp\/v2\/comments?post=4019"}],"wp:featuredmedia":[{"embeddable":true,"href":"https:\/\/asbaratas.com.br\/loja\/wp-json\/wp\/v2\/media\/4020"}],"wp:attachment":[{"href":"https:\/\/asbaratas.com.br\/loja\/wp-json\/wp\/v2\/media?parent=4019"}],"wp:term":[{"taxonomy":"product_brand","embeddable":true,"href":"https:\/\/asbaratas.com.br\/loja\/wp-json\/wp\/v2\/product_brand?post=4019"},{"taxonomy":"product_cat","embeddable":true,"href":"https:\/\/asbaratas.com.br\/loja\/wp-json\/wp\/v2\/product_cat?post=4019"},{"taxonomy":"product_tag","embeddable":true,"href":"https:\/\/asbaratas.com.br\/loja\/wp-json\/wp\/v2\/product_tag?post=4019"}],"curies":[{"name":"wp","href":"https:\/\/api.w.org\/{rel}","templated":true}]}}